{"id":14820,"date":"2023-10-27T00:39:40","date_gmt":"2023-10-26T23:39:40","guid":{"rendered":"https:\/\/baralivres.ma\/?post_type=product&#038;p=14820"},"modified":"2023-10-27T00:39:41","modified_gmt":"2023-10-26T23:39:41","slug":"murene","status":"publish","type":"product","link":"https:\/\/baralivres.ma\/?product=murene","title":{"rendered":"Mur\u00e8ne"},"content":{"rendered":"<p>En hiver 1956, dans les Ardennes, un jeune homme de vingt-deux ans du nom de Fran\u00e7ois s&rsquo;aventure dans la neige en direction des bois, \u00e0 la recherche d&rsquo;un village. Alors qu&rsquo;il croise une voie ferr\u00e9e apparemment abandonn\u00e9e, il d\u00e9cide de monter \u00e0 bord d&rsquo;un wagon oubli\u00e9. Quelques heures plus tard, une petite fille d\u00e9couvre Fran\u00e7ois gisant \u00e0 moiti\u00e9 inconscient, allong\u00e9 en forme d&rsquo;\u00e9toile dans la neige, en partie br\u00fbl\u00e9.<\/p>\n<p>Quel sera le destin de ce bless\u00e9 que les m\u00e9decins estiment condamn\u00e9 ? Comment son corps sera-t-il mis \u00e0 l&rsquo;\u00e9preuve ? Que r\u00e9serve l&rsquo;avenir lorsque chaque mouvement doit \u00eatre r\u00e9invent\u00e9, passant ainsi d&rsquo;un \u00e9tat de refus de soi \u00e0 un d\u00e9sir de continuer ?<\/p>\n","protected":false},"excerpt":{"rendered":"<p>En hiver 1956, Fran\u00e7ois, un jeune homme, gravement bless\u00e9, survit apr\u00e8s un incident ferroviaire, red\u00e9couvrant la vie.<\/p>\n","protected":false},"featured_media":14821,"comment_status":"open","ping_status":"closed","template":"","meta":{"inline_featured_image":false},"product_cat":[204,143],"product_tag":[],"class_list":{"0":"post-14820","1":"product","2":"type-product","3":"status-publish","4":"has-post-thumbnail","6":"product_cat-francais","7":"product_cat-roman","8":"pa_auteurs-valentine-goby","10":"first","11":"instock","12":"shipping-taxable","13":"purchasable","14":"product-type-simple"},"_links":{"self":[{"href":"https:\/\/baralivres.ma\/index.php?rest_route=\/wp\/v2\/product\/14820","targetHints":{"allow":["GET"]}}],"collection":[{"href":"https:\/\/baralivres.ma\/index.php?rest_route=\/wp\/v2\/product"}],"about":[{"href":"https:\/\/baralivres.ma\/index.php?rest_route=\/wp\/v2\/types\/product"}],"replies":[{"embeddable":true,"href":"https:\/\/baralivres.ma\/index.php?rest_route=%2Fwp%2Fv2%2Fcomments&post=14820"}],"version-history":[{"count":1,"href":"https:\/\/baralivres.ma\/index.php?rest_route=\/wp\/v2\/product\/14820\/revisions"}],"predecessor-version":[{"id":14822,"href":"https:\/\/baralivres.ma\/index.php?rest_route=\/wp\/v2\/product\/14820\/revisions\/14822"}],"wp:featuredmedia":[{"embeddable":true,"href":"https:\/\/baralivres.ma\/index.php?rest_route=\/wp\/v2\/media\/14821"}],"wp:attachment":[{"href":"https:\/\/baralivres.ma\/index.php?rest_route=%2Fwp%2Fv2%2Fmedia&parent=14820"}],"wp:term":[{"taxonomy":"product_cat","embeddable":true,"href":"https:\/\/baralivres.ma\/index.php?rest_route=%2Fwp%2Fv2%2Fproduct_cat&post=14820"},{"taxonomy":"product_tag","embeddable":true,"href":"https:\/\/baralivres.ma\/index.php?rest_route=%2Fwp%2Fv2%2Fproduct_tag&post=14820"}],"curies":[{"name":"wp","href":"https:\/\/api.w.org\/{rel}","templated":true}]}}