{"id":14817,"date":"2023-10-27T00:34:06","date_gmt":"2023-10-26T23:34:06","guid":{"rendered":"https:\/\/baralivres.ma\/?post_type=product&#038;p=14817"},"modified":"2023-10-27T00:34:06","modified_gmt":"2023-10-26T23:34:06","slug":"le-retour-de-lilith","status":"publish","type":"product","link":"https:\/\/baralivres.ma\/?product=le-retour-de-lilith","title":{"rendered":"Le Retour de Lilith"},"content":{"rendered":"<p>Lilith, la premi\u00e8re femme, a quitt\u00e9 le paradis car elle refusait de se soumettre \u00e0 l&rsquo;homme et se consid\u00e9rait comme son \u00e9gale. Depuis, elle est devenue le symbole de la f\u00e9minit\u00e9 glorieuse, ind\u00e9pendante, puissante et libre. Il n&rsquo;est donc pas surprenant de voir l&rsquo;autrice de \u00ab\u00a0J&rsquo;ai tu\u00e9 Sch\u00e9h\u00e9razade\u00a0\u00bb s&rsquo;identifier \u00e0 cette figure envo\u00fbtante pour explorer la f\u00e9minit\u00e9 \u00e9panouie, o\u00f9 la femme est l&rsquo;\u00e9gale de l&rsquo;homme en mati\u00e8re de d\u00e9sir et d&rsquo;accomplissement.\u00a0\u00bb<\/p>\n","protected":false},"excerpt":{"rendered":"<p>Lilith, premi\u00e8re femme rebelle, inspire l&rsquo;autrice de \u00ab\u00a0J&rsquo;ai tu\u00e9 Sch\u00e9h\u00e9razade\u00a0\u00bb pour c\u00e9l\u00e9brer la f\u00e9minit\u00e9 \u00e9gale et puissante.<\/p>\n","protected":false},"featured_media":14818,"comment_status":"open","ping_status":"closed","template":"","meta":{"inline_featured_image":false},"product_cat":[204,143],"product_tag":[],"class_list":{"0":"post-14817","1":"product","2":"type-product","3":"status-publish","4":"has-post-thumbnail","6":"product_cat-francais","7":"product_cat-roman","8":"pa_auteurs-joumana-haddad","10":"first","11":"instock","12":"shipping-taxable","13":"purchasable","14":"product-type-simple"},"_links":{"self":[{"href":"https:\/\/baralivres.ma\/index.php?rest_route=\/wp\/v2\/product\/14817","targetHints":{"allow":["GET"]}}],"collection":[{"href":"https:\/\/baralivres.ma\/index.php?rest_route=\/wp\/v2\/product"}],"about":[{"href":"https:\/\/baralivres.ma\/index.php?rest_route=\/wp\/v2\/types\/product"}],"replies":[{"embeddable":true,"href":"https:\/\/baralivres.ma\/index.php?rest_route=%2Fwp%2Fv2%2Fcomments&post=14817"}],"version-history":[{"count":1,"href":"https:\/\/baralivres.ma\/index.php?rest_route=\/wp\/v2\/product\/14817\/revisions"}],"predecessor-version":[{"id":14819,"href":"https:\/\/baralivres.ma\/index.php?rest_route=\/wp\/v2\/product\/14817\/revisions\/14819"}],"wp:featuredmedia":[{"embeddable":true,"href":"https:\/\/baralivres.ma\/index.php?rest_route=\/wp\/v2\/media\/14818"}],"wp:attachment":[{"href":"https:\/\/baralivres.ma\/index.php?rest_route=%2Fwp%2Fv2%2Fmedia&parent=14817"}],"wp:term":[{"taxonomy":"product_cat","embeddable":true,"href":"https:\/\/baralivres.ma\/index.php?rest_route=%2Fwp%2Fv2%2Fproduct_cat&post=14817"},{"taxonomy":"product_tag","embeddable":true,"href":"https:\/\/baralivres.ma\/index.php?rest_route=%2Fwp%2Fv2%2Fproduct_tag&post=14817"}],"curies":[{"name":"wp","href":"https:\/\/api.w.org\/{rel}","templated":true}]}}