{"id":14810,"date":"2023-10-26T23:56:13","date_gmt":"2023-10-26T22:56:13","guid":{"rendered":"https:\/\/baralivres.ma\/?post_type=product&#038;p=14810"},"modified":"2023-10-26T23:56:13","modified_gmt":"2023-10-26T22:56:13","slug":"le-livre-des-reines","status":"publish","type":"product","link":"https:\/\/baralivres.ma\/?product=le-livre-des-reines","title":{"rendered":"Le Livre des Reines"},"content":{"rendered":"<p>Le Livre des Reines\u00a0\u00bb relate une saga familiale \u00e9tal\u00e9e sur quatre g\u00e9n\u00e9rations de femmes, prises dans les tourments tragiques des conflits au Moyen-Orient, du g\u00e9nocide arm\u00e9nien aux tensions isra\u00e9lo-palestiniennes, en passant par les affrontements entre chr\u00e9tiens et musulmans au Liban et en Syrie. Les personnages principales, Qayah, Qana, Qadar et Qamar, se trouvent \u00e0 \u00eatre les r\u00e9sultats d&rsquo;une distribution al\u00e9atoire du destin, mais elles constituent les diff\u00e9rentes branches d&rsquo;un m\u00eame arbre g\u00e9n\u00e9alogique enracin\u00e9 dans leurs terres d&rsquo;origine, malgr\u00e9 les adversit\u00e9s qui tentent \u00e0 maintes reprises de les emporter. Cette lign\u00e9e de femmes aux cheveux roux demeure unie par les liens du sang, et d\u00e9gage une in\u00e9branlable force et r\u00e9silience. Avec une \u00e9criture raffin\u00e9e, tout en retenue et \u00e9l\u00e9gante, Joumana Haddad cr\u00e9e un roman d&rsquo;une intensit\u00e9 extraordinaire.<\/p>\n","protected":false},"excerpt":{"rendered":"<p>Saga familiale Moyen-Orient, femmes luttant g\u00e9n\u00e9rations, force r\u00e9silience, \u00e9criture raffin\u00e9e, Joumana Haddad, intensit\u00e9 extraordinaire.<\/p>\n","protected":false},"featured_media":14811,"comment_status":"open","ping_status":"closed","template":"","meta":{"inline_featured_image":false},"product_cat":[204,143],"product_tag":[],"class_list":{"0":"post-14810","1":"product","2":"type-product","3":"status-publish","4":"has-post-thumbnail","6":"product_cat-francais","7":"product_cat-roman","8":"pa_auteurs-joumana-haddad","10":"first","11":"instock","12":"shipping-taxable","13":"purchasable","14":"product-type-simple"},"_links":{"self":[{"href":"https:\/\/baralivres.ma\/index.php?rest_route=\/wp\/v2\/product\/14810","targetHints":{"allow":["GET"]}}],"collection":[{"href":"https:\/\/baralivres.ma\/index.php?rest_route=\/wp\/v2\/product"}],"about":[{"href":"https:\/\/baralivres.ma\/index.php?rest_route=\/wp\/v2\/types\/product"}],"replies":[{"embeddable":true,"href":"https:\/\/baralivres.ma\/index.php?rest_route=%2Fwp%2Fv2%2Fcomments&post=14810"}],"version-history":[{"count":1,"href":"https:\/\/baralivres.ma\/index.php?rest_route=\/wp\/v2\/product\/14810\/revisions"}],"predecessor-version":[{"id":14812,"href":"https:\/\/baralivres.ma\/index.php?rest_route=\/wp\/v2\/product\/14810\/revisions\/14812"}],"wp:featuredmedia":[{"embeddable":true,"href":"https:\/\/baralivres.ma\/index.php?rest_route=\/wp\/v2\/media\/14811"}],"wp:attachment":[{"href":"https:\/\/baralivres.ma\/index.php?rest_route=%2Fwp%2Fv2%2Fmedia&parent=14810"}],"wp:term":[{"taxonomy":"product_cat","embeddable":true,"href":"https:\/\/baralivres.ma\/index.php?rest_route=%2Fwp%2Fv2%2Fproduct_cat&post=14810"},{"taxonomy":"product_tag","embeddable":true,"href":"https:\/\/baralivres.ma\/index.php?rest_route=%2Fwp%2Fv2%2Fproduct_tag&post=14810"}],"curies":[{"name":"wp","href":"https:\/\/api.w.org\/{rel}","templated":true}]}}