{"id":14807,"date":"2023-10-26T23:52:49","date_gmt":"2023-10-26T22:52:49","guid":{"rendered":"https:\/\/baralivres.ma\/?post_type=product&#038;p=14807"},"modified":"2023-10-26T23:52:49","modified_gmt":"2023-10-26T22:52:49","slug":"le-peintre-devorant-la-femme","status":"publish","type":"product","link":"https:\/\/baralivres.ma\/?product=le-peintre-devorant-la-femme","title":{"rendered":"Le Peintre d\u00e9vorant la femme"},"content":{"rendered":"<p>Invit\u00e9 \u00e0 passer une nuit dans le mus\u00e9e Picasso \u00e0 l&rsquo;automne 2017 lors de l&rsquo;exposition \u00ab\u00a0Picasso 1932, ann\u00e9e \u00e9rotique\u00a0\u00bb, Kamel Daoud a tir\u00e9 de cette exp\u00e9rience un r\u00e9cit dans lequel il met en contraste les perceptions du corps, du d\u00e9sir, de la nudit\u00e9, de l&rsquo;amour, du plaisir et de la libert\u00e9 entre un artiste et un djihadiste. Il a ainsi cr\u00e9\u00e9 le personnage d&rsquo;Abdellah, un fondamentaliste charg\u00e9 de d\u00e9truire les \u0153uvres de Picasso au sein du mus\u00e9e. En se promenant parmi les toiles de l&rsquo;artiste, Abdellah est tourment\u00e9 par la mani\u00e8re dont ces \u0153uvres remettent en question sa vision du monde et de l&rsquo;Autre. Ce r\u00e9cit pose la question de savoir si l&rsquo;art a le pouvoir de gu\u00e9rir un individu de la violence et de l&rsquo;orienter vers une pr\u00e9f\u00e9rence pour la vie terrestre plut\u00f4t que de fantasmer la f\u00e9licit\u00e9 dans l&rsquo;au-del\u00e0.<\/p>\n","protected":false},"excerpt":{"rendered":"<p>Kamel Daoud explore l&rsquo;influence de l&rsquo;art sur un djihadiste dans le mus\u00e9e Picasso lors d&rsquo;une nuit.<\/p>\n","protected":false},"featured_media":14808,"comment_status":"open","ping_status":"closed","template":"","meta":{"inline_featured_image":false},"product_cat":[204,143],"product_tag":[],"class_list":{"0":"post-14807","1":"product","2":"type-product","3":"status-publish","4":"has-post-thumbnail","6":"product_cat-francais","7":"product_cat-roman","8":"pa_auteurs-kamel-daoud","10":"first","11":"instock","12":"shipping-taxable","13":"purchasable","14":"product-type-simple"},"_links":{"self":[{"href":"https:\/\/baralivres.ma\/index.php?rest_route=\/wp\/v2\/product\/14807","targetHints":{"allow":["GET"]}}],"collection":[{"href":"https:\/\/baralivres.ma\/index.php?rest_route=\/wp\/v2\/product"}],"about":[{"href":"https:\/\/baralivres.ma\/index.php?rest_route=\/wp\/v2\/types\/product"}],"replies":[{"embeddable":true,"href":"https:\/\/baralivres.ma\/index.php?rest_route=%2Fwp%2Fv2%2Fcomments&post=14807"}],"version-history":[{"count":1,"href":"https:\/\/baralivres.ma\/index.php?rest_route=\/wp\/v2\/product\/14807\/revisions"}],"predecessor-version":[{"id":14809,"href":"https:\/\/baralivres.ma\/index.php?rest_route=\/wp\/v2\/product\/14807\/revisions\/14809"}],"wp:featuredmedia":[{"embeddable":true,"href":"https:\/\/baralivres.ma\/index.php?rest_route=\/wp\/v2\/media\/14808"}],"wp:attachment":[{"href":"https:\/\/baralivres.ma\/index.php?rest_route=%2Fwp%2Fv2%2Fmedia&parent=14807"}],"wp:term":[{"taxonomy":"product_cat","embeddable":true,"href":"https:\/\/baralivres.ma\/index.php?rest_route=%2Fwp%2Fv2%2Fproduct_cat&post=14807"},{"taxonomy":"product_tag","embeddable":true,"href":"https:\/\/baralivres.ma\/index.php?rest_route=%2Fwp%2Fv2%2Fproduct_tag&post=14807"}],"curies":[{"name":"wp","href":"https:\/\/api.w.org\/{rel}","templated":true}]}}