{"id":14804,"date":"2023-10-26T23:49:25","date_gmt":"2023-10-26T22:49:25","guid":{"rendered":"https:\/\/baralivres.ma\/?post_type=product&#038;p=14804"},"modified":"2023-10-26T23:49:25","modified_gmt":"2023-10-26T22:49:25","slug":"meursault-contre-enquete","status":"publish","type":"product","link":"https:\/\/baralivres.ma\/?product=meursault-contre-enquete","title":{"rendered":"Meursault, contre-enqu\u00eate"},"content":{"rendered":"<p>L&rsquo;individu qui exprime sa pens\u00e9e de mani\u00e8re solitaire dans un bar, nuit apr\u00e8s nuit, est en r\u00e9alit\u00e9 le fr\u00e8re de l&rsquo;homme arabe dont la vie a \u00e9t\u00e9 prise par un certain Meursault dans un c\u00e9l\u00e8bre roman du XXe si\u00e8cle. \u00c0 pr\u00e9sent, soixante-dix ans apr\u00e8s cette trag\u00e9die, il reste anim\u00e9 par une rage et une frustration in\u00e9branlables, mais il accomplit l&rsquo;acte de restituer une identit\u00e9 et une histoire \u00e0 son d\u00e9funt fr\u00e8re qui \u00e9tait jusque-l\u00e0 simplement d\u00e9sign\u00e9 comme \u00ab\u00a0l&rsquo;Arabe.\u00a0\u00bb Ce roman qui explore les h\u00e9ritages qui influencent le pr\u00e9sent et met en avant le pouvoir extraordinaire de la litt\u00e9rature pour refl\u00e9ter la r\u00e9alit\u00e9 a connu un immense succ\u00e8s. Il a \u00e9t\u00e9 traduit dans une multitude de langues \u00e0 travers le monde.<\/p>\n","protected":false},"excerpt":{"rendered":"<p>Fr\u00e8re de l&rsquo;Arabe tu\u00e9 par Meursault r\u00e9v\u00e8le son identit\u00e9, explorant h\u00e9ritage et litt\u00e9rature, succ\u00e8s mondial.<\/p>\n","protected":false},"featured_media":14805,"comment_status":"open","ping_status":"closed","template":"","meta":{"inline_featured_image":false},"product_cat":[204,143],"product_tag":[],"class_list":{"0":"post-14804","1":"product","2":"type-product","3":"status-publish","4":"has-post-thumbnail","6":"product_cat-francais","7":"product_cat-roman","8":"pa_auteurs-kamel-daoud","10":"first","11":"instock","12":"shipping-taxable","13":"purchasable","14":"product-type-simple"},"_links":{"self":[{"href":"https:\/\/baralivres.ma\/index.php?rest_route=\/wp\/v2\/product\/14804","targetHints":{"allow":["GET"]}}],"collection":[{"href":"https:\/\/baralivres.ma\/index.php?rest_route=\/wp\/v2\/product"}],"about":[{"href":"https:\/\/baralivres.ma\/index.php?rest_route=\/wp\/v2\/types\/product"}],"replies":[{"embeddable":true,"href":"https:\/\/baralivres.ma\/index.php?rest_route=%2Fwp%2Fv2%2Fcomments&post=14804"}],"version-history":[{"count":1,"href":"https:\/\/baralivres.ma\/index.php?rest_route=\/wp\/v2\/product\/14804\/revisions"}],"predecessor-version":[{"id":14806,"href":"https:\/\/baralivres.ma\/index.php?rest_route=\/wp\/v2\/product\/14804\/revisions\/14806"}],"wp:featuredmedia":[{"embeddable":true,"href":"https:\/\/baralivres.ma\/index.php?rest_route=\/wp\/v2\/media\/14805"}],"wp:attachment":[{"href":"https:\/\/baralivres.ma\/index.php?rest_route=%2Fwp%2Fv2%2Fmedia&parent=14804"}],"wp:term":[{"taxonomy":"product_cat","embeddable":true,"href":"https:\/\/baralivres.ma\/index.php?rest_route=%2Fwp%2Fv2%2Fproduct_cat&post=14804"},{"taxonomy":"product_tag","embeddable":true,"href":"https:\/\/baralivres.ma\/index.php?rest_route=%2Fwp%2Fv2%2Fproduct_tag&post=14804"}],"curies":[{"name":"wp","href":"https:\/\/api.w.org\/{rel}","templated":true}]}}