{"id":14798,"date":"2023-10-26T23:37:13","date_gmt":"2023-10-26T22:37:13","guid":{"rendered":"https:\/\/baralivres.ma\/?post_type=product&#038;p=14798"},"modified":"2023-10-26T23:37:14","modified_gmt":"2023-10-26T22:37:14","slug":"le-collier-de-la-colombe","status":"publish","type":"product","link":"https:\/\/baralivres.ma\/?product=le-collier-de-la-colombe","title":{"rendered":"Le Collier de la colombe"},"content":{"rendered":"<p>L&rsquo;amour peut \u00eatre consid\u00e9r\u00e9 comme une force tumultueuse, une source de conflit int\u00e9rieur, une guerre intime. Aimer, c&rsquo;est faire un choix exclusif en faveur d&rsquo;une seule personne parmi toutes les autres, une personne qui se distingue par l&rsquo;affection unique qu&rsquo;on lui porte. Cela donne un sens particulier aux gestes, aux signes et aux mots, car l&rsquo;amoureux se trouve en marge de la soci\u00e9t\u00e9 du partage, semblable \u00e0 un \u00e9tranger dans une cit\u00e9 dont il conteste les lois et les coutumes. Seule une puissance telle que l&rsquo;amour peut tisser des liens durables dans la m\u00e9moire, capables de subsister m\u00eame apr\u00e8s que les liens du quotidien ont \u00e9t\u00e9 rompus. Comme le dit l&rsquo;adage, \u00ab\u00a0L&rsquo;amour commence par des jeux l\u00e9gers et aboutit \u00e0 des sentiments profonds.\u00a0\u00bb Ce trait\u00e9 universel m\u00eale r\u00e9flexions, souvenirs et po\u00e8mes pour aborder toutes les phases d&rsquo;une relation amoureuse, depuis les d\u00e9buts passionn\u00e9s jusqu&rsquo;aux \u00e9preuves de la trahison, de la s\u00e9paration, voire&#8230; de l&rsquo;abstinence.<\/p>\n","protected":false},"excerpt":{"rendered":"<p>L&rsquo;amour est un conflit int\u00e9rieur, un choix exclusif, une exp\u00e9rience complexe racont\u00e9e \u00e0 travers r\u00e9flexions et po\u00e8mes.<\/p>\n","protected":false},"featured_media":14799,"comment_status":"open","ping_status":"closed","template":"","meta":{"inline_featured_image":false},"product_cat":[204,143],"product_tag":[],"class_list":{"0":"post-14798","1":"product","2":"type-product","3":"status-publish","4":"has-post-thumbnail","6":"product_cat-francais","7":"product_cat-roman","8":"pa_auteurs-ibn-zahm","10":"first","11":"instock","12":"shipping-taxable","13":"purchasable","14":"product-type-simple"},"_links":{"self":[{"href":"https:\/\/baralivres.ma\/index.php?rest_route=\/wp\/v2\/product\/14798","targetHints":{"allow":["GET"]}}],"collection":[{"href":"https:\/\/baralivres.ma\/index.php?rest_route=\/wp\/v2\/product"}],"about":[{"href":"https:\/\/baralivres.ma\/index.php?rest_route=\/wp\/v2\/types\/product"}],"replies":[{"embeddable":true,"href":"https:\/\/baralivres.ma\/index.php?rest_route=%2Fwp%2Fv2%2Fcomments&post=14798"}],"version-history":[{"count":1,"href":"https:\/\/baralivres.ma\/index.php?rest_route=\/wp\/v2\/product\/14798\/revisions"}],"predecessor-version":[{"id":14800,"href":"https:\/\/baralivres.ma\/index.php?rest_route=\/wp\/v2\/product\/14798\/revisions\/14800"}],"wp:featuredmedia":[{"embeddable":true,"href":"https:\/\/baralivres.ma\/index.php?rest_route=\/wp\/v2\/media\/14799"}],"wp:attachment":[{"href":"https:\/\/baralivres.ma\/index.php?rest_route=%2Fwp%2Fv2%2Fmedia&parent=14798"}],"wp:term":[{"taxonomy":"product_cat","embeddable":true,"href":"https:\/\/baralivres.ma\/index.php?rest_route=%2Fwp%2Fv2%2Fproduct_cat&post=14798"},{"taxonomy":"product_tag","embeddable":true,"href":"https:\/\/baralivres.ma\/index.php?rest_route=%2Fwp%2Fv2%2Fproduct_tag&post=14798"}],"curies":[{"name":"wp","href":"https:\/\/api.w.org\/{rel}","templated":true}]}}