{"id":14795,"date":"2023-10-26T23:32:14","date_gmt":"2023-10-26T22:32:14","guid":{"rendered":"https:\/\/baralivres.ma\/?post_type=product&#038;p=14795"},"modified":"2023-10-26T23:32:15","modified_gmt":"2023-10-26T22:32:15","slug":"les-cercueils-de-zinc","status":"publish","type":"product","link":"https:\/\/baralivres.ma\/?product=les-cercueils-de-zinc","title":{"rendered":"Les Cercueils de zinc"},"content":{"rendered":"<p>Publi\u00e9 en 1989, &lsquo;Les Cercueils de zinc&rsquo; est un ouvrage qui d\u00e9voile une guerre occult\u00e9e et dissimul\u00e9e \u00e0 la population. L&rsquo;auteure donne voix \u00e0 la souffrance des m\u00e8res confront\u00e9es aux cercueils en zinc rentrant d&rsquo;un lointain pays, l&rsquo;Afghanistan, qui leur \u00e9tait m\u00e9connu. Elle recueille les t\u00e9moignages des soldats, des conjoints, des amis, des m\u00e9decins, des infirmi\u00e8res, et des pilotes d&rsquo;h\u00e9licopt\u00e8re.<\/p>\n<p>Apr\u00e8s sa publication, l&rsquo;ouvrage fut critiqu\u00e9 pour avoir d\u00e9construit le mythe du soldat sovi\u00e9tique accomplissant son devoir internationaliste. La t\u00e9l\u00e9vision le montrait en train de planter des pommiers, alors qu&rsquo;en r\u00e9alit\u00e9, il bombardait des villages. Cependant, il est ind\u00e9niable que cette guerre initi\u00e9e par Leonid Brejnev a pr\u00e9cipit\u00e9 la chute de l&rsquo;Union sovi\u00e9tique, avant de servir de terreau \u00e0 la naissance d&rsquo;Al-Qaida et des talibans. &lsquo;Les Cercueils de zinc&rsquo; demeure un t\u00e9moignage essentiel qui se place au m\u00eame rang que les plus grands ouvrages sur la guerre.<\/p>\n","protected":false},"excerpt":{"rendered":"<p>Livre d\u00e9non\u00e7ant la guerre afghane sovi\u00e9tique, donnant voix aux victimes, d\u00e9mythifiant le soldat et impact historique.<\/p>\n","protected":false},"featured_media":14796,"comment_status":"open","ping_status":"closed","template":"","meta":{"inline_featured_image":false},"product_cat":[204,143],"product_tag":[],"class_list":{"0":"post-14795","1":"product","2":"type-product","3":"status-publish","4":"has-post-thumbnail","6":"product_cat-francais","7":"product_cat-roman","8":"pa_auteurs-svetlana-alexievitch","10":"first","11":"instock","12":"shipping-taxable","13":"purchasable","14":"product-type-simple"},"_links":{"self":[{"href":"https:\/\/baralivres.ma\/index.php?rest_route=\/wp\/v2\/product\/14795","targetHints":{"allow":["GET"]}}],"collection":[{"href":"https:\/\/baralivres.ma\/index.php?rest_route=\/wp\/v2\/product"}],"about":[{"href":"https:\/\/baralivres.ma\/index.php?rest_route=\/wp\/v2\/types\/product"}],"replies":[{"embeddable":true,"href":"https:\/\/baralivres.ma\/index.php?rest_route=%2Fwp%2Fv2%2Fcomments&post=14795"}],"version-history":[{"count":1,"href":"https:\/\/baralivres.ma\/index.php?rest_route=\/wp\/v2\/product\/14795\/revisions"}],"predecessor-version":[{"id":14797,"href":"https:\/\/baralivres.ma\/index.php?rest_route=\/wp\/v2\/product\/14795\/revisions\/14797"}],"wp:featuredmedia":[{"embeddable":true,"href":"https:\/\/baralivres.ma\/index.php?rest_route=\/wp\/v2\/media\/14796"}],"wp:attachment":[{"href":"https:\/\/baralivres.ma\/index.php?rest_route=%2Fwp%2Fv2%2Fmedia&parent=14795"}],"wp:term":[{"taxonomy":"product_cat","embeddable":true,"href":"https:\/\/baralivres.ma\/index.php?rest_route=%2Fwp%2Fv2%2Fproduct_cat&post=14795"},{"taxonomy":"product_tag","embeddable":true,"href":"https:\/\/baralivres.ma\/index.php?rest_route=%2Fwp%2Fv2%2Fproduct_tag&post=14795"}],"curies":[{"name":"wp","href":"https:\/\/api.w.org\/{rel}","templated":true}]}}