{"id":14792,"date":"2023-10-26T23:27:07","date_gmt":"2023-10-26T22:27:07","guid":{"rendered":"https:\/\/baralivres.ma\/?post_type=product&#038;p=14792"},"modified":"2023-10-26T23:27:08","modified_gmt":"2023-10-26T22:27:08","slug":"les-arabes-suivi-de-andalousies-ne","status":"publish","type":"product","link":"https:\/\/baralivres.ma\/?product=les-arabes-suivi-de-andalousies-ne","title":{"rendered":"Les Arabes suivi de Andalousies NE"},"content":{"rendered":"<p>La premi\u00e8re \u00e9dition de &lsquo;Les Arabes&rsquo;, qui annon\u00e7ait la mont\u00e9e de pays non reconnus et offrait le premier discours sur l&rsquo;\u00e9mergence de la soci\u00e9t\u00e9 arabe dans le monde moderne, a vu le jour en 1959. L&rsquo;auteur, Jacques Berque, a ensuite mis \u00e0 jour son travail en 1973 et 1979. Au cours de ces ann\u00e9es, des bouleversements sociaux et politiques se sont produits en Alg\u00e9rie, en \u00c9gypte et dans d&rsquo;autres r\u00e9gions, mais tout au long de cette p\u00e9riode, Jacques Berque s&rsquo;est efforc\u00e9 de comprendre la d\u00e9termination vibrante \u00e0 vivre tout en explorant les pr\u00e9occupations des jeunes confront\u00e9s \u00e0 l&rsquo;ali\u00e9nation et au rejet.<\/p>\n<p>&lsquo;Andalousies&rsquo; est la derni\u00e8re le\u00e7on donn\u00e9e par Jacques Berque au Coll\u00e8ge de France, o\u00f9 il a occup\u00e9 la chaire d&rsquo;histoire sociale de l&rsquo;Islam contemporain de 1956 \u00e0 1981. Au cours de cette conf\u00e9rence, l&rsquo;\u00e9crivain a r\u00e9affirm\u00e9 la dynamique sociohistorique qui sous-tend sa m\u00e9thodologie et a plaid\u00e9 avec conviction en faveur du dialogue entre les peuples.<\/p>\n","protected":false},"excerpt":{"rendered":"<p>Jacques Berque, dans \u00ab\u00a0Les Arabes\u00a0\u00bb (1959, 1973, 1979) et \u00ab\u00a0Andalousies,\u00a0\u00bb explore l&rsquo;\u00e9volution arabe et promeut le dialogue interculturel.<\/p>\n","protected":false},"featured_media":14793,"comment_status":"open","ping_status":"closed","template":"","meta":{"inline_featured_image":false},"product_cat":[204,143],"product_tag":[],"class_list":{"0":"post-14792","1":"product","2":"type-product","3":"status-publish","4":"has-post-thumbnail","6":"product_cat-francais","7":"product_cat-roman","8":"pa_auteurs-jacques-berque","10":"first","11":"instock","12":"shipping-taxable","13":"purchasable","14":"product-type-simple"},"_links":{"self":[{"href":"https:\/\/baralivres.ma\/index.php?rest_route=\/wp\/v2\/product\/14792","targetHints":{"allow":["GET"]}}],"collection":[{"href":"https:\/\/baralivres.ma\/index.php?rest_route=\/wp\/v2\/product"}],"about":[{"href":"https:\/\/baralivres.ma\/index.php?rest_route=\/wp\/v2\/types\/product"}],"replies":[{"embeddable":true,"href":"https:\/\/baralivres.ma\/index.php?rest_route=%2Fwp%2Fv2%2Fcomments&post=14792"}],"version-history":[{"count":1,"href":"https:\/\/baralivres.ma\/index.php?rest_route=\/wp\/v2\/product\/14792\/revisions"}],"predecessor-version":[{"id":14794,"href":"https:\/\/baralivres.ma\/index.php?rest_route=\/wp\/v2\/product\/14792\/revisions\/14794"}],"wp:featuredmedia":[{"embeddable":true,"href":"https:\/\/baralivres.ma\/index.php?rest_route=\/wp\/v2\/media\/14793"}],"wp:attachment":[{"href":"https:\/\/baralivres.ma\/index.php?rest_route=%2Fwp%2Fv2%2Fmedia&parent=14792"}],"wp:term":[{"taxonomy":"product_cat","embeddable":true,"href":"https:\/\/baralivres.ma\/index.php?rest_route=%2Fwp%2Fv2%2Fproduct_cat&post=14792"},{"taxonomy":"product_tag","embeddable":true,"href":"https:\/\/baralivres.ma\/index.php?rest_route=%2Fwp%2Fv2%2Fproduct_tag&post=14792"}],"curies":[{"name":"wp","href":"https:\/\/api.w.org\/{rel}","templated":true}]}}