{"id":14787,"date":"2023-10-26T17:55:01","date_gmt":"2023-10-26T16:55:01","guid":{"rendered":"https:\/\/baralivres.ma\/?post_type=product&#038;p=14787"},"modified":"2023-10-26T17:55:01","modified_gmt":"2023-10-26T16:55:01","slug":"la-porte-du-soleil","status":"publish","type":"product","link":"https:\/\/baralivres.ma\/?product=la-porte-du-soleil","title":{"rendered":"La Porte du soleil"},"content":{"rendered":"<p>\u00c0 l&rsquo;image des contes de Sch\u00e9h\u00e9razade, certaines histoires ont le pouvoir de sauver des vies. C&rsquo;est la m\u00e9thode th\u00e9rapeutique employ\u00e9e par le narrateur pour tenter de r\u00e9veiller son mentor, un h\u00e9ros de la r\u00e9sistance palestinienne, plong\u00e9 dans le coma. Tout en veillant sur le malade dans un h\u00f4pital presque d\u00e9sert du camp de Chatila, le narrateur raconte les \u00e9v\u00e9nements de la r\u00e9cente guerre civile libanaise, les moments marquants de sa propre vie, ainsi que les parcours souvent douloureux de quelques hommes et femmes qui ont \u00e9t\u00e9 emport\u00e9s par l&rsquo;histoire apr\u00e8s leur expulsion de Galil\u00e9e en 1948.<\/p>\n<p>Dans sa passion pour r\u00e9animer un \u00eatre v\u00e9g\u00e9tatif par le pouvoir des souvenirs, Elias Khoury donne vie \u00e0 tout un peuple sous les yeux du lecteur, \u00e0 travers un roman vaste et \u00e9mouvant, unanimement reconnu comme le r\u00e9cit par excellence de l&rsquo;exode palestinien.<\/p>\n","protected":false},"excerpt":{"rendered":"<p>R\u00e9cit th\u00e9rapeutique d&rsquo;un narrateur qui, \u00e0 travers des souvenirs, ranime un h\u00e9ros palestinien, dans le contexte historique libanais.<\/p>\n","protected":false},"featured_media":14790,"comment_status":"open","ping_status":"closed","template":"","meta":{"inline_featured_image":false},"product_cat":[204,143],"product_tag":[],"class_list":{"0":"post-14787","1":"product","2":"type-product","3":"status-publish","4":"has-post-thumbnail","6":"product_cat-francais","7":"product_cat-roman","8":"pa_auteurs-elias-khoury","10":"first","11":"instock","12":"shipping-taxable","13":"purchasable","14":"product-type-simple"},"_links":{"self":[{"href":"https:\/\/baralivres.ma\/index.php?rest_route=\/wp\/v2\/product\/14787","targetHints":{"allow":["GET"]}}],"collection":[{"href":"https:\/\/baralivres.ma\/index.php?rest_route=\/wp\/v2\/product"}],"about":[{"href":"https:\/\/baralivres.ma\/index.php?rest_route=\/wp\/v2\/types\/product"}],"replies":[{"embeddable":true,"href":"https:\/\/baralivres.ma\/index.php?rest_route=%2Fwp%2Fv2%2Fcomments&post=14787"}],"version-history":[{"count":1,"href":"https:\/\/baralivres.ma\/index.php?rest_route=\/wp\/v2\/product\/14787\/revisions"}],"predecessor-version":[{"id":14791,"href":"https:\/\/baralivres.ma\/index.php?rest_route=\/wp\/v2\/product\/14787\/revisions\/14791"}],"wp:featuredmedia":[{"embeddable":true,"href":"https:\/\/baralivres.ma\/index.php?rest_route=\/wp\/v2\/media\/14790"}],"wp:attachment":[{"href":"https:\/\/baralivres.ma\/index.php?rest_route=%2Fwp%2Fv2%2Fmedia&parent=14787"}],"wp:term":[{"taxonomy":"product_cat","embeddable":true,"href":"https:\/\/baralivres.ma\/index.php?rest_route=%2Fwp%2Fv2%2Fproduct_cat&post=14787"},{"taxonomy":"product_tag","embeddable":true,"href":"https:\/\/baralivres.ma\/index.php?rest_route=%2Fwp%2Fv2%2Fproduct_tag&post=14787"}],"curies":[{"name":"wp","href":"https:\/\/api.w.org\/{rel}","templated":true}]}}