{"id":14782,"date":"2023-10-26T17:49:45","date_gmt":"2023-10-26T16:49:45","guid":{"rendered":"https:\/\/baralivres.ma\/?post_type=product&#038;p=14782"},"modified":"2023-10-26T17:49:46","modified_gmt":"2023-10-26T16:49:46","slug":"le-monde-de-sophie","status":"publish","type":"product","link":"https:\/\/baralivres.ma\/?product=le-monde-de-sophie","title":{"rendered":"LE MONDE DE SOPHIE"},"content":{"rendered":"<p>\u00ab\u00a0Le Monde de Sophie\u00a0\u00bb d\u00e9bute par la r\u00e9ception myst\u00e9rieuse de lettres philosophiques pour Sophie Amundsen, une adolescente de quinze ans. Cette correspondance insolite la conduit dans un voyage \u00e0 travers les grandes id\u00e9es de la philosophie occidentale. Au fur et \u00e0 mesure que Sophie explore des concepts philosophiques complexes, le livre offre une introduction captivante \u00e0 la pens\u00e9e philosophique.<\/p>\n<p>L&rsquo;intrigue se d\u00e9veloppe autour de la d\u00e9couverte par Sophie de l&rsquo;existence d&rsquo;un myst\u00e9rieux personnage, Alberto Knox, qui semble \u00eatre l&rsquo;exp\u00e9diteur des lettres philosophiques. Au fil du r\u00e9cit, Sophie et le lecteur explorent les concepts philosophiques fondamentaux, allant des philosophes pr\u00e9socratiques \u00e0 Jean-Jacques Rousseau.<\/p>\n<p>\u00c0 travers ce voyage philosophique, le roman aborde des th\u00e8mes tels que la r\u00e9alit\u00e9, la connaissance, la libert\u00e9, l&rsquo;existence, la morale, et bien d&rsquo;autres. Il m\u00eale une histoire fictive \u00e0 l&rsquo;enseignement de la philosophie, rendant les id\u00e9es philosophiques accessibles et engageantes pour un large public.<\/p>\n","protected":false},"excerpt":{"rendered":"<p>Sophie Amundsen, 15 ans, re\u00e7oit des lettres avec des questions philosophiques, d\u00e9clenchant une qu\u00eate \u00e9ducative intrigante.<\/p>\n","protected":false},"featured_media":14788,"comment_status":"open","ping_status":"closed","template":"","meta":{"inline_featured_image":false},"product_cat":[204,143],"product_tag":[],"class_list":{"0":"post-14782","1":"product","2":"type-product","3":"status-publish","4":"has-post-thumbnail","6":"product_cat-francais","7":"product_cat-roman","8":"pa_auteurs-jostein-gaarder","10":"first","11":"instock","12":"shipping-taxable","13":"purchasable","14":"product-type-simple"},"_links":{"self":[{"href":"https:\/\/baralivres.ma\/index.php?rest_route=\/wp\/v2\/product\/14782","targetHints":{"allow":["GET"]}}],"collection":[{"href":"https:\/\/baralivres.ma\/index.php?rest_route=\/wp\/v2\/product"}],"about":[{"href":"https:\/\/baralivres.ma\/index.php?rest_route=\/wp\/v2\/types\/product"}],"replies":[{"embeddable":true,"href":"https:\/\/baralivres.ma\/index.php?rest_route=%2Fwp%2Fv2%2Fcomments&post=14782"}],"version-history":[{"count":1,"href":"https:\/\/baralivres.ma\/index.php?rest_route=\/wp\/v2\/product\/14782\/revisions"}],"predecessor-version":[{"id":14789,"href":"https:\/\/baralivres.ma\/index.php?rest_route=\/wp\/v2\/product\/14782\/revisions\/14789"}],"wp:featuredmedia":[{"embeddable":true,"href":"https:\/\/baralivres.ma\/index.php?rest_route=\/wp\/v2\/media\/14788"}],"wp:attachment":[{"href":"https:\/\/baralivres.ma\/index.php?rest_route=%2Fwp%2Fv2%2Fmedia&parent=14782"}],"wp:term":[{"taxonomy":"product_cat","embeddable":true,"href":"https:\/\/baralivres.ma\/index.php?rest_route=%2Fwp%2Fv2%2Fproduct_cat&post=14782"},{"taxonomy":"product_tag","embeddable":true,"href":"https:\/\/baralivres.ma\/index.php?rest_route=%2Fwp%2Fv2%2Fproduct_tag&post=14782"}],"curies":[{"name":"wp","href":"https:\/\/api.w.org\/{rel}","templated":true}]}}