{"id":14776,"date":"2023-10-26T17:47:51","date_gmt":"2023-10-26T16:47:51","guid":{"rendered":"https:\/\/baralivres.ma\/?post_type=product&#038;p=14776"},"modified":"2023-10-26T17:47:51","modified_gmt":"2023-10-26T16:47:51","slug":"avant-lete","status":"publish","type":"product","link":"https:\/\/baralivres.ma\/?product=avant-lete","title":{"rendered":"Avant l&rsquo;\u00e9t\u00e9"},"content":{"rendered":"<p>Jessica a une connaissance de longue date avec Juliette, Camille, Boucle d&rsquo;Or, et Broussaille. Pendant le milieu des ann\u00e9es quatre-vingt, cette bande d&rsquo;amies de vingt-trois ans baigne dans une atmosph\u00e8re d&rsquo;insouciance. Leurs projets ne sont pas pressants, d&rsquo;autant plus qu&rsquo;ils demeurent raisonnables, adapt\u00e9s \u00e0 leur petite ville. C&rsquo;est alors qu&rsquo;elles se lancent dans un d\u00e9fi audacieux : organiser un d\u00e9fil\u00e9 de mode pour la f\u00eate du printemps. Cela implique parcourir les magasins de v\u00eatements d&rsquo;occasion, concevoir et coudre des tenues, mais surtout avoir le courage de monter sur sc\u00e8ne, de d\u00e9filer comme des mannequins, de se d\u00e9voiler \u00e0 la lumi\u00e8re et de surmonter leurs peurs.<\/p>\n<p>Envisager cette entreprise audacieuse repr\u00e9sente d\u00e9j\u00e0 un changement majeur, et aucune d&rsquo;entre elles ne sortira indemne de cette exp\u00e9rience, particuli\u00e8rement Jessica, qui aspire \u00e0 quelque chose de diff\u00e9rent et qui va d\u00e9couvrir de nouveaux horizons en travaillant pour Madame Barnes, une vieille dame nostalgique et fantasque.<\/p>\n<p>Claudie Gallay explore les rencontres cruciales et les compromis n\u00e9cessaires dans \u00ab\u00a0Avant l&rsquo;\u00e9t\u00e9,\u00a0\u00bb un roman de transformation, porteur de promesses pour l&rsquo;avenir.<\/p>\n","protected":false},"excerpt":{"rendered":"<p>Un groupe d&rsquo;amies des ann\u00e9es 80 organise un d\u00e9fil\u00e9, entra\u00eenant des transformations personnelles. Jessica change sa vie.<\/p>\n","protected":false},"featured_media":14777,"comment_status":"open","ping_status":"closed","template":"","meta":{"inline_featured_image":false},"product_cat":[204,143],"product_tag":[],"class_list":{"0":"post-14776","1":"product","2":"type-product","3":"status-publish","4":"has-post-thumbnail","6":"product_cat-francais","7":"product_cat-roman","8":"pa_auteurs-claudie-gallay","10":"first","11":"instock","12":"shipping-taxable","13":"purchasable","14":"product-type-simple"},"_links":{"self":[{"href":"https:\/\/baralivres.ma\/index.php?rest_route=\/wp\/v2\/product\/14776","targetHints":{"allow":["GET"]}}],"collection":[{"href":"https:\/\/baralivres.ma\/index.php?rest_route=\/wp\/v2\/product"}],"about":[{"href":"https:\/\/baralivres.ma\/index.php?rest_route=\/wp\/v2\/types\/product"}],"replies":[{"embeddable":true,"href":"https:\/\/baralivres.ma\/index.php?rest_route=%2Fwp%2Fv2%2Fcomments&post=14776"}],"version-history":[{"count":1,"href":"https:\/\/baralivres.ma\/index.php?rest_route=\/wp\/v2\/product\/14776\/revisions"}],"predecessor-version":[{"id":14784,"href":"https:\/\/baralivres.ma\/index.php?rest_route=\/wp\/v2\/product\/14776\/revisions\/14784"}],"wp:featuredmedia":[{"embeddable":true,"href":"https:\/\/baralivres.ma\/index.php?rest_route=\/wp\/v2\/media\/14777"}],"wp:attachment":[{"href":"https:\/\/baralivres.ma\/index.php?rest_route=%2Fwp%2Fv2%2Fmedia&parent=14776"}],"wp:term":[{"taxonomy":"product_cat","embeddable":true,"href":"https:\/\/baralivres.ma\/index.php?rest_route=%2Fwp%2Fv2%2Fproduct_cat&post=14776"},{"taxonomy":"product_tag","embeddable":true,"href":"https:\/\/baralivres.ma\/index.php?rest_route=%2Fwp%2Fv2%2Fproduct_tag&post=14776"}],"curies":[{"name":"wp","href":"https:\/\/api.w.org\/{rel}","templated":true}]}}