{"id":14769,"date":"2023-10-26T17:44:04","date_gmt":"2023-10-26T16:44:04","guid":{"rendered":"https:\/\/baralivres.ma\/?post_type=product&#038;p=14769"},"modified":"2023-10-26T17:44:05","modified_gmt":"2023-10-26T16:44:05","slug":"boussole","status":"publish","type":"product","link":"https:\/\/baralivres.ma\/?product=boussole","title":{"rendered":"Boussole"},"content":{"rendered":"<p>La nuit tombe sur Vienne, enveloppant l&rsquo;appartement de Franz Ritter, un musicologue passionn\u00e9 par l&rsquo;Orient, qui lutte en vain pour trouver le sommeil. Entre r\u00eaves et souvenirs, m\u00e9lancolie et fi\u00e8vre, il parcourt \u00e0 nouveau les moments marquants de sa vie, ses \u00e9merveillements, ses rencontres, et ses nombreux voyages loin de l&rsquo;Autriche, notamment \u00e0 Istanbul, Alep, Damas, Palmyre, T\u00e9h\u00e9ran. En particulier, il se rem\u00e9more son amour impossible pour Sarah, une sp\u00e9cialiste de l&rsquo;attraction de l&rsquo;Est sur les aventuriers, les \u00e9rudits, les artistes, et les voyageurs occidentaux. C&rsquo;est ainsi que se d\u00e9voile un univers d&rsquo;explorateurs des arts et de leur histoire, des orientalistes modernes anim\u00e9s par la soif de d\u00e9couvertes et de m\u00e9langes, une aspiration qui trouve un \u00e9cho tragique dans l&rsquo;actualit\u00e9 contemporaine.<\/p>\n<p>Ce roman, empreint de nocturnit\u00e9 et de musicalit\u00e9, allie une \u00e9rudition g\u00e9n\u00e9reuse \u00e0 un humour doux-amer. \u00ab\u00a0Boussole\u00a0\u00bb construit un pont entre l&rsquo;Occident et l&rsquo;Orient, entre le pass\u00e9 et l&rsquo;avenir, en s&rsquo;appuyant sur l&rsquo;exploration passionn\u00e9e des si\u00e8cles de fascination, d&rsquo;influences, et de vestiges durables, dans le but d&rsquo;apaiser les troubles de notre \u00e9poque.<\/p>\n","protected":false},"excerpt":{"rendered":"<p>En qu\u00eate de sommeil, Franz Ritter, musicologue orientaliste, revisite sa vie, amours, et voyages, tissant Occident et Orient.<\/p>\n","protected":false},"featured_media":14772,"comment_status":"open","ping_status":"closed","template":"","meta":{"inline_featured_image":false},"product_cat":[204,143],"product_tag":[],"class_list":{"0":"post-14769","1":"product","2":"type-product","3":"status-publish","4":"has-post-thumbnail","6":"product_cat-francais","7":"product_cat-roman","8":"pa_auteurs-mathias-enard","10":"first","11":"instock","12":"shipping-taxable","13":"purchasable","14":"product-type-simple"},"_links":{"self":[{"href":"https:\/\/baralivres.ma\/index.php?rest_route=\/wp\/v2\/product\/14769","targetHints":{"allow":["GET"]}}],"collection":[{"href":"https:\/\/baralivres.ma\/index.php?rest_route=\/wp\/v2\/product"}],"about":[{"href":"https:\/\/baralivres.ma\/index.php?rest_route=\/wp\/v2\/types\/product"}],"replies":[{"embeddable":true,"href":"https:\/\/baralivres.ma\/index.php?rest_route=%2Fwp%2Fv2%2Fcomments&post=14769"}],"version-history":[{"count":2,"href":"https:\/\/baralivres.ma\/index.php?rest_route=\/wp\/v2\/product\/14769\/revisions"}],"predecessor-version":[{"id":14775,"href":"https:\/\/baralivres.ma\/index.php?rest_route=\/wp\/v2\/product\/14769\/revisions\/14775"}],"wp:featuredmedia":[{"embeddable":true,"href":"https:\/\/baralivres.ma\/index.php?rest_route=\/wp\/v2\/media\/14772"}],"wp:attachment":[{"href":"https:\/\/baralivres.ma\/index.php?rest_route=%2Fwp%2Fv2%2Fmedia&parent=14769"}],"wp:term":[{"taxonomy":"product_cat","embeddable":true,"href":"https:\/\/baralivres.ma\/index.php?rest_route=%2Fwp%2Fv2%2Fproduct_cat&post=14769"},{"taxonomy":"product_tag","embeddable":true,"href":"https:\/\/baralivres.ma\/index.php?rest_route=%2Fwp%2Fv2%2Fproduct_tag&post=14769"}],"curies":[{"name":"wp","href":"https:\/\/api.w.org\/{rel}","templated":true}]}}