{"id":14768,"date":"2023-10-26T17:46:30","date_gmt":"2023-10-26T16:46:30","guid":{"rendered":"https:\/\/baralivres.ma\/?post_type=product&#038;p=14768"},"modified":"2025-02-20T11:02:23","modified_gmt":"2025-02-20T10:02:23","slug":"ibnarabi-et-le-voyage-sans-retour","status":"publish","type":"product","link":"https:\/\/baralivres.ma\/?product=ibnarabi-et-le-voyage-sans-retour","title":{"rendered":"Ibn&rsquo;Arabi et le Voyage sans retour"},"content":{"rendered":"<p>Ibn Arab\u00ee (1165-1240) a d\u00e9clar\u00e9 un jour : \u00ab\u00a0Je sus que ma parole atteindrait les deux horizons, celui d&rsquo;Occident et celui d&rsquo;Orient.\u00a0\u00bb Cette vision, survenue dans sa jeunesse, s&rsquo;est av\u00e9r\u00e9e proph\u00e9tique. Pendant plus de sept si\u00e8cles, son \u0153uvre a \u00e9t\u00e9 lue, m\u00e9dit\u00e9e et comment\u00e9e dans toutes les langues vernaculaires de l&rsquo;islam, exer\u00e7ant une influence majeure sur le soufisme, la dimension mystique de l&rsquo;islam.<\/p>\n<p>L&rsquo;\u0153uvre d&rsquo;Ibn Arab\u00ee, qui comporte plus de quatre cents ouvrages, aborde une vaste gamme de questions intellectuelles et religieuses. Malgr\u00e9 la vindicte persistante des oul\u00e9mas (docteurs de la Loi de l&rsquo;islam) \u00e0 son \u00e9gard, il reste une figure majeure parmi les \u00ab\u00a0Hommes de la Voie\u00a0\u00bb et est consid\u00e9r\u00e9 comme le grand Docteur mystique de l&rsquo;islam.<\/p>\n<p>Claude Addas, dipl\u00f4m\u00e9e en langues orientales et auteure d&rsquo;une th\u00e8se sur Ibn Arab\u00ee, retrace la vie et l&rsquo;\u0153uvre de ce grand soufi andalou. Elle poursuit ses recherches sur ce personnage embl\u00e9matique de la mystique islamique.<\/p>\n","protected":false},"excerpt":{"rendered":"<p>L&rsquo;ouvrage retrace la vie et l&rsquo;\u0153uvre d&rsquo;Ibn Arab\u00ee, grand docteur mystique de l&rsquo;islam, influen\u00e7ant le soufisme.<\/p>\n","protected":false},"featured_media":14778,"comment_status":"open","ping_status":"closed","template":"","meta":{"inline_featured_image":false},"product_cat":[3725,3862,4214],"product_tag":[],"class_list":{"0":"post-14768","1":"product","2":"type-product","3":"status-publish","4":"has-post-thumbnail","6":"product_cat-litterature-religieuse","7":"product_cat-spiritualite","8":"product_cat-voyage-spirituel-pendant-le-ramadan","9":"pa_auteurs-claude-addas","11":"first","12":"instock","13":"shipping-taxable","14":"purchasable","15":"product-type-simple"},"_links":{"self":[{"href":"https:\/\/baralivres.ma\/index.php?rest_route=\/wp\/v2\/product\/14768","targetHints":{"allow":["GET"]}}],"collection":[{"href":"https:\/\/baralivres.ma\/index.php?rest_route=\/wp\/v2\/product"}],"about":[{"href":"https:\/\/baralivres.ma\/index.php?rest_route=\/wp\/v2\/types\/product"}],"replies":[{"embeddable":true,"href":"https:\/\/baralivres.ma\/index.php?rest_route=%2Fwp%2Fv2%2Fcomments&post=14768"}],"version-history":[{"count":1,"href":"https:\/\/baralivres.ma\/index.php?rest_route=\/wp\/v2\/product\/14768\/revisions"}],"predecessor-version":[{"id":14779,"href":"https:\/\/baralivres.ma\/index.php?rest_route=\/wp\/v2\/product\/14768\/revisions\/14779"}],"wp:featuredmedia":[{"embeddable":true,"href":"https:\/\/baralivres.ma\/index.php?rest_route=\/wp\/v2\/media\/14778"}],"wp:attachment":[{"href":"https:\/\/baralivres.ma\/index.php?rest_route=%2Fwp%2Fv2%2Fmedia&parent=14768"}],"wp:term":[{"taxonomy":"product_cat","embeddable":true,"href":"https:\/\/baralivres.ma\/index.php?rest_route=%2Fwp%2Fv2%2Fproduct_cat&post=14768"},{"taxonomy":"product_tag","embeddable":true,"href":"https:\/\/baralivres.ma\/index.php?rest_route=%2Fwp%2Fv2%2Fproduct_tag&post=14768"}],"curies":[{"name":"wp","href":"https:\/\/api.w.org\/{rel}","templated":true}]}}