{"id":14762,"date":"2023-10-26T17:40:06","date_gmt":"2023-10-26T16:40:06","guid":{"rendered":"https:\/\/baralivres.ma\/?post_type=product&#038;p=14762"},"modified":"2023-10-26T17:40:07","modified_gmt":"2023-10-26T16:40:07","slug":"tout-seffondre","status":"publish","type":"product","link":"https:\/\/baralivres.ma\/?product=tout-seffondre","title":{"rendered":"Tout s&rsquo;effondre"},"content":{"rendered":"<p>Dans le village ibo d&rsquo;Umuofia, Okonkwo est un homme dont la force et la bravoure sont admir\u00e9es par tous, et sa voix est \u00e9cout\u00e9e. Malgr\u00e9 un p\u00e8re faible et paresseux, il a forg\u00e9 son propre destin, devenant ainsi un prosp\u00e8re agriculteur qui veille sur trois \u00e9pouses et huit enfants. Il est \u00e9galement un guerrier respect\u00e9, jouissant de la confiance des anciens du village.<\/p>\n<p>Son monde repose sur un \u00e9quilibre solide de r\u00e8gles, de craintes, de rituels et de traditions. Okonkwo vit en harmonie avec ce monde, le respecte et le ma\u00eetrise m\u00eame, participant activement \u00e0 son maintien. Cependant, il ignore que des forces ext\u00e9rieures s&rsquo;appr\u00eatent \u00e0 perturber la stabilit\u00e9 qu&rsquo;il pensait in\u00e9branlable : d&rsquo;abord les missionnaires, puis les colons britanniques, qui vont in\u00e9vitablement bouleverser la vie de son peuple de mani\u00e8re irr\u00e9versible.<\/p>\n<p>Ce roman tragique, \u00e9crit dans un langage clair, est une fable cruelle qui raconte l&rsquo;histoire d&rsquo;un homme fier qui refuse de fl\u00e9chir. \u00ab\u00a0Tout s&rsquo;effondre\u00a0\u00bb rend hommage \u00e0 l&rsquo;Afrique pr\u00e9coloniale \u00e0 l&rsquo;aube de sa transformation. Comme le proverbe africain le dit si bien, \u00ab\u00a0Tant que les lions n&rsquo;auront pas leurs propres historiens, l&rsquo;histoire de la chasse glorifiera toujours le chasseur.\u00a0\u00bb Chinua Achebe aimait \u00e0 citer ce proverbe, et avec ce roman magistral, il est devenu l&rsquo;un des premiers \u00e0 prendre la plume pour raconter l&rsquo;histoire de son continent.<\/p>\n","protected":false},"excerpt":{"rendered":"<p>Okonkwo, puissant guerrier ibo, voit sa vie boulevers\u00e9e par l&rsquo;arriv\u00e9e de missionnaires et colons britanniques.<\/p>\n","protected":false},"featured_media":14763,"comment_status":"open","ping_status":"closed","template":"","meta":{"inline_featured_image":false},"product_cat":[204,143],"product_tag":[],"class_list":{"0":"post-14762","1":"product","2":"type-product","3":"status-publish","4":"has-post-thumbnail","6":"product_cat-francais","7":"product_cat-roman","8":"pa_auteurs-chinua-achebe","10":"first","11":"instock","12":"shipping-taxable","13":"purchasable","14":"product-type-simple"},"_links":{"self":[{"href":"https:\/\/baralivres.ma\/index.php?rest_route=\/wp\/v2\/product\/14762","targetHints":{"allow":["GET"]}}],"collection":[{"href":"https:\/\/baralivres.ma\/index.php?rest_route=\/wp\/v2\/product"}],"about":[{"href":"https:\/\/baralivres.ma\/index.php?rest_route=\/wp\/v2\/types\/product"}],"replies":[{"embeddable":true,"href":"https:\/\/baralivres.ma\/index.php?rest_route=%2Fwp%2Fv2%2Fcomments&post=14762"}],"version-history":[{"count":1,"href":"https:\/\/baralivres.ma\/index.php?rest_route=\/wp\/v2\/product\/14762\/revisions"}],"predecessor-version":[{"id":14767,"href":"https:\/\/baralivres.ma\/index.php?rest_route=\/wp\/v2\/product\/14762\/revisions\/14767"}],"wp:featuredmedia":[{"embeddable":true,"href":"https:\/\/baralivres.ma\/index.php?rest_route=\/wp\/v2\/media\/14763"}],"wp:attachment":[{"href":"https:\/\/baralivres.ma\/index.php?rest_route=%2Fwp%2Fv2%2Fmedia&parent=14762"}],"wp:term":[{"taxonomy":"product_cat","embeddable":true,"href":"https:\/\/baralivres.ma\/index.php?rest_route=%2Fwp%2Fv2%2Fproduct_cat&post=14762"},{"taxonomy":"product_tag","embeddable":true,"href":"https:\/\/baralivres.ma\/index.php?rest_route=%2Fwp%2Fv2%2Fproduct_tag&post=14762"}],"curies":[{"name":"wp","href":"https:\/\/api.w.org\/{rel}","templated":true}]}}