{"id":14747,"date":"2023-10-26T17:34:05","date_gmt":"2023-10-26T16:34:05","guid":{"rendered":"https:\/\/baralivres.ma\/?post_type=product&#038;p=14747"},"modified":"2023-10-26T17:34:06","modified_gmt":"2023-10-26T16:34:06","slug":"sira-le-retour-a-tanger","status":"publish","type":"product","link":"https:\/\/baralivres.ma\/?product=sira-le-retour-a-tanger","title":{"rendered":"Sira, le retour \u00e0 Tanger"},"content":{"rendered":"<p>En 1945, Sira, ex-couturi\u00e8re devenue styliste puis espionne, aspire \u00e0 une vie tranquille avec son mari. Cependant, le destin en d\u00e9cide autrement. \u00c0 travers J\u00e9rusalem, Londres, Madrid et Tanger, elle doit s&rsquo;immerger dans une nouvelle identit\u00e9 pour enqu\u00eater sur Eva Per\u00f3n, au milieu de grands h\u00f4tels, complots politiques et missions secr\u00e8tes. Cette aventure tr\u00e9pidante par Mar\u00eda Due\u00f1as fait revivre l&rsquo;inoubliable Sira Quiroga de \u00ab\u00a0L&rsquo;Espionne de Tanger.\u00a0\u00bb Mar\u00eda Due\u00f1as, n\u00e9e en 1964, est l&rsquo;une des auteures les plus populaires en Espagne et en Am\u00e9rique latine. Elle est notamment connue pour \u00ab\u00a0L&rsquo;Espionne de Tanger,\u00a0\u00bb un succ\u00e8s international vendu \u00e0 plus de deux millions d&rsquo;exemplaires et disponible chez Points. La traduction fran\u00e7aise est de Marie Vila Casas.<\/p>\n","protected":false},"excerpt":{"rendered":"<p>Dans l&rsquo;apr\u00e8s-guerre, Sira, ancienne couturi\u00e8re et espionne, reprend ses activit\u00e9s secr\u00e8tes, enqu\u00eatant sur Eva Per\u00f3n.<\/p>\n","protected":false},"featured_media":14754,"comment_status":"open","ping_status":"closed","template":"","meta":{"inline_featured_image":false},"product_cat":[204,143],"product_tag":[],"class_list":{"0":"post-14747","1":"product","2":"type-product","3":"status-publish","4":"has-post-thumbnail","6":"product_cat-francais","7":"product_cat-roman","8":"pa_auteurs-maria-duenas","10":"first","11":"instock","12":"shipping-taxable","13":"purchasable","14":"product-type-simple"},"_links":{"self":[{"href":"https:\/\/baralivres.ma\/index.php?rest_route=\/wp\/v2\/product\/14747","targetHints":{"allow":["GET"]}}],"collection":[{"href":"https:\/\/baralivres.ma\/index.php?rest_route=\/wp\/v2\/product"}],"about":[{"href":"https:\/\/baralivres.ma\/index.php?rest_route=\/wp\/v2\/types\/product"}],"replies":[{"embeddable":true,"href":"https:\/\/baralivres.ma\/index.php?rest_route=%2Fwp%2Fv2%2Fcomments&post=14747"}],"version-history":[{"count":1,"href":"https:\/\/baralivres.ma\/index.php?rest_route=\/wp\/v2\/product\/14747\/revisions"}],"predecessor-version":[{"id":14755,"href":"https:\/\/baralivres.ma\/index.php?rest_route=\/wp\/v2\/product\/14747\/revisions\/14755"}],"wp:featuredmedia":[{"embeddable":true,"href":"https:\/\/baralivres.ma\/index.php?rest_route=\/wp\/v2\/media\/14754"}],"wp:attachment":[{"href":"https:\/\/baralivres.ma\/index.php?rest_route=%2Fwp%2Fv2%2Fmedia&parent=14747"}],"wp:term":[{"taxonomy":"product_cat","embeddable":true,"href":"https:\/\/baralivres.ma\/index.php?rest_route=%2Fwp%2Fv2%2Fproduct_cat&post=14747"},{"taxonomy":"product_tag","embeddable":true,"href":"https:\/\/baralivres.ma\/index.php?rest_route=%2Fwp%2Fv2%2Fproduct_tag&post=14747"}],"curies":[{"name":"wp","href":"https:\/\/api.w.org\/{rel}","templated":true}]}}