{"id":14744,"date":"2023-10-26T17:33:10","date_gmt":"2023-10-26T16:33:10","guid":{"rendered":"https:\/\/baralivres.ma\/?post_type=product&#038;p=14744"},"modified":"2023-10-26T17:33:11","modified_gmt":"2023-10-26T16:33:11","slug":"jai-encore-menti","status":"publish","type":"product","link":"https:\/\/baralivres.ma\/?product=jai-encore-menti","title":{"rendered":"J&rsquo;ai encore menti !"},"content":{"rendered":"<p>Laura est une personne profond\u00e9ment r\u00e9fl\u00e9chie, tourment\u00e9e par de nombreuses questions existentielles. Elle se demande comment atteindre le succ\u00e8s dans sa vie, si manger ses mets pr\u00e9f\u00e9r\u00e9s sans craindre de prendre du poids est possible, et comment trouver l&rsquo;amour. Les doutes l&rsquo;assaillent, et elle aspire \u00e0 bien plus que la routine banale. Cependant, un accident soudain va lui faire perdre compl\u00e8tement la m\u00e9moire. Cette amn\u00e9sie la propulse dans une toute nouvelle existence, o\u00f9 elle doit r\u00e9apprendre tout, des plaisirs simples comme les bonbons et les sous-v\u00eatements, aux complexit\u00e9s de l&rsquo;amour, de l&rsquo;\u00e9lectricit\u00e9 et des lois qui r\u00e9gissent notre univers. Lib\u00e9r\u00e9e de ses pr\u00e9jug\u00e9s pass\u00e9s, Laura se lance dans une aventure \u00e0 la fois unique et hilarante. Sans plus rien savoir, elle d\u00e9couvre peut-\u00eatre enfin l&rsquo;opportunit\u00e9 de se red\u00e9couvrir elle-m\u00eame. Dans ce roman de Gilles Legardinier, l&rsquo;auteur confirme avec brio son talent pour m\u00ealer l&rsquo;humour et l&rsquo;\u00e9motion, offrant ainsi une perspective intrigante : qui n&rsquo;a jamais fantasm\u00e9 l&rsquo;id\u00e9e d&rsquo;oublier tout pour mieux recommencer sa vie ?<\/p>\n","protected":false},"excerpt":{"rendered":"<p>Laura, pleine de questions, perd la m\u00e9moire dans un accident, d\u00e9couvrant un nouveau d\u00e9part hilarant.<\/p>\n","protected":false},"featured_media":14751,"comment_status":"open","ping_status":"closed","template":"","meta":{"inline_featured_image":false},"product_cat":[204,143],"product_tag":[],"class_list":{"0":"post-14744","1":"product","2":"type-product","3":"status-publish","4":"has-post-thumbnail","6":"product_cat-francais","7":"product_cat-roman","8":"pa_auteurs-gilles-legardinier","10":"first","11":"instock","12":"shipping-taxable","13":"purchasable","14":"product-type-simple"},"_links":{"self":[{"href":"https:\/\/baralivres.ma\/index.php?rest_route=\/wp\/v2\/product\/14744","targetHints":{"allow":["GET"]}}],"collection":[{"href":"https:\/\/baralivres.ma\/index.php?rest_route=\/wp\/v2\/product"}],"about":[{"href":"https:\/\/baralivres.ma\/index.php?rest_route=\/wp\/v2\/types\/product"}],"replies":[{"embeddable":true,"href":"https:\/\/baralivres.ma\/index.php?rest_route=%2Fwp%2Fv2%2Fcomments&post=14744"}],"version-history":[{"count":1,"href":"https:\/\/baralivres.ma\/index.php?rest_route=\/wp\/v2\/product\/14744\/revisions"}],"predecessor-version":[{"id":14753,"href":"https:\/\/baralivres.ma\/index.php?rest_route=\/wp\/v2\/product\/14744\/revisions\/14753"}],"wp:featuredmedia":[{"embeddable":true,"href":"https:\/\/baralivres.ma\/index.php?rest_route=\/wp\/v2\/media\/14751"}],"wp:attachment":[{"href":"https:\/\/baralivres.ma\/index.php?rest_route=%2Fwp%2Fv2%2Fmedia&parent=14744"}],"wp:term":[{"taxonomy":"product_cat","embeddable":true,"href":"https:\/\/baralivres.ma\/index.php?rest_route=%2Fwp%2Fv2%2Fproduct_cat&post=14744"},{"taxonomy":"product_tag","embeddable":true,"href":"https:\/\/baralivres.ma\/index.php?rest_route=%2Fwp%2Fv2%2Fproduct_tag&post=14744"}],"curies":[{"name":"wp","href":"https:\/\/api.w.org\/{rel}","templated":true}]}}