{"id":14741,"date":"2023-10-26T17:30:06","date_gmt":"2023-10-26T16:30:06","guid":{"rendered":"https:\/\/baralivres.ma\/?post_type=product&#038;p=14741"},"modified":"2023-10-26T17:30:07","modified_gmt":"2023-10-26T16:30:07","slug":"lorientalisme","status":"publish","type":"product","link":"https:\/\/baralivres.ma\/?product=lorientalisme","title":{"rendered":"L&rsquo;Orientalisme"},"content":{"rendered":"<p>L&rsquo;ouvrage approfondit l&rsquo;analyse de l&rsquo;orientalisme en tant que construction occidentale, r\u00e9v\u00e9lant ses implications sur la perception de l&rsquo;Orient et de l&rsquo;Occident. Il explore \u00e9galement les r\u00e9percussions dans des domaines tels que la politique, la litt\u00e9rature, les r\u00e9cits de voyage et la science, mettant en lumi\u00e8re comment cette approche en dit davantage sur l&rsquo;Occident que sur l&rsquo;Orient lui-m\u00eame. Edward W. Siad, originaire de J\u00e9rusalem, a \u00e9migr\u00e9 aux \u00c9tats-Unis en 1951 et a enseign\u00e9 la litt\u00e9rature compar\u00e9e \u00e0 l&rsquo;universit\u00e9 de Columbia. Il est l&rsquo;auteur de nombreuses \u0153uvres traduites dans de nombreuses langues. La traduction fran\u00e7aise inclut une pr\u00e9face de l&rsquo;auteur en 2003, une pr\u00e9face \u00e0 l&rsquo;\u00e9dition fran\u00e7aise par Tzvetan Todorov, ainsi qu&rsquo;une postface de l&rsquo;auteur, traduite par Claude Wauthier.<\/p>\n","protected":false},"excerpt":{"rendered":"<p>Cet ouvrage explore l&rsquo;orientalisme comme cr\u00e9ation de l&rsquo;Occident, examinant son impact sur la perception orientale et occidentale.<\/p>\n","protected":false},"featured_media":14745,"comment_status":"open","ping_status":"closed","template":"","meta":{"inline_featured_image":false},"product_cat":[204,143],"product_tag":[],"class_list":{"0":"post-14741","1":"product","2":"type-product","3":"status-publish","4":"has-post-thumbnail","6":"product_cat-francais","7":"product_cat-roman","8":"pa_auteurs-edward-w-said","10":"first","11":"instock","12":"shipping-taxable","13":"purchasable","14":"product-type-simple"},"_links":{"self":[{"href":"https:\/\/baralivres.ma\/index.php?rest_route=\/wp\/v2\/product\/14741","targetHints":{"allow":["GET"]}}],"collection":[{"href":"https:\/\/baralivres.ma\/index.php?rest_route=\/wp\/v2\/product"}],"about":[{"href":"https:\/\/baralivres.ma\/index.php?rest_route=\/wp\/v2\/types\/product"}],"replies":[{"embeddable":true,"href":"https:\/\/baralivres.ma\/index.php?rest_route=%2Fwp%2Fv2%2Fcomments&post=14741"}],"version-history":[{"count":1,"href":"https:\/\/baralivres.ma\/index.php?rest_route=\/wp\/v2\/product\/14741\/revisions"}],"predecessor-version":[{"id":14746,"href":"https:\/\/baralivres.ma\/index.php?rest_route=\/wp\/v2\/product\/14741\/revisions\/14746"}],"wp:featuredmedia":[{"embeddable":true,"href":"https:\/\/baralivres.ma\/index.php?rest_route=\/wp\/v2\/media\/14745"}],"wp:attachment":[{"href":"https:\/\/baralivres.ma\/index.php?rest_route=%2Fwp%2Fv2%2Fmedia&parent=14741"}],"wp:term":[{"taxonomy":"product_cat","embeddable":true,"href":"https:\/\/baralivres.ma\/index.php?rest_route=%2Fwp%2Fv2%2Fproduct_cat&post=14741"},{"taxonomy":"product_tag","embeddable":true,"href":"https:\/\/baralivres.ma\/index.php?rest_route=%2Fwp%2Fv2%2Fproduct_tag&post=14741"}],"curies":[{"name":"wp","href":"https:\/\/api.w.org\/{rel}","templated":true}]}}