{"id":14739,"date":"2023-10-26T17:32:15","date_gmt":"2023-10-26T16:32:15","guid":{"rendered":"https:\/\/baralivres.ma\/?post_type=product&#038;p=14739"},"modified":"2023-10-26T17:32:15","modified_gmt":"2023-10-26T16:32:15","slug":"le-philosophe-sans-maitre","status":"publish","type":"product","link":"https:\/\/baralivres.ma\/?product=le-philosophe-sans-maitre","title":{"rendered":"Le philosophe sans ma\u00eetre"},"content":{"rendered":"<p>Le texte en question se distingue \u00e0 de multiples \u00e9gards. En termes de sa forme (une fable racontant l&rsquo;histoire d&rsquo;un individu solitaire sur une \u00eele qui, par sa r\u00e9flexion, d\u00e9couvre les secrets de l&rsquo;univers avant de rencontrer un autre \u00eatre humain&#8230;), de son contenu (explorant les relations entre la religion et la philosophie, le d\u00e9veloppement de la raison, l&rsquo;intuition mystique, le panth\u00e9isme, etc.) et de son destin (publi\u00e9 et traduit au XVIIe si\u00e8cle, ce livre devient rapidement un best-seller au c\u0153ur de l&rsquo;\u00e8re des Lumi\u00e8res en Europe, et il est reconnu par tous les penseurs de l&rsquo;\u00e9poque, y compris des figures telles que Spinoza, Leibniz et Locke. Il est \u00e9galement sugg\u00e9r\u00e9 qu&rsquo;il aurait pu exercer une influence sur l&rsquo;\u0153uvre \u00ab\u00a0Robinson Cruso\u00e9\u00a0\u00bb de Daniel Defoe).<\/p>\n<p>Il s&rsquo;agit ainsi d&rsquo;un texte majeur, pr\u00e9sent\u00e9 ici dans une version extraordinaire qui demeurait jusqu&rsquo;\u00e0 pr\u00e9sent inconnue.<\/p>\n","protected":false},"excerpt":{"rendered":"<p>Texte remarquable, forme, contenu, destin, influent au XVIIe si\u00e8cle, inconnue. Philosophes, \u00e9crivains, panth\u00e9isme, Robinson Cruso\u00e9.<\/p>\n","protected":false},"featured_media":14748,"comment_status":"open","ping_status":"closed","template":"","meta":{"inline_featured_image":false},"product_cat":[204,143],"product_tag":[],"class_list":{"0":"post-14739","1":"product","2":"type-product","3":"status-publish","4":"has-post-thumbnail","6":"product_cat-francais","7":"product_cat-roman","8":"pa_auteurs-ibn-tufayl","10":"first","11":"instock","12":"shipping-taxable","13":"purchasable","14":"product-type-simple"},"_links":{"self":[{"href":"https:\/\/baralivres.ma\/index.php?rest_route=\/wp\/v2\/product\/14739","targetHints":{"allow":["GET"]}}],"collection":[{"href":"https:\/\/baralivres.ma\/index.php?rest_route=\/wp\/v2\/product"}],"about":[{"href":"https:\/\/baralivres.ma\/index.php?rest_route=\/wp\/v2\/types\/product"}],"replies":[{"embeddable":true,"href":"https:\/\/baralivres.ma\/index.php?rest_route=%2Fwp%2Fv2%2Fcomments&post=14739"}],"version-history":[{"count":1,"href":"https:\/\/baralivres.ma\/index.php?rest_route=\/wp\/v2\/product\/14739\/revisions"}],"predecessor-version":[{"id":14749,"href":"https:\/\/baralivres.ma\/index.php?rest_route=\/wp\/v2\/product\/14739\/revisions\/14749"}],"wp:featuredmedia":[{"embeddable":true,"href":"https:\/\/baralivres.ma\/index.php?rest_route=\/wp\/v2\/media\/14748"}],"wp:attachment":[{"href":"https:\/\/baralivres.ma\/index.php?rest_route=%2Fwp%2Fv2%2Fmedia&parent=14739"}],"wp:term":[{"taxonomy":"product_cat","embeddable":true,"href":"https:\/\/baralivres.ma\/index.php?rest_route=%2Fwp%2Fv2%2Fproduct_cat&post=14739"},{"taxonomy":"product_tag","embeddable":true,"href":"https:\/\/baralivres.ma\/index.php?rest_route=%2Fwp%2Fv2%2Fproduct_tag&post=14739"}],"curies":[{"name":"wp","href":"https:\/\/api.w.org\/{rel}","templated":true}]}}