{"id":14737,"date":"2023-10-26T17:24:20","date_gmt":"2023-10-26T16:24:20","guid":{"rendered":"https:\/\/baralivres.ma\/?post_type=product&#038;p=14737"},"modified":"2023-10-26T17:24:20","modified_gmt":"2023-10-26T16:24:20","slug":"une-chance-sur-un-milliard","status":"publish","type":"product","link":"https:\/\/baralivres.ma\/?product=une-chance-sur-un-milliard","title":{"rendered":"Une chance sur un milliard"},"content":{"rendered":"<p>\u00ab\u00a0J&rsquo;avais tout juste onze ans quand j&rsquo;ai eu ma premi\u00e8re prise de conscience sur le concept du destin. En y repensant, cette soir\u00e9e et tout ce qui s&rsquo;est produit depuis prennent une nouvelle signification. Dans une existence, les moments cruciaux nous surprennent toujours, sans que l&rsquo;on s&rsquo;y attende. Depuis ce jour, personne ne m&rsquo;a serr\u00e9 dans ses bras, du moins jusqu&rsquo;\u00e0 la semaine derni\u00e8re. C&rsquo;\u00e9tait une nouvelle annonce qui allait bouleverser ma vie, mais il semblerait que les rebondissements ne soient pas r\u00e9serv\u00e9s aux insectes. Je ne peux pas dire qui est derri\u00e8re ces coups de pantoufle, mais si c&rsquo;est le fait d&rsquo;un dieu, il doit porter une pointure exceptionnelle.\u00a0\u00bb Dans cette histoire \u00e0 la fois captivante et touchante, Gilles Legardinier nous emm\u00e8ne vers le moment o\u00f9 chacun doit faire des choix fondamentaux concernant ce qui compte r\u00e9ellement dans la vie. Il n&rsquo;y a plus de temps \u00e0 perdre, ni de place pour l&rsquo;\u00e9garement. Il s&rsquo;agit de sauter dans l&rsquo;inconnu, de s&rsquo;aimer, d&rsquo;\u00eatre libre comme jamais.<\/p>\n","protected":false},"excerpt":{"rendered":"<p>\u00c0 11 ans, prise de conscience sur le destin, \u00e9v\u00e9nements inattendus, amour, libert\u00e9, dans une vie captivante.<\/p>\n","protected":false},"featured_media":14742,"comment_status":"open","ping_status":"closed","template":"","meta":{"inline_featured_image":false},"product_cat":[204,143],"product_tag":[],"class_list":{"0":"post-14737","1":"product","2":"type-product","3":"status-publish","4":"has-post-thumbnail","6":"product_cat-francais","7":"product_cat-roman","8":"pa_auteurs-gilles-legardinier","10":"first","11":"instock","12":"shipping-taxable","13":"purchasable","14":"product-type-simple"},"_links":{"self":[{"href":"https:\/\/baralivres.ma\/index.php?rest_route=\/wp\/v2\/product\/14737","targetHints":{"allow":["GET"]}}],"collection":[{"href":"https:\/\/baralivres.ma\/index.php?rest_route=\/wp\/v2\/product"}],"about":[{"href":"https:\/\/baralivres.ma\/index.php?rest_route=\/wp\/v2\/types\/product"}],"replies":[{"embeddable":true,"href":"https:\/\/baralivres.ma\/index.php?rest_route=%2Fwp%2Fv2%2Fcomments&post=14737"}],"version-history":[{"count":1,"href":"https:\/\/baralivres.ma\/index.php?rest_route=\/wp\/v2\/product\/14737\/revisions"}],"predecessor-version":[{"id":14743,"href":"https:\/\/baralivres.ma\/index.php?rest_route=\/wp\/v2\/product\/14737\/revisions\/14743"}],"wp:featuredmedia":[{"embeddable":true,"href":"https:\/\/baralivres.ma\/index.php?rest_route=\/wp\/v2\/media\/14742"}],"wp:attachment":[{"href":"https:\/\/baralivres.ma\/index.php?rest_route=%2Fwp%2Fv2%2Fmedia&parent=14737"}],"wp:term":[{"taxonomy":"product_cat","embeddable":true,"href":"https:\/\/baralivres.ma\/index.php?rest_route=%2Fwp%2Fv2%2Fproduct_cat&post=14737"},{"taxonomy":"product_tag","embeddable":true,"href":"https:\/\/baralivres.ma\/index.php?rest_route=%2Fwp%2Fv2%2Fproduct_tag&post=14737"}],"curies":[{"name":"wp","href":"https:\/\/api.w.org\/{rel}","templated":true}]}}