{"id":14730,"date":"2023-10-26T17:21:03","date_gmt":"2023-10-26T16:21:03","guid":{"rendered":"https:\/\/baralivres.ma\/?post_type=product&#038;p=14730"},"modified":"2023-10-26T17:21:04","modified_gmt":"2023-10-26T16:21:04","slug":"pour-un-instant-deternite","status":"publish","type":"product","link":"https:\/\/baralivres.ma\/?product=pour-un-instant-deternite","title":{"rendered":"Pour un instant d&rsquo;\u00e9ternit\u00e9"},"content":{"rendered":"<p>Vincent poss\u00e8de une expertise in\u00e9gal\u00e9e dans l&rsquo;art des secrets, en particulier lorsqu&rsquo;il s&rsquo;agit de concevoir des passages cach\u00e9s. Les \u00e9lites fortun\u00e9es et influentes font discr\u00e8tement appel \u00e0 ses services pour dissimuler leurs tr\u00e9sors ou cr\u00e9er des voies de sortie imperceptibles. Toutefois, alors que Paris c\u00e9l\u00e8bre l&rsquo;Exposition universelle et l&#8217;embl\u00e9matique tour Eiffel, Vincent et son \u00e9quipe se retrouvent brusquement pris pour cible par des tentatives d&rsquo;assassinat. La question se pose : l&rsquo;un de leurs clients tente-t-il d&rsquo;effacer toute trace de leur collaboration ? Ou bien sont-ils traqu\u00e9s par des forces myst\u00e9rieuses et occultes ? Dans une \u00e9poque en pleine mutation, Vincent doit r\u00e9soudre des \u00e9nigmes surgies d&rsquo;un pass\u00e9 lointain et tout mettre en \u0153uvre pour contrer cette menace et prot\u00e9ger les siens. Ses d\u00e9couvertes \u00e9branleront profond\u00e9ment sa perception du monde tel qu&rsquo;il le connaissait&#8230;<\/p>\n","protected":false},"excerpt":{"rendered":"<p>Vincent, expert en secrets et passages cach\u00e9s, traqu\u00e9 lors de l&rsquo;Exposition universelle de Paris, doit sauver son \u00e9quipe.<\/p>\n","protected":false},"featured_media":14734,"comment_status":"open","ping_status":"closed","template":"","meta":{"inline_featured_image":false},"product_cat":[204,143],"product_tag":[],"class_list":{"0":"post-14730","1":"product","2":"type-product","3":"status-publish","4":"has-post-thumbnail","6":"product_cat-francais","7":"product_cat-roman","8":"pa_auteurs-gilles-legardinier","10":"first","11":"instock","12":"shipping-taxable","13":"purchasable","14":"product-type-simple"},"_links":{"self":[{"href":"https:\/\/baralivres.ma\/index.php?rest_route=\/wp\/v2\/product\/14730","targetHints":{"allow":["GET"]}}],"collection":[{"href":"https:\/\/baralivres.ma\/index.php?rest_route=\/wp\/v2\/product"}],"about":[{"href":"https:\/\/baralivres.ma\/index.php?rest_route=\/wp\/v2\/types\/product"}],"replies":[{"embeddable":true,"href":"https:\/\/baralivres.ma\/index.php?rest_route=%2Fwp%2Fv2%2Fcomments&post=14730"}],"version-history":[{"count":1,"href":"https:\/\/baralivres.ma\/index.php?rest_route=\/wp\/v2\/product\/14730\/revisions"}],"predecessor-version":[{"id":14735,"href":"https:\/\/baralivres.ma\/index.php?rest_route=\/wp\/v2\/product\/14730\/revisions\/14735"}],"wp:featuredmedia":[{"embeddable":true,"href":"https:\/\/baralivres.ma\/index.php?rest_route=\/wp\/v2\/media\/14734"}],"wp:attachment":[{"href":"https:\/\/baralivres.ma\/index.php?rest_route=%2Fwp%2Fv2%2Fmedia&parent=14730"}],"wp:term":[{"taxonomy":"product_cat","embeddable":true,"href":"https:\/\/baralivres.ma\/index.php?rest_route=%2Fwp%2Fv2%2Fproduct_cat&post=14730"},{"taxonomy":"product_tag","embeddable":true,"href":"https:\/\/baralivres.ma\/index.php?rest_route=%2Fwp%2Fv2%2Fproduct_tag&post=14730"}],"curies":[{"name":"wp","href":"https:\/\/api.w.org\/{rel}","templated":true}]}}