{"id":14729,"date":"2023-10-26T17:20:50","date_gmt":"2023-10-26T16:20:50","guid":{"rendered":"https:\/\/baralivres.ma\/?post_type=product&#038;p=14729"},"modified":"2023-10-26T17:23:25","modified_gmt":"2023-10-26T16:23:25","slug":"cent-ans-de-solitude","status":"publish","type":"product","link":"https:\/\/baralivres.ma\/?product=cent-ans-de-solitude","title":{"rendered":"Cent ans de solitude"},"content":{"rendered":"<p>L&rsquo;incontournable famille Buendia de Macondo est en proie \u00e0 une condamnation de cent ans de solitude d&rsquo;apr\u00e8s la pr\u00e9diction du gitan Melquiades. \u00c0 travers les m\u00e9andres de r\u00e9volutions, guerres civiles, fl\u00e9aux et d\u00e9sastres, cette famille vit une \u00e9pop\u00e9e l\u00e9gendaire qui couvre les trois phases de la vie : naissance, existence et d\u00e9clin. Un chef-d&rsquo;\u0153uvre du XXe si\u00e8cle sign\u00e9 Gabriel Garc\u00eda M\u00e1rquez, laur\u00e9at du prix Nobel de litt\u00e9rature en 1982.<\/p>\n","protected":false},"excerpt":{"rendered":"<p>La famille Buendia traverse cent ans d&rsquo;isolement \u00e0 Macondo, une \u00e9pop\u00e9e l\u00e9gendaire captur\u00e9e par Garc\u00eda M\u00e1rquez.<\/p>\n","protected":false},"featured_media":14732,"comment_status":"open","ping_status":"closed","template":"","meta":{"inline_featured_image":false},"product_cat":[204,143],"product_tag":[],"class_list":{"0":"post-14729","1":"product","2":"type-product","3":"status-publish","4":"has-post-thumbnail","6":"product_cat-francais","7":"product_cat-roman","8":"pa_auteurs-gabriel-garcia-marquez","10":"first","11":"instock","12":"shipping-taxable","13":"purchasable","14":"product-type-simple"},"_links":{"self":[{"href":"https:\/\/baralivres.ma\/index.php?rest_route=\/wp\/v2\/product\/14729","targetHints":{"allow":["GET"]}}],"collection":[{"href":"https:\/\/baralivres.ma\/index.php?rest_route=\/wp\/v2\/product"}],"about":[{"href":"https:\/\/baralivres.ma\/index.php?rest_route=\/wp\/v2\/types\/product"}],"replies":[{"embeddable":true,"href":"https:\/\/baralivres.ma\/index.php?rest_route=%2Fwp%2Fv2%2Fcomments&post=14729"}],"version-history":[{"count":1,"href":"https:\/\/baralivres.ma\/index.php?rest_route=\/wp\/v2\/product\/14729\/revisions"}],"predecessor-version":[{"id":14733,"href":"https:\/\/baralivres.ma\/index.php?rest_route=\/wp\/v2\/product\/14729\/revisions\/14733"}],"wp:featuredmedia":[{"embeddable":true,"href":"https:\/\/baralivres.ma\/index.php?rest_route=\/wp\/v2\/media\/14732"}],"wp:attachment":[{"href":"https:\/\/baralivres.ma\/index.php?rest_route=%2Fwp%2Fv2%2Fmedia&parent=14729"}],"wp:term":[{"taxonomy":"product_cat","embeddable":true,"href":"https:\/\/baralivres.ma\/index.php?rest_route=%2Fwp%2Fv2%2Fproduct_cat&post=14729"},{"taxonomy":"product_tag","embeddable":true,"href":"https:\/\/baralivres.ma\/index.php?rest_route=%2Fwp%2Fv2%2Fproduct_tag&post=14729"}],"curies":[{"name":"wp","href":"https:\/\/api.w.org\/{rel}","templated":true}]}}