{"id":14723,"date":"2023-10-26T17:15:51","date_gmt":"2023-10-26T16:15:51","guid":{"rendered":"https:\/\/baralivres.ma\/?post_type=product&#038;p=14723"},"modified":"2023-10-26T17:15:52","modified_gmt":"2023-10-26T16:15:52","slug":"voyage-au-bout-de-lenfance","status":"publish","type":"product","link":"https:\/\/baralivres.ma\/?product=voyage-au-bout-de-lenfance","title":{"rendered":"Voyage au bout de l&rsquo;enfance"},"content":{"rendered":"<p>Trois mois ont pass\u00e9 depuis que Fabien et sa famille sont coinc\u00e9s dans un camp en Syrie. Avant cela, Fabien \u00e9tait un gar\u00e7on heureux, passionn\u00e9 de football, de po\u00e9sie et entour\u00e9 d&rsquo;amis. Cependant, la d\u00e9cision de ses parents de rejoindre la Syrie a boulevers\u00e9 sa vie. Dans ce r\u00e9cit bouleversant, Fabien, malgr\u00e9 son jeune \u00e2ge, fait preuve d&rsquo;une grande lucidit\u00e9, de courage et d&rsquo;amour tout en faisant face \u00e0 l&rsquo;horreur qui l&rsquo;entoure. Rachid Benzine, enseignant et chercheur, met en lumi\u00e8re les souffrances et les d\u00e9fis auxquels sont confront\u00e9s les enfants pris au pi\u00e8ge des conflits arm\u00e9s. Son roman est un vibrant plaidoyer contre la cruaut\u00e9 et l&rsquo;absurdit\u00e9 de la guerre, offrant une perspective humaine sur un sujet d\u00e9chirant.<\/p>\n","protected":false},"excerpt":{"rendered":"<p>Un conte contemporain d\u00e9non\u00e7ant la cruaut\u00e9 et l&rsquo;absurdit\u00e9 de la guerre, mettant en sc\u00e8ne le parcours bouleversant d&rsquo;un enfant.<\/p>\n","protected":false},"featured_media":14727,"comment_status":"open","ping_status":"closed","template":"","meta":{"inline_featured_image":false},"product_cat":[204,143],"product_tag":[],"class_list":{"0":"post-14723","1":"product","2":"type-product","3":"status-publish","4":"has-post-thumbnail","6":"product_cat-francais","7":"product_cat-roman","8":"pa_auteurs-rachid-benzine","10":"first","11":"instock","12":"shipping-taxable","13":"purchasable","14":"product-type-simple"},"_links":{"self":[{"href":"https:\/\/baralivres.ma\/index.php?rest_route=\/wp\/v2\/product\/14723","targetHints":{"allow":["GET"]}}],"collection":[{"href":"https:\/\/baralivres.ma\/index.php?rest_route=\/wp\/v2\/product"}],"about":[{"href":"https:\/\/baralivres.ma\/index.php?rest_route=\/wp\/v2\/types\/product"}],"replies":[{"embeddable":true,"href":"https:\/\/baralivres.ma\/index.php?rest_route=%2Fwp%2Fv2%2Fcomments&post=14723"}],"version-history":[{"count":1,"href":"https:\/\/baralivres.ma\/index.php?rest_route=\/wp\/v2\/product\/14723\/revisions"}],"predecessor-version":[{"id":14728,"href":"https:\/\/baralivres.ma\/index.php?rest_route=\/wp\/v2\/product\/14723\/revisions\/14728"}],"wp:featuredmedia":[{"embeddable":true,"href":"https:\/\/baralivres.ma\/index.php?rest_route=\/wp\/v2\/media\/14727"}],"wp:attachment":[{"href":"https:\/\/baralivres.ma\/index.php?rest_route=%2Fwp%2Fv2%2Fmedia&parent=14723"}],"wp:term":[{"taxonomy":"product_cat","embeddable":true,"href":"https:\/\/baralivres.ma\/index.php?rest_route=%2Fwp%2Fv2%2Fproduct_cat&post=14723"},{"taxonomy":"product_tag","embeddable":true,"href":"https:\/\/baralivres.ma\/index.php?rest_route=%2Fwp%2Fv2%2Fproduct_tag&post=14723"}],"curies":[{"name":"wp","href":"https:\/\/api.w.org\/{rel}","templated":true}]}}