{"id":14719,"date":"2023-10-26T17:20:22","date_gmt":"2023-10-26T16:20:22","guid":{"rendered":"https:\/\/baralivres.ma\/?post_type=product&#038;p=14719"},"modified":"2023-10-26T17:20:22","modified_gmt":"2023-10-26T16:20:22","slug":"taxi","status":"publish","type":"product","link":"https:\/\/baralivres.ma\/?product=taxi","title":{"rendered":"Taxi"},"content":{"rendered":"<p>Les nouvelles en mouvement de Khaled Al Khamissi, bas\u00e9es sur des conversations r\u00e9elles avec des chauffeurs de taxi du Caire en 2005-2006, oscillent entre la cr\u00e9ation litt\u00e9raire et l&rsquo;enqu\u00eate sociologique. Elles d\u00e9peignent de mani\u00e8re \u00e0 la fois humoristique et sans concession une \u00c9gypte contemporaine qui, \u00e0 chaque page de ce livre, laisse transpara\u00eetre l&rsquo;urgence et l&rsquo;imminence d&rsquo;une r\u00e9volution, une r\u00e9volution qui a finalement \u00e9clat\u00e9.<\/p>\n","protected":false},"excerpt":{"rendered":"<p>Khaled Al Khamissi m\u00eale conversations de chauffeurs de taxi au Caire \u00e0 une vision pr\u00e9-r\u00e9volutionnaire de l&rsquo;\u00c9gypte.<\/p>\n","protected":false},"featured_media":14721,"comment_status":"open","ping_status":"closed","template":"","meta":{"inline_featured_image":false},"product_cat":[204,143],"product_tag":[],"class_list":{"0":"post-14719","1":"product","2":"type-product","3":"status-publish","4":"has-post-thumbnail","6":"product_cat-francais","7":"product_cat-roman","8":"pa_auteurs-khaled-al-khamissi","10":"first","11":"instock","12":"shipping-taxable","13":"purchasable","14":"product-type-simple"},"_links":{"self":[{"href":"https:\/\/baralivres.ma\/index.php?rest_route=\/wp\/v2\/product\/14719","targetHints":{"allow":["GET"]}}],"collection":[{"href":"https:\/\/baralivres.ma\/index.php?rest_route=\/wp\/v2\/product"}],"about":[{"href":"https:\/\/baralivres.ma\/index.php?rest_route=\/wp\/v2\/types\/product"}],"replies":[{"embeddable":true,"href":"https:\/\/baralivres.ma\/index.php?rest_route=%2Fwp%2Fv2%2Fcomments&post=14719"}],"version-history":[{"count":1,"href":"https:\/\/baralivres.ma\/index.php?rest_route=\/wp\/v2\/product\/14719\/revisions"}],"predecessor-version":[{"id":14731,"href":"https:\/\/baralivres.ma\/index.php?rest_route=\/wp\/v2\/product\/14719\/revisions\/14731"}],"wp:featuredmedia":[{"embeddable":true,"href":"https:\/\/baralivres.ma\/index.php?rest_route=\/wp\/v2\/media\/14721"}],"wp:attachment":[{"href":"https:\/\/baralivres.ma\/index.php?rest_route=%2Fwp%2Fv2%2Fmedia&parent=14719"}],"wp:term":[{"taxonomy":"product_cat","embeddable":true,"href":"https:\/\/baralivres.ma\/index.php?rest_route=%2Fwp%2Fv2%2Fproduct_cat&post=14719"},{"taxonomy":"product_tag","embeddable":true,"href":"https:\/\/baralivres.ma\/index.php?rest_route=%2Fwp%2Fv2%2Fproduct_tag&post=14719"}],"curies":[{"name":"wp","href":"https:\/\/api.w.org\/{rel}","templated":true}]}}