{"id":14715,"date":"2023-10-26T17:08:23","date_gmt":"2023-10-26T16:08:23","guid":{"rendered":"https:\/\/baralivres.ma\/?post_type=product&#038;p=14715"},"modified":"2023-10-26T17:08:24","modified_gmt":"2023-10-26T16:08:24","slug":"ce-que-je-noserai-jamais-te-dire","status":"publish","type":"product","link":"https:\/\/baralivres.ma\/?product=ce-que-je-noserai-jamais-te-dire","title":{"rendered":"Ce que je n&rsquo;oserai jamais te dire&#8230;"},"content":{"rendered":"<p>Le jour de son mariage avec Guillaume, Joy dispara\u00eet myst\u00e9rieusement dans la nature, plongeant son mari dans une profonde inqui\u00e9tude et le laissant tourment\u00e9 par des doutes lancinants. Guillaume se perd dans des sp\u00e9culations sans fin, remettant en question son amour passionn\u00e9 pour elle. La r\u00e9v\u00e9lation ultime du pr\u00eatre qui les a unis laisse Guillaume effondr\u00e9, car elle remet en cause toutes ses certitudes. Maintenant, il doit faire face \u00e0 la question de savoir s&rsquo;il peut pardonner \u00e0 Joy d&rsquo;avoir cach\u00e9 ses tourments et s&rsquo;il aura la force de lui tendre la main.<\/p>\n","protected":false},"excerpt":{"rendered":"<p>Joy dispara\u00eet le jour de son mariage, d\u00e9clenchant des doutes chez Guillaume. R\u00e9v\u00e9lation du pr\u00eatre chamboule tout. Pardon ?<\/p>\n","protected":false},"featured_media":14720,"comment_status":"open","ping_status":"closed","template":"","meta":{"inline_featured_image":false},"product_cat":[204,143],"product_tag":[],"class_list":{"0":"post-14715","1":"product","2":"type-product","3":"status-publish","4":"has-post-thumbnail","6":"product_cat-francais","7":"product_cat-roman","8":"pa_auteurs-bruno-combes","10":"first","11":"instock","12":"shipping-taxable","13":"purchasable","14":"product-type-simple"},"_links":{"self":[{"href":"https:\/\/baralivres.ma\/index.php?rest_route=\/wp\/v2\/product\/14715","targetHints":{"allow":["GET"]}}],"collection":[{"href":"https:\/\/baralivres.ma\/index.php?rest_route=\/wp\/v2\/product"}],"about":[{"href":"https:\/\/baralivres.ma\/index.php?rest_route=\/wp\/v2\/types\/product"}],"replies":[{"embeddable":true,"href":"https:\/\/baralivres.ma\/index.php?rest_route=%2Fwp%2Fv2%2Fcomments&post=14715"}],"version-history":[{"count":1,"href":"https:\/\/baralivres.ma\/index.php?rest_route=\/wp\/v2\/product\/14715\/revisions"}],"predecessor-version":[{"id":14722,"href":"https:\/\/baralivres.ma\/index.php?rest_route=\/wp\/v2\/product\/14715\/revisions\/14722"}],"wp:featuredmedia":[{"embeddable":true,"href":"https:\/\/baralivres.ma\/index.php?rest_route=\/wp\/v2\/media\/14720"}],"wp:attachment":[{"href":"https:\/\/baralivres.ma\/index.php?rest_route=%2Fwp%2Fv2%2Fmedia&parent=14715"}],"wp:term":[{"taxonomy":"product_cat","embeddable":true,"href":"https:\/\/baralivres.ma\/index.php?rest_route=%2Fwp%2Fv2%2Fproduct_cat&post=14715"},{"taxonomy":"product_tag","embeddable":true,"href":"https:\/\/baralivres.ma\/index.php?rest_route=%2Fwp%2Fv2%2Fproduct_tag&post=14715"}],"curies":[{"name":"wp","href":"https:\/\/api.w.org\/{rel}","templated":true}]}}