{"id":14710,"date":"2023-10-26T17:07:02","date_gmt":"2023-10-26T16:07:02","guid":{"rendered":"https:\/\/baralivres.ma\/?post_type=product&#038;p=14710"},"modified":"2023-10-26T17:07:02","modified_gmt":"2023-10-26T16:07:02","slug":"le-premier-amour-est-toujours-le-dernier","status":"publish","type":"product","link":"https:\/\/baralivres.ma\/?product=le-premier-amour-est-toujours-le-dernier","title":{"rendered":"Le Premier amour est toujours le dernier"},"content":{"rendered":"<p>L&rsquo;auteur explore divers aspects de la soci\u00e9t\u00e9 marocaine, y compris la dualit\u00e9 entre tradition et modernit\u00e9, les relations amoureuses et le r\u00f4le de la religion dans les relations homme-femme. Ses personnages f\u00e9minins sont souvent ambivalents, illustrant la ruse, la s\u00e9duction, et la domination, tandis que les personnages masculins sont \u00e9galement au centre de l&rsquo;histoire, d\u00e9peignant l&rsquo;id\u00e9e de changement de personnalit\u00e9 comme une illusion. L&rsquo;ensemble vise \u00e0 informer et divertir les lecteurs, en mettant en lumi\u00e8re l&rsquo;universalit\u00e9 des sentiments amoureux.<\/p>\n","protected":false},"excerpt":{"rendered":"<p>Recueil de nouvelles explorant l&rsquo;amour, les relations hommes-femmes et la soci\u00e9t\u00e9 marocaine, illustrant ambivalence et universalit\u00e9.<\/p>\n","protected":false},"featured_media":14716,"comment_status":"open","ping_status":"closed","template":"","meta":{"inline_featured_image":false},"product_cat":[204,143],"product_tag":[],"class_list":{"0":"post-14710","1":"product","2":"type-product","3":"status-publish","4":"has-post-thumbnail","6":"product_cat-francais","7":"product_cat-roman","8":"pa_auteurs-tahar-ben-jelloun","10":"first","11":"instock","12":"shipping-taxable","13":"purchasable","14":"product-type-simple"},"_links":{"self":[{"href":"https:\/\/baralivres.ma\/index.php?rest_route=\/wp\/v2\/product\/14710","targetHints":{"allow":["GET"]}}],"collection":[{"href":"https:\/\/baralivres.ma\/index.php?rest_route=\/wp\/v2\/product"}],"about":[{"href":"https:\/\/baralivres.ma\/index.php?rest_route=\/wp\/v2\/types\/product"}],"replies":[{"embeddable":true,"href":"https:\/\/baralivres.ma\/index.php?rest_route=%2Fwp%2Fv2%2Fcomments&post=14710"}],"version-history":[{"count":1,"href":"https:\/\/baralivres.ma\/index.php?rest_route=\/wp\/v2\/product\/14710\/revisions"}],"predecessor-version":[{"id":14717,"href":"https:\/\/baralivres.ma\/index.php?rest_route=\/wp\/v2\/product\/14710\/revisions\/14717"}],"wp:featuredmedia":[{"embeddable":true,"href":"https:\/\/baralivres.ma\/index.php?rest_route=\/wp\/v2\/media\/14716"}],"wp:attachment":[{"href":"https:\/\/baralivres.ma\/index.php?rest_route=%2Fwp%2Fv2%2Fmedia&parent=14710"}],"wp:term":[{"taxonomy":"product_cat","embeddable":true,"href":"https:\/\/baralivres.ma\/index.php?rest_route=%2Fwp%2Fv2%2Fproduct_cat&post=14710"},{"taxonomy":"product_tag","embeddable":true,"href":"https:\/\/baralivres.ma\/index.php?rest_route=%2Fwp%2Fv2%2Fproduct_tag&post=14710"}],"curies":[{"name":"wp","href":"https:\/\/api.w.org\/{rel}","templated":true}]}}