{"id":14709,"date":"2023-10-26T17:04:49","date_gmt":"2023-10-26T16:04:49","guid":{"rendered":"https:\/\/baralivres.ma\/?post_type=product&#038;p=14709"},"modified":"2023-10-26T17:04:49","modified_gmt":"2023-10-26T16:04:49","slug":"je-ne-cours-plus-quapres-mes-reves","status":"publish","type":"product","link":"https:\/\/baralivres.ma\/?product=je-ne-cours-plus-quapres-mes-reves","title":{"rendered":"Je ne cours plus qu&rsquo;apr\u00e8s mes r\u00eaves"},"content":{"rendered":"<p>\u00c0 l&rsquo;\u00e2ge de dix-huit ans, Louane aspire \u00e0 une vie d&rsquo;aventures, mais voit ses espoirs s&rsquo;effondrer lorsque ses r\u00e9sultats au baccalaur\u00e9at ne sont pas \u00e0 la hauteur. Cependant, tout change le jour o\u00f9&#8230; Laurene, \u00e2g\u00e9e de trente-neuf ans, conna\u00eet une carri\u00e8re brillante mais semble fuir le bonheur d\u00e8s qu&rsquo;il se pr\u00e9sente. Jusqu&rsquo;\u00e0 ce que&#8230; Louise, \u00e0 la retraite, se retrouve veuve et \u00e9prouve la solitude pour la premi\u00e8re fois de sa vie. Convaincue que l&rsquo;avenir ne lui r\u00e9serve plus de surprises, elle est sur le point de d\u00e9couvrir qu&rsquo;elle se trompe. Ces trois femmes, appartenant \u00e0 trois g\u00e9n\u00e9rations diff\u00e9rentes, partagent un point commun : leur refus de renoncer \u00e0 leurs r\u00eaves. L&rsquo;aventure qu&rsquo;elles s&rsquo;appr\u00eatent \u00e0 vivre ensemble les transformera \u00e0 jamais.<\/p>\n","protected":false},"excerpt":{"rendered":"<p>Trois femmes de diff\u00e9rentes g\u00e9n\u00e9rations poursuivent leurs r\u00eaves malgr\u00e9 les obstacles, transformant leurs vies \u00e0 jamais.<\/p>\n","protected":false},"featured_media":14711,"comment_status":"open","ping_status":"closed","template":"","meta":{"inline_featured_image":false},"product_cat":[204,143],"product_tag":[],"class_list":{"0":"post-14709","1":"product","2":"type-product","3":"status-publish","4":"has-post-thumbnail","6":"product_cat-francais","7":"product_cat-roman","8":"pa_auteurs-bruno-combes","10":"first","11":"instock","12":"shipping-taxable","13":"purchasable","14":"product-type-simple"},"_links":{"self":[{"href":"https:\/\/baralivres.ma\/index.php?rest_route=\/wp\/v2\/product\/14709","targetHints":{"allow":["GET"]}}],"collection":[{"href":"https:\/\/baralivres.ma\/index.php?rest_route=\/wp\/v2\/product"}],"about":[{"href":"https:\/\/baralivres.ma\/index.php?rest_route=\/wp\/v2\/types\/product"}],"replies":[{"embeddable":true,"href":"https:\/\/baralivres.ma\/index.php?rest_route=%2Fwp%2Fv2%2Fcomments&post=14709"}],"version-history":[{"count":1,"href":"https:\/\/baralivres.ma\/index.php?rest_route=\/wp\/v2\/product\/14709\/revisions"}],"predecessor-version":[{"id":14712,"href":"https:\/\/baralivres.ma\/index.php?rest_route=\/wp\/v2\/product\/14709\/revisions\/14712"}],"wp:featuredmedia":[{"embeddable":true,"href":"https:\/\/baralivres.ma\/index.php?rest_route=\/wp\/v2\/media\/14711"}],"wp:attachment":[{"href":"https:\/\/baralivres.ma\/index.php?rest_route=%2Fwp%2Fv2%2Fmedia&parent=14709"}],"wp:term":[{"taxonomy":"product_cat","embeddable":true,"href":"https:\/\/baralivres.ma\/index.php?rest_route=%2Fwp%2Fv2%2Fproduct_cat&post=14709"},{"taxonomy":"product_tag","embeddable":true,"href":"https:\/\/baralivres.ma\/index.php?rest_route=%2Fwp%2Fv2%2Fproduct_tag&post=14709"}],"curies":[{"name":"wp","href":"https:\/\/api.w.org\/{rel}","templated":true}]}}