{"id":14706,"date":"2023-10-26T17:07:23","date_gmt":"2023-10-26T16:07:23","guid":{"rendered":"https:\/\/baralivres.ma\/?post_type=product&#038;p=14706"},"modified":"2023-10-26T17:07:23","modified_gmt":"2023-10-26T16:07:23","slug":"larche-de-noe","status":"publish","type":"product","link":"https:\/\/baralivres.ma\/?product=larche-de-noe","title":{"rendered":"L&rsquo;Arche de No\u00e9"},"content":{"rendered":"<p>Ahmad Ezzedine, un jeune dipl\u00f4m\u00e9 en droit, incapable d&rsquo;acc\u00e9der au poste qu&rsquo;il avait toujours d\u00e9sir\u00e9 en raison de l&rsquo;obligation de verser un pot-de-vin \u00ab\u00a0standard\u00a0\u00bb, prend la d\u00e9cision de quitter son pays pour les \u00c9tats-Unis, mettant ainsi fin \u00e0 sa relation avec sa fianc\u00e9e. Celle-ci est forc\u00e9e par ses parents \u00e0 \u00e9pouser un restaurateur d\u00e9j\u00e0 \u00e9tabli \u00e0 New York, aid\u00e9 par son cuisinier et homme \u00e0 tout faire, Abd al-Latif Awad, qui a immigr\u00e9 clandestinement aux \u00c9tats-Unis apr\u00e8s un voyage tumultueux en Am\u00e9rique du Sud. Cependant, Abd al-Latif se retrouve bient\u00f4t au service d&rsquo;un homme d&rsquo;affaires corrompu qui a r\u00e9ussi \u00e0 dissimuler sa grande fortune \u00e0 l&rsquo;\u00e9tranger&#8230;<\/p>\n<p>L&rsquo;auteur de Taxi dresse ici le portrait de douze personnages, avec la m\u00eame \u00e9nergie narrative et le m\u00eame talent, dont les destins se sont entrelac\u00e9s avant ou apr\u00e8s leur migration \u00e0 la recherche d&rsquo;un emploi, ou de leur tentative. Ces portraits r\u00e9v\u00e8lent une soci\u00e9t\u00e9 au bord de l&rsquo;explosion, rong\u00e9e par la corruption, la r\u00e9pression politique et les discriminations fond\u00e9es sur la religion ou l&rsquo;origine ethnique.<\/p>\n<p>En regard des \u00e9v\u00e9nements de 2011 en \u00c9gypte, ce roman de Khaled Al Khamissi, r\u00e9dig\u00e9 en 2009, se distingue par sa capacit\u00e9 pr\u00e9monitoire remarquable.<\/p>\n","protected":false},"excerpt":{"rendered":"<p>En qu\u00eate de r\u00eaves bris\u00e9s, immigrants \u00e9gyptiens aux USA confront\u00e9s \u00e0 corruption, discrimination, et pr\u00e9dictions r\u00e9volutionnaires.<\/p>\n","protected":false},"featured_media":14714,"comment_status":"open","ping_status":"closed","template":"","meta":{"inline_featured_image":false},"product_cat":[204,143],"product_tag":[],"class_list":{"0":"post-14706","1":"product","2":"type-product","3":"status-publish","4":"has-post-thumbnail","6":"product_cat-francais","7":"product_cat-roman","8":"pa_auteurs-khaled-al-khamissi","10":"first","11":"instock","12":"shipping-taxable","13":"purchasable","14":"product-type-simple"},"_links":{"self":[{"href":"https:\/\/baralivres.ma\/index.php?rest_route=\/wp\/v2\/product\/14706","targetHints":{"allow":["GET"]}}],"collection":[{"href":"https:\/\/baralivres.ma\/index.php?rest_route=\/wp\/v2\/product"}],"about":[{"href":"https:\/\/baralivres.ma\/index.php?rest_route=\/wp\/v2\/types\/product"}],"replies":[{"embeddable":true,"href":"https:\/\/baralivres.ma\/index.php?rest_route=%2Fwp%2Fv2%2Fcomments&post=14706"}],"version-history":[{"count":1,"href":"https:\/\/baralivres.ma\/index.php?rest_route=\/wp\/v2\/product\/14706\/revisions"}],"predecessor-version":[{"id":14718,"href":"https:\/\/baralivres.ma\/index.php?rest_route=\/wp\/v2\/product\/14706\/revisions\/14718"}],"wp:featuredmedia":[{"embeddable":true,"href":"https:\/\/baralivres.ma\/index.php?rest_route=\/wp\/v2\/media\/14714"}],"wp:attachment":[{"href":"https:\/\/baralivres.ma\/index.php?rest_route=%2Fwp%2Fv2%2Fmedia&parent=14706"}],"wp:term":[{"taxonomy":"product_cat","embeddable":true,"href":"https:\/\/baralivres.ma\/index.php?rest_route=%2Fwp%2Fv2%2Fproduct_cat&post=14706"},{"taxonomy":"product_tag","embeddable":true,"href":"https:\/\/baralivres.ma\/index.php?rest_route=%2Fwp%2Fv2%2Fproduct_tag&post=14706"}],"curies":[{"name":"wp","href":"https:\/\/api.w.org\/{rel}","templated":true}]}}