{"id":14703,"date":"2023-10-26T17:00:06","date_gmt":"2023-10-26T16:00:06","guid":{"rendered":"https:\/\/baralivres.ma\/?post_type=product&#038;p=14703"},"modified":"2025-02-20T09:36:37","modified_gmt":"2025-02-20T08:36:37","slug":"lislam-explique-aux-enfants-et-a-leurs-parents","status":"publish","type":"product","link":"https:\/\/baralivres.ma\/?product=lislam-explique-aux-enfants-et-a-leurs-parents","title":{"rendered":"L&rsquo;Islam expliqu\u00e9 aux enfants (et \u00e0 leurs parents)"},"content":{"rendered":"<p>Dans cet ouvrage, l&rsquo;auteur se propose de pr\u00e9senter l&rsquo;islam et la civilisation arabe \u00e0 ses enfants, n\u00e9s musulmans, ainsi qu&rsquo;\u00e0 tous les enfants, ind\u00e9pendamment de leur origine, religion, langue ou aspirations. Il s&rsquo;agit d&rsquo;une narration objective et simple de l&rsquo;histoire d&rsquo;un homme devenu proph\u00e8te, ainsi que de l&rsquo;histoire d&rsquo;une religion et d&rsquo;une civilisation qui ont apport\u00e9 de nombreuses contributions \u00e0 l&rsquo;humanit\u00e9.<\/p>\n<p>L&rsquo;auteur aborde \u00e9galement la mani\u00e8re dont cette religion, ses principes et ses valeurs ont parfois \u00e9t\u00e9 d\u00e9tourn\u00e9s pour servir des id\u00e9ologies fanatiques. Il souligne l&rsquo;importance d&rsquo;une \u00e9ducation approfondie sur l&rsquo;islam et les autres religions monoth\u00e9istes.<\/p>\n<p>Dans l&rsquo;ensemble, l&rsquo;objectif est d&rsquo;expliquer l&rsquo;islam aux enfants tout en fournissant des informations utiles aux parents.<\/p>\n","protected":false},"excerpt":{"rendered":"<p>Un r\u00e9cit simple et objectif sur l&rsquo;islam, son histoire, sa civilisation, et la lutte contre l&rsquo;extr\u00e9misme religieux.<\/p>\n","protected":false},"featured_media":14704,"comment_status":"open","ping_status":"closed","template":"","meta":{"inline_featured_image":false},"product_cat":[3725,3862,4214],"product_tag":[],"class_list":{"0":"post-14703","1":"product","2":"type-product","3":"status-publish","4":"has-post-thumbnail","6":"product_cat-litterature-religieuse","7":"product_cat-spiritualite","8":"product_cat-voyage-spirituel-pendant-le-ramadan","9":"pa_auteurs-tahar-ben-jelloun","11":"first","12":"instock","13":"shipping-taxable","14":"purchasable","15":"product-type-simple"},"_links":{"self":[{"href":"https:\/\/baralivres.ma\/index.php?rest_route=\/wp\/v2\/product\/14703","targetHints":{"allow":["GET"]}}],"collection":[{"href":"https:\/\/baralivres.ma\/index.php?rest_route=\/wp\/v2\/product"}],"about":[{"href":"https:\/\/baralivres.ma\/index.php?rest_route=\/wp\/v2\/types\/product"}],"replies":[{"embeddable":true,"href":"https:\/\/baralivres.ma\/index.php?rest_route=%2Fwp%2Fv2%2Fcomments&post=14703"}],"version-history":[{"count":1,"href":"https:\/\/baralivres.ma\/index.php?rest_route=\/wp\/v2\/product\/14703\/revisions"}],"predecessor-version":[{"id":14705,"href":"https:\/\/baralivres.ma\/index.php?rest_route=\/wp\/v2\/product\/14703\/revisions\/14705"}],"wp:featuredmedia":[{"embeddable":true,"href":"https:\/\/baralivres.ma\/index.php?rest_route=\/wp\/v2\/media\/14704"}],"wp:attachment":[{"href":"https:\/\/baralivres.ma\/index.php?rest_route=%2Fwp%2Fv2%2Fmedia&parent=14703"}],"wp:term":[{"taxonomy":"product_cat","embeddable":true,"href":"https:\/\/baralivres.ma\/index.php?rest_route=%2Fwp%2Fv2%2Fproduct_cat&post=14703"},{"taxonomy":"product_tag","embeddable":true,"href":"https:\/\/baralivres.ma\/index.php?rest_route=%2Fwp%2Fv2%2Fproduct_tag&post=14703"}],"curies":[{"name":"wp","href":"https:\/\/api.w.org\/{rel}","templated":true}]}}