{"id":14702,"date":"2023-10-26T17:01:11","date_gmt":"2023-10-26T16:01:11","guid":{"rendered":"https:\/\/baralivres.ma\/?post_type=product&#038;p=14702"},"modified":"2023-10-26T17:01:12","modified_gmt":"2023-10-26T16:01:12","slug":"un-souffle-sur-la-main","status":"publish","type":"product","link":"https:\/\/baralivres.ma\/?product=un-souffle-sur-la-main","title":{"rendered":"Un souffle sur la main"},"content":{"rendered":"<p>N\u00e9e \u00e0 Avignon, Lou r\u00e9side actuellement \u00e0 Paris, o\u00f9 elle a connu une carri\u00e8re florissante dans le secteur de l&rsquo;immobilier. Cependant, sa vie personnelle est marqu\u00e9e par une s\u00e9rie de relations \u00e9ph\u00e9m\u00e8res, cons\u00e9quence d&rsquo;une profonde m\u00e9fiance envers les hommes depuis le jour o\u00f9 elle a surpris son p\u00e8re dans les bras d&rsquo;une \u00e9trang\u00e8re \u00e0 l&rsquo;\u00e2ge de seize ans. Depuis lors, elle n&rsquo;a plus eu de contact avec lui. Alors qu&rsquo;elle approche la quarantaine, ce traumatisme continue de la hanter. Tout bascule lorsque sa m\u00e8re, sur son lit de mort, lui confie un secret troublant, poussant Lou \u00e0 entreprendre sa propre enqu\u00eate avant que la v\u00e9rit\u00e9 ne lui \u00e9chappe. De retour dans sa r\u00e9gion natale de Provence, Lou est soutenue par ses amis et s&rsquo;efforce de d\u00e9m\u00ealer les mensonges du pass\u00e9, tout en \u00e9tant confront\u00e9e aux blessures du pr\u00e9sent. Dans sa qu\u00eate de reconstruction, parviendra-t-elle enfin \u00e0 s&rsquo;accorder le droit d&rsquo;aimer ?<\/p>\n","protected":false},"excerpt":{"rendered":"<p>Lou, d&rsquo;Avignon \u00e0 Paris, r\u00e9ussite professionnelle, m\u00e9fiance envers les hommes, secret maternel, enqu\u00eate en Provence, reconstruction, amour.<\/p>\n","protected":false},"featured_media":14707,"comment_status":"open","ping_status":"closed","template":"","meta":{"inline_featured_image":false},"product_cat":[204,143],"product_tag":[],"class_list":{"0":"post-14702","1":"product","2":"type-product","3":"status-publish","4":"has-post-thumbnail","6":"product_cat-francais","7":"product_cat-roman","8":"pa_auteurs-bruno-combes","10":"first","11":"instock","12":"shipping-taxable","13":"purchasable","14":"product-type-simple"},"_links":{"self":[{"href":"https:\/\/baralivres.ma\/index.php?rest_route=\/wp\/v2\/product\/14702","targetHints":{"allow":["GET"]}}],"collection":[{"href":"https:\/\/baralivres.ma\/index.php?rest_route=\/wp\/v2\/product"}],"about":[{"href":"https:\/\/baralivres.ma\/index.php?rest_route=\/wp\/v2\/types\/product"}],"replies":[{"embeddable":true,"href":"https:\/\/baralivres.ma\/index.php?rest_route=%2Fwp%2Fv2%2Fcomments&post=14702"}],"version-history":[{"count":1,"href":"https:\/\/baralivres.ma\/index.php?rest_route=\/wp\/v2\/product\/14702\/revisions"}],"predecessor-version":[{"id":14708,"href":"https:\/\/baralivres.ma\/index.php?rest_route=\/wp\/v2\/product\/14702\/revisions\/14708"}],"wp:featuredmedia":[{"embeddable":true,"href":"https:\/\/baralivres.ma\/index.php?rest_route=\/wp\/v2\/media\/14707"}],"wp:attachment":[{"href":"https:\/\/baralivres.ma\/index.php?rest_route=%2Fwp%2Fv2%2Fmedia&parent=14702"}],"wp:term":[{"taxonomy":"product_cat","embeddable":true,"href":"https:\/\/baralivres.ma\/index.php?rest_route=%2Fwp%2Fv2%2Fproduct_cat&post=14702"},{"taxonomy":"product_tag","embeddable":true,"href":"https:\/\/baralivres.ma\/index.php?rest_route=%2Fwp%2Fv2%2Fproduct_tag&post=14702"}],"curies":[{"name":"wp","href":"https:\/\/api.w.org\/{rel}","templated":true}]}}