{"id":14695,"date":"2023-10-26T16:51:47","date_gmt":"2023-10-26T15:51:47","guid":{"rendered":"https:\/\/baralivres.ma\/?post_type=product&#038;p=14695"},"modified":"2023-10-26T16:51:48","modified_gmt":"2023-10-26T15:51:48","slug":"la-part-des-anges","status":"publish","type":"product","link":"https:\/\/baralivres.ma\/?product=la-part-des-anges","title":{"rendered":"La Part des Anges"},"content":{"rendered":"<p>Depuis le tragique d\u00e9c\u00e8s accidentel de son fils, Lisa a perdu tout int\u00e9r\u00eat pour la vie. En compagnie de son mari et de leur fille, elle d\u00e9cide de quitter Paris pour s&rsquo;installer au c\u0153ur du P\u00e9rigord, dans une maison isol\u00e9e baptis\u00e9e La Part des Anges, esp\u00e9rant ainsi repartir de z\u00e9ro. Malheureusement, ses efforts sont vains, jusqu&rsquo;\u00e0 ce qu&rsquo;un jour, en fouillant le grenier de l&rsquo;ancienne ferme, Lisa d\u00e9couvre le journal d&rsquo;Alice, une jeune femme qui a v\u00e9cu \u00e0 La Part des Anges pendant la Seconde Guerre mondiale. Au fil des pages, Alice relate une vie marqu\u00e9e par des \u00e9preuves, le combat pour la survie de sa famille, mais aussi l&rsquo;amour et l&rsquo;espoir. Ce destin, qui remonte \u00e0 quatre-vingts ans, \u00e9voque \u00e9tonnamment l&rsquo;histoire de Lisa. Confront\u00e9e au courage d&rsquo;Alice, Lisa parviendra-t-elle \u00e0 r\u00e9unir la force n\u00e9cessaire pour se reconstruire ?<\/p>\n","protected":false},"excerpt":{"rendered":"<div class=\"group final-completion w-full text-token-text-primary border-b border-black\/10 gizmo:border-0 dark:border-gray-900\/50 gizmo:dark:border-0 bg-gray-50 gizmo:bg-transparent dark:bg-[#444654] gizmo:dark:bg-transparent\" data-testid=\"conversation-turn-5\">\n<div class=\"p-4 gizmo:py-2 justify-center text-base md:gap-6 md:py-6 m-auto\">\n<div class=\"flex flex-1 gap-4 text-base mx-auto md:gap-6 gizmo:gap-3 gizmo:md:px-5 gizmo:lg:px-1 gizmo:xl:px-5 md:max-w-2xl lg:max-w-[38rem] gizmo:md:max-w-3xl gizmo:lg:max-w-[40rem] gizmo:xl:max-w-[48rem] xl:max-w-3xl }\">\n<div class=\"relative flex w-[calc(100%-50px)] flex-col gizmo:w-full lg:w-[calc(100%-115px)] agent-turn\">\n<div class=\"flex-col gap-1 md:gap-3\">\n<div class=\"flex flex-grow flex-col gap-3 max-w-full\">\n<div class=\"min-h-[20px] flex flex-col items-start gap-3 whitespace-pre-wrap break-words overflow-x-auto\">\n<div class=\"markdown prose w-full break-words dark:prose-invert light\">\n<p>Lisa, marqu\u00e9e par la perte de son fils, d\u00e9couvre le journal d&rsquo;Alice, trouvant force et espoir.<\/p>\n<\/div>\n<\/div>\n<\/div>\n<div class=\"flex justify-between empty:hidden gizmo:justify-start gizmo:gap-3 lg:block gizmo:lg:flex\">\n<div class=\"text-gray-400 flex self-end lg:self-center justify-center gizmo:lg:justify-start mt-2 gizmo:mt-0 visible lg:gap-1 lg:absolute lg:top-0 lg:translate-x-full lg:right-0 lg:mt-0 lg:pl-2 gap-2 md:gap-3\"><button class=\"flex ml-auto gizmo:ml-0 gap-2 items-center rounded-md p-1 text-xs gizmo:gap-1.5 gizmo:pl-0 dark:text-gray-400 dark:hover:bg-gray-700 dark:hover:text-gray-200 disabled:dark:hover:text-gray-400 hover:bg-gray-100 hover:text-gray-700\"><\/button><\/p>\n<div class=\"flex gap-1 gizmo:gap-3\"><\/div>\n<\/div>\n<\/div>\n<\/div>\n<\/div>\n<\/div>\n<\/div>\n<\/div>\n","protected":false},"featured_media":14700,"comment_status":"open","ping_status":"closed","template":"","meta":{"inline_featured_image":false},"product_cat":[204,143],"product_tag":[],"class_list":{"0":"post-14695","1":"product","2":"type-product","3":"status-publish","4":"has-post-thumbnail","6":"product_cat-francais","7":"product_cat-roman","8":"pa_auteurs-bruno-combes","10":"first","11":"instock","12":"shipping-taxable","13":"purchasable","14":"product-type-simple"},"_links":{"self":[{"href":"https:\/\/baralivres.ma\/index.php?rest_route=\/wp\/v2\/product\/14695","targetHints":{"allow":["GET"]}}],"collection":[{"href":"https:\/\/baralivres.ma\/index.php?rest_route=\/wp\/v2\/product"}],"about":[{"href":"https:\/\/baralivres.ma\/index.php?rest_route=\/wp\/v2\/types\/product"}],"replies":[{"embeddable":true,"href":"https:\/\/baralivres.ma\/index.php?rest_route=%2Fwp%2Fv2%2Fcomments&post=14695"}],"version-history":[{"count":1,"href":"https:\/\/baralivres.ma\/index.php?rest_route=\/wp\/v2\/product\/14695\/revisions"}],"predecessor-version":[{"id":14701,"href":"https:\/\/baralivres.ma\/index.php?rest_route=\/wp\/v2\/product\/14695\/revisions\/14701"}],"wp:featuredmedia":[{"embeddable":true,"href":"https:\/\/baralivres.ma\/index.php?rest_route=\/wp\/v2\/media\/14700"}],"wp:attachment":[{"href":"https:\/\/baralivres.ma\/index.php?rest_route=%2Fwp%2Fv2%2Fmedia&parent=14695"}],"wp:term":[{"taxonomy":"product_cat","embeddable":true,"href":"https:\/\/baralivres.ma\/index.php?rest_route=%2Fwp%2Fv2%2Fproduct_cat&post=14695"},{"taxonomy":"product_tag","embeddable":true,"href":"https:\/\/baralivres.ma\/index.php?rest_route=%2Fwp%2Fv2%2Fproduct_tag&post=14695"}],"curies":[{"name":"wp","href":"https:\/\/api.w.org\/{rel}","templated":true}]}}