{"id":14694,"date":"2023-10-26T16:47:42","date_gmt":"2023-10-26T15:47:42","guid":{"rendered":"https:\/\/baralivres.ma\/?post_type=product&#038;p=14694"},"modified":"2023-10-26T16:47:42","modified_gmt":"2023-10-26T15:47:42","slug":"cendrillon-2","status":"publish","type":"product","link":"https:\/\/baralivres.ma\/?product=cendrillon-2","title":{"rendered":"Cendrillon"},"content":{"rendered":"<p>\u00ab\u00a0Permettez-moi de vous partager une histoire datant de temps imm\u00e9moriaux&#8230; Cette r\u00e9cit nous conduit dans l&rsquo;univers de Cendrillon, une jeune fille qui endure sto\u00efquement les t\u00e2ches p\u00e9nibles et les mauvais traitements qui lui sont inflig\u00e9s. Cependant, Jo\u00ebl Pommerat, perplexe face \u00e0 une telle bont\u00e9, d\u00e9cide de revisiter le parcours de cette h\u00e9ro\u00efne pour en saisir la signification profonde. Cr\u00e9\u00e9e sur sc\u00e8ne et puisant son inspiration dans les \u00e9l\u00e9ments impr\u00e9vus du spectacle en direct, sa r\u00e9\u00e9criture brise compl\u00e8tement les conventions du vieux conte.<\/p>\n<p>Cette pi\u00e8ce, m\u00e9langeant obscurit\u00e9 et ironie, s&rsquo;amuse avec nos pr\u00e9conceptions et nous am\u00e8ne \u00e0 questionner notre d\u00e9sir d&rsquo;entendre des r\u00e9cits.\u00a0\u00bb<\/p>\n","protected":false},"excerpt":{"rendered":"<p>Jo\u00ebl Pommerat r\u00e9invente Cendrillon, explorant la bont\u00e9 et la r\u00e9bellion dans une pi\u00e8ce captivante, m\u00e9langeant obscurit\u00e9 et humour.<\/p>\n","protected":false},"featured_media":14696,"comment_status":"open","ping_status":"closed","template":"","meta":{"inline_featured_image":false},"product_cat":[204,143],"product_tag":[],"class_list":{"0":"post-14694","1":"product","2":"type-product","3":"status-publish","4":"has-post-thumbnail","6":"product_cat-francais","7":"product_cat-roman","8":"pa_auteurs-pommerat","10":"first","11":"instock","12":"shipping-taxable","13":"purchasable","14":"product-type-simple"},"_links":{"self":[{"href":"https:\/\/baralivres.ma\/index.php?rest_route=\/wp\/v2\/product\/14694","targetHints":{"allow":["GET"]}}],"collection":[{"href":"https:\/\/baralivres.ma\/index.php?rest_route=\/wp\/v2\/product"}],"about":[{"href":"https:\/\/baralivres.ma\/index.php?rest_route=\/wp\/v2\/types\/product"}],"replies":[{"embeddable":true,"href":"https:\/\/baralivres.ma\/index.php?rest_route=%2Fwp%2Fv2%2Fcomments&post=14694"}],"version-history":[{"count":1,"href":"https:\/\/baralivres.ma\/index.php?rest_route=\/wp\/v2\/product\/14694\/revisions"}],"predecessor-version":[{"id":14699,"href":"https:\/\/baralivres.ma\/index.php?rest_route=\/wp\/v2\/product\/14694\/revisions\/14699"}],"wp:featuredmedia":[{"embeddable":true,"href":"https:\/\/baralivres.ma\/index.php?rest_route=\/wp\/v2\/media\/14696"}],"wp:attachment":[{"href":"https:\/\/baralivres.ma\/index.php?rest_route=%2Fwp%2Fv2%2Fmedia&parent=14694"}],"wp:term":[{"taxonomy":"product_cat","embeddable":true,"href":"https:\/\/baralivres.ma\/index.php?rest_route=%2Fwp%2Fv2%2Fproduct_cat&post=14694"},{"taxonomy":"product_tag","embeddable":true,"href":"https:\/\/baralivres.ma\/index.php?rest_route=%2Fwp%2Fv2%2Fproduct_tag&post=14694"}],"curies":[{"name":"wp","href":"https:\/\/api.w.org\/{rel}","templated":true}]}}