{"id":14693,"date":"2023-10-26T16:47:07","date_gmt":"2023-10-26T15:47:07","guid":{"rendered":"https:\/\/baralivres.ma\/?post_type=product&#038;p=14693"},"modified":"2023-10-26T16:47:08","modified_gmt":"2023-10-26T15:47:08","slug":"jour-de-silence-a-tanger","status":"publish","type":"product","link":"https:\/\/baralivres.ma\/?product=jour-de-silence-a-tanger","title":{"rendered":"Jour de silence \u00e0 Tanger"},"content":{"rendered":"<p>Au c\u0153ur d&rsquo;une vaste et d\u00e9labr\u00e9e demeure \u00e0 Tanger, un vieil homme se trouve plong\u00e9 dans la monotonie de sa solitude. Cependant, une journ\u00e9e marqu\u00e9e par le vent et le silence lui offre l&rsquo;occasion de se rem\u00e9morer les visages, les voix, les rencontres avec les voisins d&rsquo;autrefois, ainsi que les souvenirs d&rsquo;une femme et de moments partag\u00e9s. Le narrateur, vieillissant et perdu dans ses pens\u00e9es, se confronte \u00e0 la question de l&rsquo;acceptation de la vieillesse. Dans cette narration introspective, l&rsquo;image du p\u00e8re pr\u00e9domine, et le narrateur, avec une certaine aust\u00e9rit\u00e9, r\u00e9fl\u00e9chit sur les non-dits et les secrets inavou\u00e9s de sa vie. Il profite de rares moments pour donner voix \u00e0 ses pens\u00e9es, dans une m\u00e9ditation silencieuse.<\/p>\n","protected":false},"excerpt":{"rendered":"<p>Dans une d\u00e9cr\u00e9pite maison de Tanger, un vieil homme, plong\u00e9 dans l&rsquo;ennui et la solitude, se rem\u00e9more le pass\u00e9.<\/p>\n","protected":false},"featured_media":14697,"comment_status":"open","ping_status":"closed","template":"","meta":{"inline_featured_image":false},"product_cat":[204,143],"product_tag":[],"class_list":{"0":"post-14693","1":"product","2":"type-product","3":"status-publish","4":"has-post-thumbnail","6":"product_cat-francais","7":"product_cat-roman","8":"pa_auteurs-tahar-ben-jelloun","10":"first","11":"instock","12":"shipping-taxable","13":"purchasable","14":"product-type-simple"},"_links":{"self":[{"href":"https:\/\/baralivres.ma\/index.php?rest_route=\/wp\/v2\/product\/14693","targetHints":{"allow":["GET"]}}],"collection":[{"href":"https:\/\/baralivres.ma\/index.php?rest_route=\/wp\/v2\/product"}],"about":[{"href":"https:\/\/baralivres.ma\/index.php?rest_route=\/wp\/v2\/types\/product"}],"replies":[{"embeddable":true,"href":"https:\/\/baralivres.ma\/index.php?rest_route=%2Fwp%2Fv2%2Fcomments&post=14693"}],"version-history":[{"count":1,"href":"https:\/\/baralivres.ma\/index.php?rest_route=\/wp\/v2\/product\/14693\/revisions"}],"predecessor-version":[{"id":14698,"href":"https:\/\/baralivres.ma\/index.php?rest_route=\/wp\/v2\/product\/14693\/revisions\/14698"}],"wp:featuredmedia":[{"embeddable":true,"href":"https:\/\/baralivres.ma\/index.php?rest_route=\/wp\/v2\/media\/14697"}],"wp:attachment":[{"href":"https:\/\/baralivres.ma\/index.php?rest_route=%2Fwp%2Fv2%2Fmedia&parent=14693"}],"wp:term":[{"taxonomy":"product_cat","embeddable":true,"href":"https:\/\/baralivres.ma\/index.php?rest_route=%2Fwp%2Fv2%2Fproduct_cat&post=14693"},{"taxonomy":"product_tag","embeddable":true,"href":"https:\/\/baralivres.ma\/index.php?rest_route=%2Fwp%2Fv2%2Fproduct_tag&post=14693"}],"curies":[{"name":"wp","href":"https:\/\/api.w.org\/{rel}","templated":true}]}}