{"id":14685,"date":"2023-10-26T16:40:03","date_gmt":"2023-10-26T15:40:03","guid":{"rendered":"https:\/\/baralivres.ma\/?post_type=product&#038;p=14685"},"modified":"2023-10-26T16:40:03","modified_gmt":"2023-10-26T15:40:03","slug":"le-racisme-explique-a-ma-fille","status":"publish","type":"product","link":"https:\/\/baralivres.ma\/?product=le-racisme-explique-a-ma-fille","title":{"rendered":"Le Racisme expliqu\u00e9 \u00e0 ma fille"},"content":{"rendered":"<p>Tahar Ben Jelloun, un \u00e9crivain renomm\u00e9, aborde le racisme en r\u00e9pondant aux questions de sa fille. Il explique que les enfants sont curieux, posant des questions directes et attendent des r\u00e9ponses honn\u00eates. Le livre vise \u00e0 sensibiliser les enfants et \u00e0 aider les adultes \u00e0 r\u00e9pondre aux questions difficiles de leurs propres enfants sur le racisme. Cette nouvelle \u00e9dition, publi\u00e9e vingt ans apr\u00e8s l&rsquo;originale, offre une perspective approfondie sur le racisme pour une meilleure compr\u00e9hension et mobilisation.<\/p>\n<p>Tahar Ben Jelloun est un \u00e9crivain c\u00e9l\u00e8bre, auteur de romans tels que \u00ab\u00a0La Nuit sacr\u00e9e\u00a0\u00bb et \u00ab\u00a0L&rsquo;Enfant de sable\u00a0\u00bb.<\/p>\n","protected":false},"excerpt":{"rendered":"<p>Tahar Ben Jelloun explore le racisme en r\u00e9pondant aux questions de sa fille pour sensibiliser les enfants et les adultes.<\/p>\n","protected":false},"featured_media":14688,"comment_status":"open","ping_status":"closed","template":"","meta":{"inline_featured_image":false},"product_cat":[204,143],"product_tag":[],"class_list":{"0":"post-14685","1":"product","2":"type-product","3":"status-publish","4":"has-post-thumbnail","6":"product_cat-francais","7":"product_cat-roman","8":"pa_auteurs-tahar-ben-jelloun","10":"first","11":"instock","12":"shipping-taxable","13":"purchasable","14":"product-type-simple"},"_links":{"self":[{"href":"https:\/\/baralivres.ma\/index.php?rest_route=\/wp\/v2\/product\/14685","targetHints":{"allow":["GET"]}}],"collection":[{"href":"https:\/\/baralivres.ma\/index.php?rest_route=\/wp\/v2\/product"}],"about":[{"href":"https:\/\/baralivres.ma\/index.php?rest_route=\/wp\/v2\/types\/product"}],"replies":[{"embeddable":true,"href":"https:\/\/baralivres.ma\/index.php?rest_route=%2Fwp%2Fv2%2Fcomments&post=14685"}],"version-history":[{"count":1,"href":"https:\/\/baralivres.ma\/index.php?rest_route=\/wp\/v2\/product\/14685\/revisions"}],"predecessor-version":[{"id":14690,"href":"https:\/\/baralivres.ma\/index.php?rest_route=\/wp\/v2\/product\/14685\/revisions\/14690"}],"wp:featuredmedia":[{"embeddable":true,"href":"https:\/\/baralivres.ma\/index.php?rest_route=\/wp\/v2\/media\/14688"}],"wp:attachment":[{"href":"https:\/\/baralivres.ma\/index.php?rest_route=%2Fwp%2Fv2%2Fmedia&parent=14685"}],"wp:term":[{"taxonomy":"product_cat","embeddable":true,"href":"https:\/\/baralivres.ma\/index.php?rest_route=%2Fwp%2Fv2%2Fproduct_cat&post=14685"},{"taxonomy":"product_tag","embeddable":true,"href":"https:\/\/baralivres.ma\/index.php?rest_route=%2Fwp%2Fv2%2Fproduct_tag&post=14685"}],"curies":[{"name":"wp","href":"https:\/\/api.w.org\/{rel}","templated":true}]}}