{"id":14681,"date":"2023-10-26T16:35:19","date_gmt":"2023-10-26T15:35:19","guid":{"rendered":"https:\/\/baralivres.ma\/?post_type=product&#038;p=14681"},"modified":"2023-10-26T16:35:19","modified_gmt":"2023-10-26T15:35:19","slug":"cette-aveuglante-absence-de-lumiere","status":"publish","type":"product","link":"https:\/\/baralivres.ma\/?product=cette-aveuglante-absence-de-lumiere","title":{"rendered":"Cette aveuglante absence de lumi\u00e8re"},"content":{"rendered":"<p>Dans les sombres ge\u00f4les de Tazmamart, un groupe de prisonniers, oubli\u00e9s de tous, endure une existence infernale. Apr\u00e8s l&rsquo;attentat manqu\u00e9 de Skhirate en 1971 contre le roi Hassan II, ces hommes ont \u00e9t\u00e9 condamn\u00e9s \u00e0 la r\u00e9clusion la plus s\u00e9v\u00e8re. Dans l&rsquo;obscurit\u00e9 totale, o\u00f9 m\u00eame se tenir debout est impossible, ils font face \u00e0 des d\u00e9fis constants : des scorpions mortels, le froid glacial, et la menace constante de la folie. Loin du monde ext\u00e9rieur, du jour, du temps et des interactions humaines, ils parviennent \u00e0 r\u00e9sister \u00e0 cette \u00e9preuve surhumaine pendant dix-huit longues ann\u00e9es.<\/p>\n<p>Tahar Ben Jelloun, un \u00e9crivain d&rsquo;origine marocaine largement reconnu, offre un r\u00e9cit poignant de la r\u00e9silience et de la pers\u00e9v\u00e9rance humaines \u00e0 travers ce livre. N\u00e9 \u00e0 Fez en 1944, Ben Jelloun a \u00e9crit de nombreux romans, essais et recueils de po\u00e9sie. Il a re\u00e7u le prestigieux prix Goncourt en 1987 pour son roman \u00ab\u00a0La Nuit sacr\u00e9e.\u00a0\u00bb<\/p>\n","protected":false},"excerpt":{"rendered":"<p>Un groupe de prisonniers est oubli\u00e9 dans les ge\u00f4les de Tazmamart, luttant contre les conditions inhumaines pendant dix-huit ans.<\/p>\n","protected":false},"featured_media":14683,"comment_status":"open","ping_status":"closed","template":"","meta":{"inline_featured_image":false},"product_cat":[204,143],"product_tag":[],"class_list":{"0":"post-14681","1":"product","2":"type-product","3":"status-publish","4":"has-post-thumbnail","6":"product_cat-francais","7":"product_cat-roman","8":"pa_auteurs-tahar-ben-jelloun","10":"first","11":"instock","12":"shipping-taxable","13":"purchasable","14":"product-type-simple"},"_links":{"self":[{"href":"https:\/\/baralivres.ma\/index.php?rest_route=\/wp\/v2\/product\/14681","targetHints":{"allow":["GET"]}}],"collection":[{"href":"https:\/\/baralivres.ma\/index.php?rest_route=\/wp\/v2\/product"}],"about":[{"href":"https:\/\/baralivres.ma\/index.php?rest_route=\/wp\/v2\/types\/product"}],"replies":[{"embeddable":true,"href":"https:\/\/baralivres.ma\/index.php?rest_route=%2Fwp%2Fv2%2Fcomments&post=14681"}],"version-history":[{"count":1,"href":"https:\/\/baralivres.ma\/index.php?rest_route=\/wp\/v2\/product\/14681\/revisions"}],"predecessor-version":[{"id":14684,"href":"https:\/\/baralivres.ma\/index.php?rest_route=\/wp\/v2\/product\/14681\/revisions\/14684"}],"wp:featuredmedia":[{"embeddable":true,"href":"https:\/\/baralivres.ma\/index.php?rest_route=\/wp\/v2\/media\/14683"}],"wp:attachment":[{"href":"https:\/\/baralivres.ma\/index.php?rest_route=%2Fwp%2Fv2%2Fmedia&parent=14681"}],"wp:term":[{"taxonomy":"product_cat","embeddable":true,"href":"https:\/\/baralivres.ma\/index.php?rest_route=%2Fwp%2Fv2%2Fproduct_cat&post=14681"},{"taxonomy":"product_tag","embeddable":true,"href":"https:\/\/baralivres.ma\/index.php?rest_route=%2Fwp%2Fv2%2Fproduct_tag&post=14681"}],"curies":[{"name":"wp","href":"https:\/\/api.w.org\/{rel}","templated":true}]}}