{"id":14678,"date":"2023-10-26T16:44:00","date_gmt":"2023-10-26T15:44:00","guid":{"rendered":"https:\/\/baralivres.ma\/?post_type=product&#038;p=14678"},"modified":"2023-10-26T16:44:00","modified_gmt":"2023-10-26T15:44:00","slug":"la-couleur-des-sentiments","status":"publish","type":"product","link":"https:\/\/baralivres.ma\/?product=la-couleur-des-sentiments","title":{"rendered":"La Couleur des sentiments"},"content":{"rendered":"<p>Chez les Blancs de Jackson, Mississippi, ce sont les Noires qui font le m\u00e9nage, la cuisine, et qui s&rsquo;occupent des enfants. On est en 1962, les lois raciales font autorit\u00e9. En quarante ans de service, Aibileen a appris \u00e0 tenir sa langue. L&rsquo;insolente Minny, sa meilleure amie, vient tout juste de se faire renvoyer. Si les choses s&rsquo;enveniment, elle devra chercher du travail dans une autre ville. Peut-\u00eatre m\u00eame s&rsquo;exiler dans un autre Etat, comme Constantine, qu&rsquo;on n&rsquo;a plus revue ici depuis que, pour des raisons inavouables, les Phelan l&rsquo;ont cong\u00e9di\u00e9e.<\/p>\n<p>Mais Skeeter, la fille des Phelan, n&rsquo;est pas comme les autres. De retour \u00e0 Jackson au terme de ses \u00e9tudes, elle s&rsquo;acharne \u00e0 d\u00e9couvrir pourquoi Constantine, qui l&rsquo;a \u00e9lev\u00e9e avec amour pendant vingt-deux ans, est partie sans m\u00eame lui laisser un mot.<\/p>\n<p>La jeune bourgeoise blanche et les deux bonnes noires, pouss\u00e9es par une sourde envie de changer les choses malgr\u00e9 la peur, vont unir leurs destins, et en grand secret \u00e9crire une histoire bouleversante.<\/p>\n<p>Passionnant, dr\u00f4le, \u00e9mouvant, La Couleur des sentiments a connu un succ\u00e8s consid\u00e9rable dans le monde entier, et a \u00e9t\u00e9 adapt\u00e9 au cin\u00e9ma. En France, le roman a re\u00e7u en 2011 le grand prix des lectrices de Elle.<\/p>\n","protected":false},"excerpt":{"rendered":"<p>\u00c0 Jackson en 1962, femmes noires domestiques et Skeeter \u00e9crivent histoire r\u00e9volutionnaire contre s\u00e9gr\u00e9gation.<\/p>\n","protected":false},"featured_media":14691,"comment_status":"open","ping_status":"closed","template":"","meta":{"inline_featured_image":false},"product_cat":[204,143],"product_tag":[],"class_list":{"0":"post-14678","1":"product","2":"type-product","3":"status-publish","4":"has-post-thumbnail","6":"product_cat-francais","7":"product_cat-roman","8":"pa_auteurs-kathryn-stockett","10":"first","11":"instock","12":"shipping-taxable","13":"purchasable","14":"product-type-simple"},"_links":{"self":[{"href":"https:\/\/baralivres.ma\/index.php?rest_route=\/wp\/v2\/product\/14678","targetHints":{"allow":["GET"]}}],"collection":[{"href":"https:\/\/baralivres.ma\/index.php?rest_route=\/wp\/v2\/product"}],"about":[{"href":"https:\/\/baralivres.ma\/index.php?rest_route=\/wp\/v2\/types\/product"}],"replies":[{"embeddable":true,"href":"https:\/\/baralivres.ma\/index.php?rest_route=%2Fwp%2Fv2%2Fcomments&post=14678"}],"version-history":[{"count":1,"href":"https:\/\/baralivres.ma\/index.php?rest_route=\/wp\/v2\/product\/14678\/revisions"}],"predecessor-version":[{"id":14692,"href":"https:\/\/baralivres.ma\/index.php?rest_route=\/wp\/v2\/product\/14678\/revisions\/14692"}],"wp:featuredmedia":[{"embeddable":true,"href":"https:\/\/baralivres.ma\/index.php?rest_route=\/wp\/v2\/media\/14691"}],"wp:attachment":[{"href":"https:\/\/baralivres.ma\/index.php?rest_route=%2Fwp%2Fv2%2Fmedia&parent=14678"}],"wp:term":[{"taxonomy":"product_cat","embeddable":true,"href":"https:\/\/baralivres.ma\/index.php?rest_route=%2Fwp%2Fv2%2Fproduct_cat&post=14678"},{"taxonomy":"product_tag","embeddable":true,"href":"https:\/\/baralivres.ma\/index.php?rest_route=%2Fwp%2Fv2%2Fproduct_tag&post=14678"}],"curies":[{"name":"wp","href":"https:\/\/api.w.org\/{rel}","templated":true}]}}