{"id":14669,"date":"2023-10-26T16:29:08","date_gmt":"2023-10-26T15:29:08","guid":{"rendered":"https:\/\/baralivres.ma\/?post_type=product&#038;p=14669"},"modified":"2023-10-26T16:29:09","modified_gmt":"2023-10-26T15:29:09","slug":"le-livre-de-lhumour-arabe","status":"publish","type":"product","link":"https:\/\/baralivres.ma\/?product=le-livre-de-lhumour-arabe","title":{"rendered":"Le Livre de l&rsquo;humour arabe"},"content":{"rendered":"<p>Les Arabes, qu&rsquo;ils soient musulmans ou chr\u00e9tiens, sont souvent per\u00e7us en Occident comme \u00e9tant s\u00e9v\u00e8res, stricts, et peu enclins \u00e0 l&rsquo;humour et \u00e0 la l\u00e9g\u00e8ret\u00e9. Cependant, une analyse de leur riche h\u00e9ritage humoristique tout au long du Moyen \u00c2ge r\u00e9v\u00e8le une r\u00e9alit\u00e9 bien diff\u00e9rente. Cette anthologie d\u00e9voile une \u00e9tonnante libert\u00e9 d&rsquo;expression parmi les individus des soci\u00e9t\u00e9s arabes de l&rsquo;\u00e9poque, avec un sens aigu des interactions directes, une franche ouverture d&rsquo;esprit, et un attachement profond \u00e0 l&rsquo;esprit, ind\u00e9pendamment des hi\u00e9rarchies et des barri\u00e8res sociales. L&rsquo;humour de cette \u00e9poque se caract\u00e9rise par sa l\u00e9g\u00e8ret\u00e9, son esprit grivois, sa r\u00e9partie rapide, et sa propension \u00e0 la d\u00e9rision.<\/p>\n<p>Les \u0153uvres dont nous avons tir\u00e9 ces anecdotes font partie des plus c\u00e9l\u00e8bres du genre \u00ab\u00a0adab\u00a0\u00bb (ou culture g\u00e9n\u00e9rale), une tradition arabe qui m\u00e9lange habilement s\u00e9rieux et divertissement, sans suivre une structure rigide, offrant ainsi \u00e0 la fois l&rsquo;amusement et l&rsquo;instruction.<\/p>\n<p>Les lecteurs sont invit\u00e9s \u00e0 parcourir ce livre \u00e0 leur gr\u00e9, en l&rsquo;ouvrant \u00e0 n&rsquo;importe quelle page, sachant qu&rsquo;ils y trouveront invariablement une histoire dr\u00f4le susceptible de les faire rire ou sourire.<\/p>\n","protected":false},"excerpt":{"rendered":"<p>L&rsquo;anthologie r\u00e9v\u00e8le un Moyen \u00c2ge arabe humoristique et libre, m\u00e9langeant l\u00e9g\u00e8ret\u00e9, r\u00e9partie, et d\u00e9rision, pour divertir et instruire.<\/p>\n","protected":false},"featured_media":14673,"comment_status":"open","ping_status":"closed","template":"","meta":{"inline_featured_image":false},"product_cat":[204,143],"product_tag":[],"class_list":{"0":"post-14669","1":"product","2":"type-product","3":"status-publish","4":"has-post-thumbnail","6":"product_cat-francais","7":"product_cat-roman","8":"pa_auteurs-jean-jacques-schmidt","10":"first","11":"instock","12":"shipping-taxable","13":"purchasable","14":"product-type-simple"},"_links":{"self":[{"href":"https:\/\/baralivres.ma\/index.php?rest_route=\/wp\/v2\/product\/14669","targetHints":{"allow":["GET"]}}],"collection":[{"href":"https:\/\/baralivres.ma\/index.php?rest_route=\/wp\/v2\/product"}],"about":[{"href":"https:\/\/baralivres.ma\/index.php?rest_route=\/wp\/v2\/types\/product"}],"replies":[{"embeddable":true,"href":"https:\/\/baralivres.ma\/index.php?rest_route=%2Fwp%2Fv2%2Fcomments&post=14669"}],"version-history":[{"count":1,"href":"https:\/\/baralivres.ma\/index.php?rest_route=\/wp\/v2\/product\/14669\/revisions"}],"predecessor-version":[{"id":14677,"href":"https:\/\/baralivres.ma\/index.php?rest_route=\/wp\/v2\/product\/14669\/revisions\/14677"}],"wp:featuredmedia":[{"embeddable":true,"href":"https:\/\/baralivres.ma\/index.php?rest_route=\/wp\/v2\/media\/14673"}],"wp:attachment":[{"href":"https:\/\/baralivres.ma\/index.php?rest_route=%2Fwp%2Fv2%2Fmedia&parent=14669"}],"wp:term":[{"taxonomy":"product_cat","embeddable":true,"href":"https:\/\/baralivres.ma\/index.php?rest_route=%2Fwp%2Fv2%2Fproduct_cat&post=14669"},{"taxonomy":"product_tag","embeddable":true,"href":"https:\/\/baralivres.ma\/index.php?rest_route=%2Fwp%2Fv2%2Fproduct_tag&post=14669"}],"curies":[{"name":"wp","href":"https:\/\/api.w.org\/{rel}","templated":true}]}}