{"id":14665,"date":"2023-10-26T16:23:21","date_gmt":"2023-10-26T15:23:21","guid":{"rendered":"https:\/\/baralivres.ma\/?post_type=product&#038;p=14665"},"modified":"2023-10-26T16:23:22","modified_gmt":"2023-10-26T15:23:22","slug":"le-monarque-des-ombres","status":"publish","type":"product","link":"https:\/\/baralivres.ma\/?product=le-monarque-des-ombres","title":{"rendered":"Le Monarque des ombres"},"content":{"rendered":"<p>Peut-il en effet \u00e9merger, malgr\u00e9 les circonstances tragiques de son d\u00e9c\u00e8s du c\u00f4t\u00e9 oppos\u00e9 \u00e0 l&rsquo;histoire en cours (dans le conflit entre le franquisme et la R\u00e9publique espagnole), en d\u00e9pit des intentions de l&rsquo;auteur, comme le personnage central de son \u0153uvre \u00e0 venir ? \u00c0 l&rsquo;\u00e2ge de dix-neuf ans, Manuel Mena perd la vie en 1938, lors d&rsquo;un combat acharn\u00e9 pr\u00e8s de l&rsquo;\u00c8bre. Sa bravoure en tant que sous-lieutenant sacrifi\u00e9 le fait d\u00e9sormais passer pour un martyr, tant au sein de la famille maternelle de Cercas que dans le village d&rsquo;Estr\u00e9madure o\u00f9 il a grandi.<\/p>\n<p>Quelle \u00e9tait r\u00e9ellement sa vie, quelles \u00e9taient ses croyances, ses r\u00eaves, comment tout cela peut-il \u00eatre rendu compte ? Comment pouvons-nous retrouver des t\u00e9moins, explorer ce destin et cette \u00e9poque avec honn\u00eatet\u00e9, alors m\u00eame que les fortunes de toute une nation ont bascul\u00e9 ?<\/p>\n<p>L&rsquo;\u00e9crivain de renom qu&rsquo;est Javier Cercas se confronte ici \u00e0 ses propres r\u00e9sistances pour mettre en lumi\u00e8re la vie de ce h\u00e9ros \u00e9gar\u00e9, cet \u00eatre maudit et \u00e9nigmatique qu&rsquo;il n&rsquo;a cess\u00e9 de d\u00e9fier \u00e0 travers toute son \u0153uvre.<\/p>\n","protected":false},"excerpt":{"rendered":"<p>L&rsquo;auteur, Javier Cercas, explore la vie d&rsquo;un jeune h\u00e9ros malchanceux tomb\u00e9 du mauvais c\u00f4t\u00e9 de l&rsquo;Histoire espagnole.<\/p>\n","protected":false},"featured_media":14666,"comment_status":"open","ping_status":"closed","template":"","meta":{"inline_featured_image":false},"product_cat":[204,143],"product_tag":[],"class_list":{"0":"post-14665","1":"product","2":"type-product","3":"status-publish","4":"has-post-thumbnail","6":"product_cat-francais","7":"product_cat-roman","8":"pa_auteurs-javier-cercas","10":"first","11":"instock","12":"shipping-taxable","13":"purchasable","14":"product-type-simple"},"_links":{"self":[{"href":"https:\/\/baralivres.ma\/index.php?rest_route=\/wp\/v2\/product\/14665","targetHints":{"allow":["GET"]}}],"collection":[{"href":"https:\/\/baralivres.ma\/index.php?rest_route=\/wp\/v2\/product"}],"about":[{"href":"https:\/\/baralivres.ma\/index.php?rest_route=\/wp\/v2\/types\/product"}],"replies":[{"embeddable":true,"href":"https:\/\/baralivres.ma\/index.php?rest_route=%2Fwp%2Fv2%2Fcomments&post=14665"}],"version-history":[{"count":1,"href":"https:\/\/baralivres.ma\/index.php?rest_route=\/wp\/v2\/product\/14665\/revisions"}],"predecessor-version":[{"id":14668,"href":"https:\/\/baralivres.ma\/index.php?rest_route=\/wp\/v2\/product\/14665\/revisions\/14668"}],"wp:featuredmedia":[{"embeddable":true,"href":"https:\/\/baralivres.ma\/index.php?rest_route=\/wp\/v2\/media\/14666"}],"wp:attachment":[{"href":"https:\/\/baralivres.ma\/index.php?rest_route=%2Fwp%2Fv2%2Fmedia&parent=14665"}],"wp:term":[{"taxonomy":"product_cat","embeddable":true,"href":"https:\/\/baralivres.ma\/index.php?rest_route=%2Fwp%2Fv2%2Fproduct_cat&post=14665"},{"taxonomy":"product_tag","embeddable":true,"href":"https:\/\/baralivres.ma\/index.php?rest_route=%2Fwp%2Fv2%2Fproduct_tag&post=14665"}],"curies":[{"name":"wp","href":"https:\/\/api.w.org\/{rel}","templated":true}]}}