{"id":14659,"date":"2023-10-26T16:20:43","date_gmt":"2023-10-26T15:20:43","guid":{"rendered":"https:\/\/baralivres.ma\/?post_type=product&#038;p=14659"},"modified":"2023-10-26T16:20:44","modified_gmt":"2023-10-26T15:20:44","slug":"enseignement-spirituel","status":"publish","type":"product","link":"https:\/\/baralivres.ma\/?product=enseignement-spirituel","title":{"rendered":"Enseignement spirituel"},"content":{"rendered":"<p>Les \u00e9crits, correspondances, discours et maximes du personnage connu sous le nom de \u00ab\u00a0Seigneur de la Tribu spirituelle\u00a0\u00bb ne se limitent pas \u00e0 \u00eatre l&rsquo;un des penseurs fondamentaux de la mystique musulmane, mais ils servent \u00e9galement de jalon important dans l&rsquo;\u00e9volution de la \u00ab\u00a0voie initiatique\u00a0\u00bb<\/p>\n","protected":false},"excerpt":{"rendered":"<p>\u00c9crits d&rsquo;un \u00e9minent penseur mystique musulman et pr\u00e9curseur de la voie initiatique, le \u00ab\u00a0Seigneur de la Tribu spirituelle\u00a0\u00bb.<\/p>\n","protected":false},"featured_media":14661,"comment_status":"open","ping_status":"closed","template":"","meta":{"inline_featured_image":false},"product_cat":[204,143],"product_tag":[],"class_list":{"0":"post-14659","1":"product","2":"type-product","3":"status-publish","4":"has-post-thumbnail","6":"product_cat-francais","7":"product_cat-roman","8":"pa_auteurs-junayd","10":"first","11":"instock","12":"shipping-taxable","13":"purchasable","14":"product-type-simple"},"_links":{"self":[{"href":"https:\/\/baralivres.ma\/index.php?rest_route=\/wp\/v2\/product\/14659","targetHints":{"allow":["GET"]}}],"collection":[{"href":"https:\/\/baralivres.ma\/index.php?rest_route=\/wp\/v2\/product"}],"about":[{"href":"https:\/\/baralivres.ma\/index.php?rest_route=\/wp\/v2\/types\/product"}],"replies":[{"embeddable":true,"href":"https:\/\/baralivres.ma\/index.php?rest_route=%2Fwp%2Fv2%2Fcomments&post=14659"}],"version-history":[{"count":2,"href":"https:\/\/baralivres.ma\/index.php?rest_route=\/wp\/v2\/product\/14659\/revisions"}],"predecessor-version":[{"id":14664,"href":"https:\/\/baralivres.ma\/index.php?rest_route=\/wp\/v2\/product\/14659\/revisions\/14664"}],"wp:featuredmedia":[{"embeddable":true,"href":"https:\/\/baralivres.ma\/index.php?rest_route=\/wp\/v2\/media\/14661"}],"wp:attachment":[{"href":"https:\/\/baralivres.ma\/index.php?rest_route=%2Fwp%2Fv2%2Fmedia&parent=14659"}],"wp:term":[{"taxonomy":"product_cat","embeddable":true,"href":"https:\/\/baralivres.ma\/index.php?rest_route=%2Fwp%2Fv2%2Fproduct_cat&post=14659"},{"taxonomy":"product_tag","embeddable":true,"href":"https:\/\/baralivres.ma\/index.php?rest_route=%2Fwp%2Fv2%2Fproduct_tag&post=14659"}],"curies":[{"name":"wp","href":"https:\/\/api.w.org\/{rel}","templated":true}]}}