{"id":14653,"date":"2023-10-26T16:18:42","date_gmt":"2023-10-26T15:18:42","guid":{"rendered":"https:\/\/baralivres.ma\/?post_type=product&#038;p=14653"},"modified":"2023-10-26T16:23:14","modified_gmt":"2023-10-26T15:23:14","slug":"amours-sorcieres","status":"publish","type":"product","link":"https:\/\/baralivres.ma\/?product=amours-sorcieres","title":{"rendered":"Amours sorci\u00e8res"},"content":{"rendered":"<p>Hamza \u00e9prouve un amour profond pour Najat, mais sa peur de l&rsquo;engagement le pousse \u00e0 croire qu&rsquo;il est victime d&rsquo;un sort. Il consulte un sorcier pour rompre cette pr\u00e9tendue magie. L&rsquo;amour, tellement complexe, semble \u00eatre teint\u00e9 de sorcellerie. Dans ce r\u00e9cit, l&rsquo;\u00e9crivain Tahar Ben Jelloun explore les intrications amoureuses, offrant une vingtaine d&rsquo;histoires ancr\u00e9es dans le Maroc contemporain, avec une \u00e9criture fluide et des th\u00e8mes pertinents.<\/p>\n","protected":false},"excerpt":{"rendered":"<p>L&rsquo;amour complexe de Hamza pour Najat l&rsquo;am\u00e8ne \u00e0 consulter un sorcier pour briser un pr\u00e9tendu sort magique.<\/p>\n","protected":false},"featured_media":14660,"comment_status":"open","ping_status":"closed","template":"","meta":{"inline_featured_image":false},"product_cat":[204,143],"product_tag":[],"class_list":{"0":"post-14653","1":"product","2":"type-product","3":"status-publish","4":"has-post-thumbnail","6":"product_cat-francais","7":"product_cat-roman","8":"pa_auteurs-tahar-ben-jelloun","10":"first","11":"instock","12":"shipping-taxable","13":"purchasable","14":"product-type-simple"},"_links":{"self":[{"href":"https:\/\/baralivres.ma\/index.php?rest_route=\/wp\/v2\/product\/14653","targetHints":{"allow":["GET"]}}],"collection":[{"href":"https:\/\/baralivres.ma\/index.php?rest_route=\/wp\/v2\/product"}],"about":[{"href":"https:\/\/baralivres.ma\/index.php?rest_route=\/wp\/v2\/types\/product"}],"replies":[{"embeddable":true,"href":"https:\/\/baralivres.ma\/index.php?rest_route=%2Fwp%2Fv2%2Fcomments&post=14653"}],"version-history":[{"count":1,"href":"https:\/\/baralivres.ma\/index.php?rest_route=\/wp\/v2\/product\/14653\/revisions"}],"predecessor-version":[{"id":14662,"href":"https:\/\/baralivres.ma\/index.php?rest_route=\/wp\/v2\/product\/14653\/revisions\/14662"}],"wp:featuredmedia":[{"embeddable":true,"href":"https:\/\/baralivres.ma\/index.php?rest_route=\/wp\/v2\/media\/14660"}],"wp:attachment":[{"href":"https:\/\/baralivres.ma\/index.php?rest_route=%2Fwp%2Fv2%2Fmedia&parent=14653"}],"wp:term":[{"taxonomy":"product_cat","embeddable":true,"href":"https:\/\/baralivres.ma\/index.php?rest_route=%2Fwp%2Fv2%2Fproduct_cat&post=14653"},{"taxonomy":"product_tag","embeddable":true,"href":"https:\/\/baralivres.ma\/index.php?rest_route=%2Fwp%2Fv2%2Fproduct_tag&post=14653"}],"curies":[{"name":"wp","href":"https:\/\/api.w.org\/{rel}","templated":true}]}}