{"id":14650,"date":"2023-10-26T16:14:33","date_gmt":"2023-10-26T15:14:33","guid":{"rendered":"https:\/\/baralivres.ma\/?post_type=product&#038;p=14650"},"modified":"2023-10-26T16:14:33","modified_gmt":"2023-10-26T15:14:33","slug":"warda","status":"publish","type":"product","link":"https:\/\/baralivres.ma\/?product=warda","title":{"rendered":"Warda"},"content":{"rendered":"<p>En visitant des proches au Sultanat d&rsquo;Oman, le narrateur se met en qu\u00eate de retrouver Warda et Yaarob, deux Omanais qu&rsquo;il avait rencontr\u00e9s \u00e0 l&rsquo;universit\u00e9 du Caire dans les ann\u00e9es 1950. Ces deux amis, militants de gauche, avaient rejoint les rangs de la gu\u00e9rilla du Dhofar au d\u00e9but des ann\u00e9es 1960. Malheureusement, ses efforts pour les retrouver se r\u00e9v\u00e8lent infructueux. Cependant, un jeune homme vient \u00e0 sa rencontre et lui remet des extraits du journal intime de Warda. \u00c0 partir de ce moment, sa propre recherche se m\u00eale \u00e0 l&rsquo;histoire de cette jeune femme, qui retrace l&rsquo;\u00e9pop\u00e9e des gu\u00e9rilleros du Dhofar, depuis leurs premi\u00e8res victoires jusqu&rsquo;\u00e0 leur confrontation avec le nouveau sultan.<\/p>\n<p>Warda, une figure courageuse, perspicace et magnifique, aspire \u00e0 un changement radical du monde. \u00c0 travers ce personnage vibrant, l&rsquo;auteur offre un \u00e9mouvant hommage \u00e0 l&rsquo;id\u00e9al r\u00e9volutionnaire des ann\u00e9es 1960 et \u00e0 tous ceux qui ont sacrifi\u00e9 leur jeunesse, voire leur vie, pour cette cause.<\/p>\n","protected":false},"excerpt":{"rendered":"<p>Un narrateur recherche des amis militants de gauche au Dhofar, d\u00e9couvrant l&rsquo;h\u00e9ro\u00efsme de Warda et l&rsquo;id\u00e9al r\u00e9volutionnaire.<\/p>\n","protected":false},"featured_media":14654,"comment_status":"open","ping_status":"closed","template":"","meta":{"inline_featured_image":false},"product_cat":[204,143],"product_tag":[],"class_list":{"0":"post-14650","1":"product","2":"type-product","3":"status-publish","4":"has-post-thumbnail","6":"product_cat-francais","7":"product_cat-roman","8":"pa_auteurs-sonallah-ibrahim","10":"first","11":"instock","12":"shipping-taxable","13":"purchasable","14":"product-type-simple"},"_links":{"self":[{"href":"https:\/\/baralivres.ma\/index.php?rest_route=\/wp\/v2\/product\/14650","targetHints":{"allow":["GET"]}}],"collection":[{"href":"https:\/\/baralivres.ma\/index.php?rest_route=\/wp\/v2\/product"}],"about":[{"href":"https:\/\/baralivres.ma\/index.php?rest_route=\/wp\/v2\/types\/product"}],"replies":[{"embeddable":true,"href":"https:\/\/baralivres.ma\/index.php?rest_route=%2Fwp%2Fv2%2Fcomments&post=14650"}],"version-history":[{"count":1,"href":"https:\/\/baralivres.ma\/index.php?rest_route=\/wp\/v2\/product\/14650\/revisions"}],"predecessor-version":[{"id":14655,"href":"https:\/\/baralivres.ma\/index.php?rest_route=\/wp\/v2\/product\/14650\/revisions\/14655"}],"wp:featuredmedia":[{"embeddable":true,"href":"https:\/\/baralivres.ma\/index.php?rest_route=\/wp\/v2\/media\/14654"}],"wp:attachment":[{"href":"https:\/\/baralivres.ma\/index.php?rest_route=%2Fwp%2Fv2%2Fmedia&parent=14650"}],"wp:term":[{"taxonomy":"product_cat","embeddable":true,"href":"https:\/\/baralivres.ma\/index.php?rest_route=%2Fwp%2Fv2%2Fproduct_cat&post=14650"},{"taxonomy":"product_tag","embeddable":true,"href":"https:\/\/baralivres.ma\/index.php?rest_route=%2Fwp%2Fv2%2Fproduct_tag&post=14650"}],"curies":[{"name":"wp","href":"https:\/\/api.w.org\/{rel}","templated":true}]}}