{"id":14641,"date":"2023-10-26T16:03:28","date_gmt":"2023-10-26T15:03:28","guid":{"rendered":"https:\/\/baralivres.ma\/?post_type=product&#038;p=14641"},"modified":"2023-10-26T16:03:29","modified_gmt":"2023-10-26T15:03:29","slug":"le-comite","status":"publish","type":"product","link":"https:\/\/baralivres.ma\/?product=le-comite","title":{"rendered":"Le Comit\u00e9"},"content":{"rendered":"<p>Un \u00e9nigmatique groupe donne pour mission au narrateur de ce roman \u00e0 l&rsquo;intrigue politique captivante de choisir \u00ab\u00a0le g\u00e9nie le plus \u00e9minent du monde arabe\u00a0\u00bb. Cependant, cette mission \u00e9trange s&rsquo;av\u00e8re rapidement \u00eatre un stratag\u00e8me sournois.<\/p>\n","protected":false},"excerpt":{"rendered":"<p>Un comit\u00e9 myst\u00e9rieux ordonne au narrateur de d\u00e9signer la personnalit\u00e9 la plus brillante du monde arabe, mais c&rsquo;est un pi\u00e8ge.<\/p>\n","protected":false},"featured_media":14643,"comment_status":"open","ping_status":"closed","template":"","meta":{"inline_featured_image":false},"product_cat":[204,143],"product_tag":[],"class_list":{"0":"post-14641","1":"product","2":"type-product","3":"status-publish","4":"has-post-thumbnail","6":"product_cat-francais","7":"product_cat-roman","8":"pa_auteurs-sonallah-ibrahim","10":"first","11":"instock","12":"shipping-taxable","13":"purchasable","14":"product-type-simple"},"_links":{"self":[{"href":"https:\/\/baralivres.ma\/index.php?rest_route=\/wp\/v2\/product\/14641","targetHints":{"allow":["GET"]}}],"collection":[{"href":"https:\/\/baralivres.ma\/index.php?rest_route=\/wp\/v2\/product"}],"about":[{"href":"https:\/\/baralivres.ma\/index.php?rest_route=\/wp\/v2\/types\/product"}],"replies":[{"embeddable":true,"href":"https:\/\/baralivres.ma\/index.php?rest_route=%2Fwp%2Fv2%2Fcomments&post=14641"}],"version-history":[{"count":1,"href":"https:\/\/baralivres.ma\/index.php?rest_route=\/wp\/v2\/product\/14641\/revisions"}],"predecessor-version":[{"id":14645,"href":"https:\/\/baralivres.ma\/index.php?rest_route=\/wp\/v2\/product\/14641\/revisions\/14645"}],"wp:featuredmedia":[{"embeddable":true,"href":"https:\/\/baralivres.ma\/index.php?rest_route=\/wp\/v2\/media\/14643"}],"wp:attachment":[{"href":"https:\/\/baralivres.ma\/index.php?rest_route=%2Fwp%2Fv2%2Fmedia&parent=14641"}],"wp:term":[{"taxonomy":"product_cat","embeddable":true,"href":"https:\/\/baralivres.ma\/index.php?rest_route=%2Fwp%2Fv2%2Fproduct_cat&post=14641"},{"taxonomy":"product_tag","embeddable":true,"href":"https:\/\/baralivres.ma\/index.php?rest_route=%2Fwp%2Fv2%2Fproduct_tag&post=14641"}],"curies":[{"name":"wp","href":"https:\/\/api.w.org\/{rel}","templated":true}]}}