{"id":14639,"date":"2023-10-26T16:03:11","date_gmt":"2023-10-26T15:03:11","guid":{"rendered":"https:\/\/baralivres.ma\/?post_type=product&#038;p=14639"},"modified":"2023-10-26T16:03:12","modified_gmt":"2023-10-26T15:03:12","slug":"lecrivain-public","status":"publish","type":"product","link":"https:\/\/baralivres.ma\/?product=lecrivain-public","title":{"rendered":"L&rsquo;Ecrivain public"},"content":{"rendered":"<p>L&rsquo;\u00e9crivain public, acteur silencieux des histoires des autres, se confie \u00e0 son tour. Il partage des fragments de sa vie, ses souvenirs d&rsquo;enfance marqu\u00e9s par des figures f\u00e9minines inoubliables, A\u00efcha et Rouquiya, r\u00e9v\u00e9lant leur impact sur son parcours. Il se rem\u00e9more sa jeunesse empreinte de r\u00e9volte contre les guerres et le racisme, soulignant son attachement \u00e0 son pays, F\u00e8s, ainsi que ses exp\u00e9riences \u00e0 T\u00e9touan, une ville qui se d\u00e9robe \u00e0 mesure qu&rsquo;on la traverse. Son r\u00e9cit transcende les fronti\u00e8res et aborde les tourments universels de l&rsquo;existence.<\/p>\n","protected":false},"excerpt":{"rendered":"<p>L&rsquo;\u00e9crivain public relate sa propre histoire, \u00e9voquant sa jeunesse, sa ville natale, ses souvenirs, et son engagement contre les injustices.<\/p>\n","protected":false},"featured_media":14642,"comment_status":"open","ping_status":"closed","template":"","meta":{"inline_featured_image":false},"product_cat":[204,143],"product_tag":[],"class_list":{"0":"post-14639","1":"product","2":"type-product","3":"status-publish","4":"has-post-thumbnail","6":"product_cat-francais","7":"product_cat-roman","8":"pa_auteurs-tahar-ben-jelloun","10":"first","11":"instock","12":"shipping-taxable","13":"purchasable","14":"product-type-simple"},"_links":{"self":[{"href":"https:\/\/baralivres.ma\/index.php?rest_route=\/wp\/v2\/product\/14639","targetHints":{"allow":["GET"]}}],"collection":[{"href":"https:\/\/baralivres.ma\/index.php?rest_route=\/wp\/v2\/product"}],"about":[{"href":"https:\/\/baralivres.ma\/index.php?rest_route=\/wp\/v2\/types\/product"}],"replies":[{"embeddable":true,"href":"https:\/\/baralivres.ma\/index.php?rest_route=%2Fwp%2Fv2%2Fcomments&post=14639"}],"version-history":[{"count":1,"href":"https:\/\/baralivres.ma\/index.php?rest_route=\/wp\/v2\/product\/14639\/revisions"}],"predecessor-version":[{"id":14644,"href":"https:\/\/baralivres.ma\/index.php?rest_route=\/wp\/v2\/product\/14639\/revisions\/14644"}],"wp:featuredmedia":[{"embeddable":true,"href":"https:\/\/baralivres.ma\/index.php?rest_route=\/wp\/v2\/media\/14642"}],"wp:attachment":[{"href":"https:\/\/baralivres.ma\/index.php?rest_route=%2Fwp%2Fv2%2Fmedia&parent=14639"}],"wp:term":[{"taxonomy":"product_cat","embeddable":true,"href":"https:\/\/baralivres.ma\/index.php?rest_route=%2Fwp%2Fv2%2Fproduct_cat&post=14639"},{"taxonomy":"product_tag","embeddable":true,"href":"https:\/\/baralivres.ma\/index.php?rest_route=%2Fwp%2Fv2%2Fproduct_tag&post=14639"}],"curies":[{"name":"wp","href":"https:\/\/api.w.org\/{rel}","templated":true}]}}