{"id":14635,"date":"2023-10-26T15:58:46","date_gmt":"2023-10-26T14:58:46","guid":{"rendered":"https:\/\/baralivres.ma\/?post_type=product&#038;p=14635"},"modified":"2023-10-26T15:58:47","modified_gmt":"2023-10-26T14:58:47","slug":"lhomme-rompu","status":"publish","type":"product","link":"https:\/\/baralivres.ma\/?product=lhomme-rompu","title":{"rendered":"L&rsquo;Homme rompu"},"content":{"rendered":"<p>Mourad, int\u00e8gre dans un monde corrompu, m\u00e8ne une vie vertueuse, mais son int\u00e9grit\u00e9 est m\u00e9connue. Sa famille critique sa pauvret\u00e9. Ses coll\u00e8gues moquent son mode de vie modeste. Il incarne un rempart dans un \u00c9tat en d\u00e9clin. Pourtant, un jour, la tentation devient irr\u00e9sistible, et il accepte un pot-de-vin. Il s&rsquo;engage sur la voie de l&rsquo;argent facile, d\u00e9laissant ses principes pour une vie de d\u00e9bauche. En retour, il subit une s\u00e9rie de malheurs et devient suspect. Traqu\u00e9 et interrog\u00e9, il r\u00e9alise qu&rsquo;entrer dans la tribu de la corruption n&rsquo;est pas si simple.<\/p>\n<p>\u00ab\u00a0Dans un univers d&rsquo;int\u00e9grit\u00e9 vacillante, Mourad symbolise le dilemme entre la vertu et la tentation corruptrice.\u00a0\u00bb<\/p>\n","protected":false},"excerpt":{"rendered":"<p>Mourad, int\u00e8gre, succombe \u00e0 la corruption, subit des revers et est traqu\u00e9 dans un monde d\u00e9prav\u00e9.<\/p>\n","protected":false},"featured_media":14636,"comment_status":"open","ping_status":"closed","template":"","meta":{"inline_featured_image":false},"product_cat":[204,143],"product_tag":[],"class_list":{"0":"post-14635","1":"product","2":"type-product","3":"status-publish","4":"has-post-thumbnail","6":"product_cat-francais","7":"product_cat-roman","8":"pa_auteurs-tahar-ben-jelloun","10":"first","11":"instock","12":"shipping-taxable","13":"purchasable","14":"product-type-simple"},"_links":{"self":[{"href":"https:\/\/baralivres.ma\/index.php?rest_route=\/wp\/v2\/product\/14635","targetHints":{"allow":["GET"]}}],"collection":[{"href":"https:\/\/baralivres.ma\/index.php?rest_route=\/wp\/v2\/product"}],"about":[{"href":"https:\/\/baralivres.ma\/index.php?rest_route=\/wp\/v2\/types\/product"}],"replies":[{"embeddable":true,"href":"https:\/\/baralivres.ma\/index.php?rest_route=%2Fwp%2Fv2%2Fcomments&post=14635"}],"version-history":[{"count":1,"href":"https:\/\/baralivres.ma\/index.php?rest_route=\/wp\/v2\/product\/14635\/revisions"}],"predecessor-version":[{"id":14637,"href":"https:\/\/baralivres.ma\/index.php?rest_route=\/wp\/v2\/product\/14635\/revisions\/14637"}],"wp:featuredmedia":[{"embeddable":true,"href":"https:\/\/baralivres.ma\/index.php?rest_route=\/wp\/v2\/media\/14636"}],"wp:attachment":[{"href":"https:\/\/baralivres.ma\/index.php?rest_route=%2Fwp%2Fv2%2Fmedia&parent=14635"}],"wp:term":[{"taxonomy":"product_cat","embeddable":true,"href":"https:\/\/baralivres.ma\/index.php?rest_route=%2Fwp%2Fv2%2Fproduct_cat&post=14635"},{"taxonomy":"product_tag","embeddable":true,"href":"https:\/\/baralivres.ma\/index.php?rest_route=%2Fwp%2Fv2%2Fproduct_tag&post=14635"}],"curies":[{"name":"wp","href":"https:\/\/api.w.org\/{rel}","templated":true}]}}