{"id":14630,"date":"2023-10-26T15:51:23","date_gmt":"2023-10-26T14:51:23","guid":{"rendered":"https:\/\/baralivres.ma\/?post_type=product&#038;p=14630"},"modified":"2023-10-26T15:53:12","modified_gmt":"2023-10-26T14:53:12","slug":"14630","status":"publish","type":"product","link":"https:\/\/baralivres.ma\/?product=14630","title":{"rendered":"YEUX BAISSES"},"content":{"rendered":"<p>Fathma, une petite fille r\u00e9sidant dans un village du sud marocain, vit une enfance paisible jusqu&rsquo;au jour o\u00f9 son p\u00e8re part travailler en France, qu&rsquo;elle nomme \u00ab\u00a0Lafrance\u00a0\u00bb. Lorsqu&rsquo;il revient pour emmener sa famille vivre avec lui \u00e0 Paris, la vie de Fathma bascule. Elle devra porter un secret tout en traversant les tumultes de l&rsquo;adolescence et de l&rsquo;exil. L&rsquo;\u00e9crivain francophone d&rsquo;origine marocaine, Tahar Ben Jelloun, explore comment Fathma conciliera son h\u00e9ritage culturel avec les bouleversements li\u00e9s \u00e0 sa nouvelle vie \u00e0 Paris.<\/p>\n<p>\u00ab\u00a0Ce r\u00e9cit de Tahar Ben Jelloun se distingue par sa capacit\u00e9 \u00e0 tisser une toile d&rsquo;histoires imbriqu\u00e9es, ouvrant l&rsquo;infini des possibles&#8230;\u00a0\u00bb<\/p>\n","protected":false},"excerpt":{"rendered":"<div class=\"group final-completion w-full text-token-text-primary border-b border-black\/10 gizmo:border-0 dark:border-gray-900\/50 gizmo:dark:border-0 bg-gray-50 gizmo:bg-transparent dark:bg-[#444654] gizmo:dark:bg-transparent\" data-testid=\"conversation-turn-364\">\n<div class=\"p-4 gizmo:py-2 justify-center text-base md:gap-6 md:py-6 m-auto\">\n<div class=\"flex flex-1 gap-4 text-base mx-auto md:gap-6 gizmo:gap-3 gizmo:md:px-5 gizmo:lg:px-1 gizmo:xl:px-5 md:max-w-2xl lg:max-w-[38rem] gizmo:md:max-w-3xl gizmo:lg:max-w-[40rem] gizmo:xl:max-w-[48rem] xl:max-w-3xl }\">\n<div class=\"relative flex w-[calc(100%-50px)] flex-col gizmo:w-full lg:w-[calc(100%-115px)] agent-turn\">\n<div class=\"flex-col gap-1 md:gap-3\">\n<div class=\"flex flex-grow flex-col gap-3 max-w-full\">\n<div class=\"min-h-[20px] flex flex-col items-start gap-3 whitespace-pre-wrap break-words overflow-x-auto\">\n<div class=\"markdown prose w-full break-words dark:prose-invert light\">\n<p>\u00c0 un jeune \u00e2ge, Fathma de village marocain, son p\u00e8re, Lafrance, les am\u00e8ne \u00e0 Paris. Adolescence, secret, et h\u00e9ritage.<\/p>\n<\/div>\n<\/div>\n<\/div>\n<div class=\"flex justify-between empty:hidden gizmo:justify-start gizmo:gap-3 lg:block gizmo:lg:flex\">\n<div class=\"text-gray-400 flex self-end lg:self-center justify-center gizmo:lg:justify-start mt-2 gizmo:mt-0 visible lg:gap-1 lg:absolute lg:top-0 lg:translate-x-full lg:right-0 lg:mt-0 lg:pl-2 gap-2 md:gap-3\">\n<p>&nbsp;<\/p>\n<div class=\"flex gap-1 gizmo:gap-3\"><\/div>\n<\/div>\n<\/div>\n<\/div>\n<\/div>\n<\/div>\n<\/div>\n<\/div>\n","protected":false},"featured_media":14631,"comment_status":"open","ping_status":"closed","template":"","meta":{"inline_featured_image":false},"product_cat":[204,143],"product_tag":[],"class_list":{"0":"post-14630","1":"product","2":"type-product","3":"status-publish","4":"has-post-thumbnail","6":"product_cat-francais","7":"product_cat-roman","8":"pa_auteurs-tahar-ben-jelloun","10":"first","11":"instock","12":"shipping-taxable","13":"purchasable","14":"product-type-simple"},"_links":{"self":[{"href":"https:\/\/baralivres.ma\/index.php?rest_route=\/wp\/v2\/product\/14630","targetHints":{"allow":["GET"]}}],"collection":[{"href":"https:\/\/baralivres.ma\/index.php?rest_route=\/wp\/v2\/product"}],"about":[{"href":"https:\/\/baralivres.ma\/index.php?rest_route=\/wp\/v2\/types\/product"}],"replies":[{"embeddable":true,"href":"https:\/\/baralivres.ma\/index.php?rest_route=%2Fwp%2Fv2%2Fcomments&post=14630"}],"version-history":[{"count":3,"href":"https:\/\/baralivres.ma\/index.php?rest_route=\/wp\/v2\/product\/14630\/revisions"}],"predecessor-version":[{"id":14634,"href":"https:\/\/baralivres.ma\/index.php?rest_route=\/wp\/v2\/product\/14630\/revisions\/14634"}],"wp:featuredmedia":[{"embeddable":true,"href":"https:\/\/baralivres.ma\/index.php?rest_route=\/wp\/v2\/media\/14631"}],"wp:attachment":[{"href":"https:\/\/baralivres.ma\/index.php?rest_route=%2Fwp%2Fv2%2Fmedia&parent=14630"}],"wp:term":[{"taxonomy":"product_cat","embeddable":true,"href":"https:\/\/baralivres.ma\/index.php?rest_route=%2Fwp%2Fv2%2Fproduct_cat&post=14630"},{"taxonomy":"product_tag","embeddable":true,"href":"https:\/\/baralivres.ma\/index.php?rest_route=%2Fwp%2Fv2%2Fproduct_tag&post=14630"}],"curies":[{"name":"wp","href":"https:\/\/api.w.org\/{rel}","templated":true}]}}