{"id":14616,"date":"2023-10-26T15:35:51","date_gmt":"2023-10-26T14:35:51","guid":{"rendered":"https:\/\/baralivres.ma\/?post_type=product&#038;p=14616"},"modified":"2024-11-22T12:00:09","modified_gmt":"2024-11-22T11:00:09","slug":"le-sabre-dallah","status":"publish","type":"product","link":"https:\/\/baralivres.ma\/?product=le-sabre-dallah","title":{"rendered":"Le sabre d&rsquo;Allah"},"content":{"rendered":"<p>Il y a quatorze si\u00e8cles, un homme qui avait re\u00e7u une r\u00e9v\u00e9lation divine commen\u00e7a \u00e0 pr\u00eacher dans des r\u00e9gions d\u00e9sertiques. Cet homme \u00e9tait Muhammad. Quarante ans apr\u00e8s son d\u00e9c\u00e8s, son influence s&rsquo;\u00e9tendait d&rsquo;un oc\u00e9an \u00e0 l&rsquo;autre, engendrant de nombreux conflits, o\u00f9 les enjeux politiques pr\u00e9valurent peu \u00e0 peu sur les aspects religieux, donnant naissance \u00e0 une entit\u00e9 redoutable telle que Daech. Gilbert Sinou\u00e9, avec son don narratif exceptionnel, nous offre les cl\u00e9s essentielles pour appr\u00e9hender la religion de l&rsquo;islam.<\/p>\n","protected":false},"excerpt":{"rendered":"<p>Muhammad&rsquo;s divine revelation led to Islam&rsquo;s growth and eventual political conflicts, as explored by Gilbert Sinou\u00e9.<\/p>\n","protected":false},"featured_media":14620,"comment_status":"open","ping_status":"closed","template":"","meta":{"inline_featured_image":false},"product_cat":[3873,143],"product_tag":[],"class_list":{"0":"post-14616","1":"product","2":"type-product","3":"status-publish","4":"has-post-thumbnail","6":"product_cat-roman-en-francais","7":"product_cat-roman","8":"pa_auteurs-gilbert-sinoue","10":"first","11":"instock","12":"shipping-taxable","13":"purchasable","14":"product-type-simple"},"_links":{"self":[{"href":"https:\/\/baralivres.ma\/index.php?rest_route=\/wp\/v2\/product\/14616","targetHints":{"allow":["GET"]}}],"collection":[{"href":"https:\/\/baralivres.ma\/index.php?rest_route=\/wp\/v2\/product"}],"about":[{"href":"https:\/\/baralivres.ma\/index.php?rest_route=\/wp\/v2\/types\/product"}],"replies":[{"embeddable":true,"href":"https:\/\/baralivres.ma\/index.php?rest_route=%2Fwp%2Fv2%2Fcomments&post=14616"}],"version-history":[{"count":1,"href":"https:\/\/baralivres.ma\/index.php?rest_route=\/wp\/v2\/product\/14616\/revisions"}],"predecessor-version":[{"id":14621,"href":"https:\/\/baralivres.ma\/index.php?rest_route=\/wp\/v2\/product\/14616\/revisions\/14621"}],"wp:featuredmedia":[{"embeddable":true,"href":"https:\/\/baralivres.ma\/index.php?rest_route=\/wp\/v2\/media\/14620"}],"wp:attachment":[{"href":"https:\/\/baralivres.ma\/index.php?rest_route=%2Fwp%2Fv2%2Fmedia&parent=14616"}],"wp:term":[{"taxonomy":"product_cat","embeddable":true,"href":"https:\/\/baralivres.ma\/index.php?rest_route=%2Fwp%2Fv2%2Fproduct_cat&post=14616"},{"taxonomy":"product_tag","embeddable":true,"href":"https:\/\/baralivres.ma\/index.php?rest_route=%2Fwp%2Fv2%2Fproduct_tag&post=14616"}],"curies":[{"name":"wp","href":"https:\/\/api.w.org\/{rel}","templated":true}]}}