{"id":14610,"date":"2023-10-26T15:32:15","date_gmt":"2023-10-26T14:32:15","guid":{"rendered":"https:\/\/baralivres.ma\/?post_type=product&#038;p=14610"},"modified":"2023-10-26T15:32:16","modified_gmt":"2023-10-26T14:32:16","slug":"le-faucon","status":"publish","type":"product","link":"https:\/\/baralivres.ma\/?product=le-faucon","title":{"rendered":"Le faucon"},"content":{"rendered":"<p>\u00ab\u00a0Ma naissance remonte au 6 mai 1918, ce qui me conf\u00e8re quatre-vingt-six ann\u00e9es d&rsquo;existence. Cependant, la v\u00e9ritable richesse r\u00e9side dans les mille ans de souvenirs qui habitent mon esprit. Assis en tailleur au sommet d&rsquo;une dune de sable, je me retrouve, comme \u00e0 l&rsquo;\u00e9poque de ma jeunesse pass\u00e9e parmi les B\u00e9douins de ma tribu, \u00e0 observer ces souvenirs d\u00e9filer en procession \u00e0 l&rsquo;horizon. Devant mes yeux, se dessinent des villes qui se sont tiss\u00e9es au fil du temps. Des gratte-ciel et des jardins ont pouss\u00e9 l\u00e0 o\u00f9 r\u00e9gnait autrefois le d\u00e9sert aride. Les palmiers se sont multipli\u00e9s, formant des nu\u00e9es de verdure. Des institutions \u00e9ducatives, des h\u00f4pitaux, des mus\u00e9es, et bien d&rsquo;autres r\u00eaves se sont concr\u00e9tis\u00e9s. J&rsquo;ai contribu\u00e9 \u00e0 faire \u00e9merger un pays des profondeurs du d\u00e9sert, un pays dont l&rsquo;Occident conna\u00eet le nom : le \u00ab\u00a0p\u00e8re de la Gazelle\u00a0\u00bb. En revanche, mon propre nom reste m\u00e9connu. Je suis Cheikh Zayed, et l&rsquo;extraordinaire destin que je partage avec vous est celui du p\u00e8re fondateur des \u00c9mirats arabes unis, un fervent humaniste. C&rsquo;est un portrait grandiose et une invitation enchanteresse \u00e0 un voyage \u00e0 travers les l\u00e9gendes du Moyen-Orient, que Gilbert Sinou\u00e9 nous offre.\u00a0\u00bb<\/p>\n","protected":false},"excerpt":{"rendered":"<p>Cheikh Zayed, fondateur des \u00c9mirats arabes unis, partage un extraordinaire destin dans ce r\u00e9cit envo\u00fbtant.<\/p>\n","protected":false},"featured_media":14613,"comment_status":"open","ping_status":"closed","template":"","meta":{"inline_featured_image":false},"product_cat":[204,143],"product_tag":[],"class_list":{"0":"post-14610","1":"product","2":"type-product","3":"status-publish","4":"has-post-thumbnail","6":"product_cat-francais","7":"product_cat-roman","8":"pa_auteurs-gilbert-sinoue","10":"first","11":"instock","12":"shipping-taxable","13":"purchasable","14":"product-type-simple"},"_links":{"self":[{"href":"https:\/\/baralivres.ma\/index.php?rest_route=\/wp\/v2\/product\/14610","targetHints":{"allow":["GET"]}}],"collection":[{"href":"https:\/\/baralivres.ma\/index.php?rest_route=\/wp\/v2\/product"}],"about":[{"href":"https:\/\/baralivres.ma\/index.php?rest_route=\/wp\/v2\/types\/product"}],"replies":[{"embeddable":true,"href":"https:\/\/baralivres.ma\/index.php?rest_route=%2Fwp%2Fv2%2Fcomments&post=14610"}],"version-history":[{"count":1,"href":"https:\/\/baralivres.ma\/index.php?rest_route=\/wp\/v2\/product\/14610\/revisions"}],"predecessor-version":[{"id":14614,"href":"https:\/\/baralivres.ma\/index.php?rest_route=\/wp\/v2\/product\/14610\/revisions\/14614"}],"wp:featuredmedia":[{"embeddable":true,"href":"https:\/\/baralivres.ma\/index.php?rest_route=\/wp\/v2\/media\/14613"}],"wp:attachment":[{"href":"https:\/\/baralivres.ma\/index.php?rest_route=%2Fwp%2Fv2%2Fmedia&parent=14610"}],"wp:term":[{"taxonomy":"product_cat","embeddable":true,"href":"https:\/\/baralivres.ma\/index.php?rest_route=%2Fwp%2Fv2%2Fproduct_cat&post=14610"},{"taxonomy":"product_tag","embeddable":true,"href":"https:\/\/baralivres.ma\/index.php?rest_route=%2Fwp%2Fv2%2Fproduct_tag&post=14610"}],"curies":[{"name":"wp","href":"https:\/\/api.w.org\/{rel}","templated":true}]}}