{"id":14609,"date":"2023-10-26T15:32:52","date_gmt":"2023-10-26T14:32:52","guid":{"rendered":"https:\/\/baralivres.ma\/?post_type=product&#038;p=14609"},"modified":"2023-10-26T15:32:53","modified_gmt":"2023-10-26T14:32:53","slug":"lauberge-des-pauvres","status":"publish","type":"product","link":"https:\/\/baralivres.ma\/?product=lauberge-des-pauvres","title":{"rendered":"L&rsquo;Auberge des pauvres"},"content":{"rendered":"<p>n universitaire marocain insatisfait de sa vie conjugale et professionnelle est s\u00e9lectionn\u00e9 par la mairie de Naples pour \u00e9crire un portrait de la ville. \u00c0 son arriv\u00e9e, il se retrouve confront\u00e9 \u00e0 un \u00e9difice extraordinaire, l&rsquo;Auberge des Pauvres, dans un \u00e9tat de d\u00e9labrement impressionnant. Sa rencontre avec la Vieille, la derni\u00e8re r\u00e9sidente de l&rsquo;endroit, le conduit dans un labyrinthe de contes pittoresques et flamboyants, ouvrant la porte \u00e0 un monde de d\u00e9couvertes et d&rsquo;imaginaire.<\/p>\n<p>Tahar Ben Jelloun, \u00e9crivain d&rsquo;origine marocaine, est reconnu mondialement pour ses \u0153uvres litt\u00e9raires. N\u00e9 \u00e0 F\u00e8s en 1944, il a \u00e9crit une vari\u00e9t\u00e9 de romans, d&rsquo;essais et de recueils de po\u00e9sie. En 2004, il a re\u00e7u le prestigieux prix international IMPAC pour son ouvrage \u00ab\u00a0Cette aveuglante absence de lumi\u00e8re,\u00a0\u00bb \u00e9galement disponible en format Poche.<\/p>\n","protected":false},"excerpt":{"rendered":"<p>Dans le r\u00e9cit de Tahar Ben Jelloun, un universitaire marocain, las de sa vie, d\u00e9couvre Naples et ses contes.<\/p>\n","protected":false},"featured_media":14615,"comment_status":"open","ping_status":"closed","template":"","meta":{"inline_featured_image":false},"product_cat":[204,143],"product_tag":[],"class_list":{"0":"post-14609","1":"product","2":"type-product","3":"status-publish","4":"has-post-thumbnail","6":"product_cat-francais","7":"product_cat-roman","8":"pa_auteurs-tahar-ben-jelloun","10":"first","11":"instock","12":"shipping-taxable","13":"purchasable","14":"product-type-simple"},"_links":{"self":[{"href":"https:\/\/baralivres.ma\/index.php?rest_route=\/wp\/v2\/product\/14609","targetHints":{"allow":["GET"]}}],"collection":[{"href":"https:\/\/baralivres.ma\/index.php?rest_route=\/wp\/v2\/product"}],"about":[{"href":"https:\/\/baralivres.ma\/index.php?rest_route=\/wp\/v2\/types\/product"}],"replies":[{"embeddable":true,"href":"https:\/\/baralivres.ma\/index.php?rest_route=%2Fwp%2Fv2%2Fcomments&post=14609"}],"version-history":[{"count":1,"href":"https:\/\/baralivres.ma\/index.php?rest_route=\/wp\/v2\/product\/14609\/revisions"}],"predecessor-version":[{"id":14617,"href":"https:\/\/baralivres.ma\/index.php?rest_route=\/wp\/v2\/product\/14609\/revisions\/14617"}],"wp:featuredmedia":[{"embeddable":true,"href":"https:\/\/baralivres.ma\/index.php?rest_route=\/wp\/v2\/media\/14615"}],"wp:attachment":[{"href":"https:\/\/baralivres.ma\/index.php?rest_route=%2Fwp%2Fv2%2Fmedia&parent=14609"}],"wp:term":[{"taxonomy":"product_cat","embeddable":true,"href":"https:\/\/baralivres.ma\/index.php?rest_route=%2Fwp%2Fv2%2Fproduct_cat&post=14609"},{"taxonomy":"product_tag","embeddable":true,"href":"https:\/\/baralivres.ma\/index.php?rest_route=%2Fwp%2Fv2%2Fproduct_tag&post=14609"}],"curies":[{"name":"wp","href":"https:\/\/api.w.org\/{rel}","templated":true}]}}