{"id":14601,"date":"2023-10-26T15:28:47","date_gmt":"2023-10-26T14:28:47","guid":{"rendered":"https:\/\/baralivres.ma\/?post_type=product&#038;p=14601"},"modified":"2023-10-26T15:28:47","modified_gmt":"2023-10-26T14:28:47","slug":"le-dernier-ami","status":"publish","type":"product","link":"https:\/\/baralivres.ma\/?product=le-dernier-ami","title":{"rendered":"Le Dernier ami"},"content":{"rendered":"<p>Mamed et Ali se lient au lyc\u00e9e fran\u00e7ais de Tanger, partageant une amiti\u00e9 profonde malgr\u00e9 les \u00e9preuves. Tahar Ben Jelloun, \u00e9crivain marocain, est c\u00e9l\u00e8bre pour sa diversit\u00e9 litt\u00e9raire. Laur\u00e9at du prix Goncourt pour \u00ab\u00a0La Nuit sacr\u00e9e\u00a0\u00bb, son roman \u00e9voque une amiti\u00e9 sinc\u00e8re et \u00e9mouvante, \u00e9vitant toute mi\u00e8vrerie sentimentale.<\/p>\n","protected":false},"excerpt":{"rendered":"<p>\u00c0 Tanger, Mamed et Ali forment une amiti\u00e9 durable traversant \u00e9preuves, jalousie, trahison dans le r\u00e9cit de Tahar Ben Jelloun.<\/p>\n","protected":false},"featured_media":14605,"comment_status":"open","ping_status":"closed","template":"","meta":{"inline_featured_image":false},"product_cat":[204,143],"product_tag":[],"class_list":{"0":"post-14601","1":"product","2":"type-product","3":"status-publish","4":"has-post-thumbnail","6":"product_cat-francais","7":"product_cat-roman","8":"pa_auteurs-tahar-ben-jelloun","10":"first","11":"instock","12":"shipping-taxable","13":"purchasable","14":"product-type-simple"},"_links":{"self":[{"href":"https:\/\/baralivres.ma\/index.php?rest_route=\/wp\/v2\/product\/14601","targetHints":{"allow":["GET"]}}],"collection":[{"href":"https:\/\/baralivres.ma\/index.php?rest_route=\/wp\/v2\/product"}],"about":[{"href":"https:\/\/baralivres.ma\/index.php?rest_route=\/wp\/v2\/types\/product"}],"replies":[{"embeddable":true,"href":"https:\/\/baralivres.ma\/index.php?rest_route=%2Fwp%2Fv2%2Fcomments&post=14601"}],"version-history":[{"count":1,"href":"https:\/\/baralivres.ma\/index.php?rest_route=\/wp\/v2\/product\/14601\/revisions"}],"predecessor-version":[{"id":14606,"href":"https:\/\/baralivres.ma\/index.php?rest_route=\/wp\/v2\/product\/14601\/revisions\/14606"}],"wp:featuredmedia":[{"embeddable":true,"href":"https:\/\/baralivres.ma\/index.php?rest_route=\/wp\/v2\/media\/14605"}],"wp:attachment":[{"href":"https:\/\/baralivres.ma\/index.php?rest_route=%2Fwp%2Fv2%2Fmedia&parent=14601"}],"wp:term":[{"taxonomy":"product_cat","embeddable":true,"href":"https:\/\/baralivres.ma\/index.php?rest_route=%2Fwp%2Fv2%2Fproduct_cat&post=14601"},{"taxonomy":"product_tag","embeddable":true,"href":"https:\/\/baralivres.ma\/index.php?rest_route=%2Fwp%2Fv2%2Fproduct_tag&post=14601"}],"curies":[{"name":"wp","href":"https:\/\/api.w.org\/{rel}","templated":true}]}}