{"id":14598,"date":"2023-10-26T15:31:32","date_gmt":"2023-10-26T14:31:32","guid":{"rendered":"https:\/\/baralivres.ma\/?post_type=product&#038;p=14598"},"modified":"2023-10-26T15:31:33","modified_gmt":"2023-10-26T14:31:33","slug":"trilogie-new-yorkaise","status":"publish","type":"product","link":"https:\/\/baralivres.ma\/?product=trilogie-new-yorkaise","title":{"rendered":"Trilogie new-yorkaise"},"content":{"rendered":"<p>Parmi les nombreuses qualit\u00e9s qui expliquent le succ\u00e8s de la \u00ab\u00a0Trilogie new-yorkaise\u00a0\u00bb, l&rsquo;art de la narration se d\u00e9marque incontestablement. Il suffit de plonger dans la premi\u00e8re phrase de l&rsquo;un de ces trois romans pour \u00eatre imm\u00e9diatement emport\u00e9 dans les \u00e9v\u00e9nements de l&rsquo;intrigue, tout en \u00e9tant captiv\u00e9 par les aventures des personnages jusqu&rsquo;\u00e0 en ressentir le vertige. Cependant, rapidement, le thriller se transforme en une qu\u00eate m\u00e9taphysique, et la ville, vaste et insaisissable, devient un \u00e9norme plateau de jeu o\u00f9 Auster positionne habilement ses pi\u00e8ces pour nous parler plus profond\u00e9ment de la notion de perte de contr\u00f4le.<\/p>\n","protected":false},"excerpt":{"rendered":"<p>L&rsquo;art narratif de la \u00ab\u00a0Trilogie new-yorkaise\u00a0\u00bb captive, transformant thriller en qu\u00eate m\u00e9taphysique, explorant d\u00e9possession urbaine.<\/p>\n","protected":false},"featured_media":14604,"comment_status":"open","ping_status":"closed","template":"","meta":{"inline_featured_image":false},"product_cat":[204,143],"product_tag":[],"class_list":{"0":"post-14598","1":"product","2":"type-product","3":"status-publish","4":"has-post-thumbnail","6":"product_cat-francais","7":"product_cat-roman","8":"pa_auteurs-paul-auster","10":"first","11":"instock","12":"shipping-taxable","13":"purchasable","14":"product-type-simple"},"_links":{"self":[{"href":"https:\/\/baralivres.ma\/index.php?rest_route=\/wp\/v2\/product\/14598","targetHints":{"allow":["GET"]}}],"collection":[{"href":"https:\/\/baralivres.ma\/index.php?rest_route=\/wp\/v2\/product"}],"about":[{"href":"https:\/\/baralivres.ma\/index.php?rest_route=\/wp\/v2\/types\/product"}],"replies":[{"embeddable":true,"href":"https:\/\/baralivres.ma\/index.php?rest_route=%2Fwp%2Fv2%2Fcomments&post=14598"}],"version-history":[{"count":1,"href":"https:\/\/baralivres.ma\/index.php?rest_route=\/wp\/v2\/product\/14598\/revisions"}],"predecessor-version":[{"id":14611,"href":"https:\/\/baralivres.ma\/index.php?rest_route=\/wp\/v2\/product\/14598\/revisions\/14611"}],"wp:featuredmedia":[{"embeddable":true,"href":"https:\/\/baralivres.ma\/index.php?rest_route=\/wp\/v2\/media\/14604"}],"wp:attachment":[{"href":"https:\/\/baralivres.ma\/index.php?rest_route=%2Fwp%2Fv2%2Fmedia&parent=14598"}],"wp:term":[{"taxonomy":"product_cat","embeddable":true,"href":"https:\/\/baralivres.ma\/index.php?rest_route=%2Fwp%2Fv2%2Fproduct_cat&post=14598"},{"taxonomy":"product_tag","embeddable":true,"href":"https:\/\/baralivres.ma\/index.php?rest_route=%2Fwp%2Fv2%2Fproduct_tag&post=14598"}],"curies":[{"name":"wp","href":"https:\/\/api.w.org\/{rel}","templated":true}]}}