{"id":14594,"date":"2023-10-26T15:23:19","date_gmt":"2023-10-26T14:23:19","guid":{"rendered":"https:\/\/baralivres.ma\/?post_type=product&#038;p=14594"},"modified":"2023-10-26T15:23:19","modified_gmt":"2023-10-26T14:23:19","slug":"lalchimiste","status":"publish","type":"product","link":"https:\/\/baralivres.ma\/?product=lalchimiste","title":{"rendered":"L&rsquo;Alchimiste"},"content":{"rendered":"<p>Santiago, un berger andalou de jeunesse, se lance dans une qu\u00eate \u00e0 la recherche d&rsquo;un tr\u00e9sor cach\u00e9 aux pieds des Pyramides. Pendant son p\u00e9riple dans le d\u00e9sert, il croise la route de l&rsquo;Alchimiste, qui lui enseigne l&rsquo;importance d&rsquo;\u00e9couter son c\u0153ur, de d\u00e9chiffrer les signes du destin, et surtout, de poursuivre ses r\u00eaves jusqu&rsquo;au bout. Ce conte philosophique captivant s&rsquo;adresse \u00e0 la part int\u00e9rieure d&rsquo;enfant pr\u00e9sente en chaque individu, et il a d\u00e9j\u00e0 laiss\u00e9 une empreinte ind\u00e9l\u00e9bile sur toute une g\u00e9n\u00e9ration de lecteurs.<\/p>\n","protected":false},"excerpt":{"rendered":"<p>Jeune berger Santiago cherche tr\u00e9sor pr\u00e8s Pyramides, rencontre Alchimiste, apprend \u00e0 suivre r\u00eaves, \u00e9couter c\u0153ur, lire signes destin.<\/p>\n","protected":false},"featured_media":14600,"comment_status":"open","ping_status":"closed","template":"","meta":{"inline_featured_image":false},"product_cat":[204,143],"product_tag":[],"class_list":{"0":"post-14594","1":"product","2":"type-product","3":"status-publish","4":"has-post-thumbnail","6":"product_cat-francais","7":"product_cat-roman","8":"pa_auteurs-paulo-coelho","10":"first","11":"instock","12":"shipping-taxable","13":"purchasable","14":"product-type-simple"},"_links":{"self":[{"href":"https:\/\/baralivres.ma\/index.php?rest_route=\/wp\/v2\/product\/14594","targetHints":{"allow":["GET"]}}],"collection":[{"href":"https:\/\/baralivres.ma\/index.php?rest_route=\/wp\/v2\/product"}],"about":[{"href":"https:\/\/baralivres.ma\/index.php?rest_route=\/wp\/v2\/types\/product"}],"replies":[{"embeddable":true,"href":"https:\/\/baralivres.ma\/index.php?rest_route=%2Fwp%2Fv2%2Fcomments&post=14594"}],"version-history":[{"count":1,"href":"https:\/\/baralivres.ma\/index.php?rest_route=\/wp\/v2\/product\/14594\/revisions"}],"predecessor-version":[{"id":14602,"href":"https:\/\/baralivres.ma\/index.php?rest_route=\/wp\/v2\/product\/14594\/revisions\/14602"}],"wp:featuredmedia":[{"embeddable":true,"href":"https:\/\/baralivres.ma\/index.php?rest_route=\/wp\/v2\/media\/14600"}],"wp:attachment":[{"href":"https:\/\/baralivres.ma\/index.php?rest_route=%2Fwp%2Fv2%2Fmedia&parent=14594"}],"wp:term":[{"taxonomy":"product_cat","embeddable":true,"href":"https:\/\/baralivres.ma\/index.php?rest_route=%2Fwp%2Fv2%2Fproduct_cat&post=14594"},{"taxonomy":"product_tag","embeddable":true,"href":"https:\/\/baralivres.ma\/index.php?rest_route=%2Fwp%2Fv2%2Fproduct_tag&post=14594"}],"curies":[{"name":"wp","href":"https:\/\/api.w.org\/{rel}","templated":true}]}}